{"id":9029,"date":"2025-10-27T12:30:56","date_gmt":"2025-10-27T11:30:56","guid":{"rendered":"https:\/\/artglassmurano.com\/?post_type=product&#038;p=9029"},"modified":"2025-10-27T12:59:16","modified_gmt":"2025-10-27T11:59:16","slug":"testa-di-ippopotamo-cristallo-iridescente-copy","status":"publish","type":"product","link":"https:\/\/artglassmurano.com\/it\/prodotto\/testa-di-ippopotamo-cristallo-iridescente-copy\/","title":{"rendered":"Ippopotamo Nero e Cristallo"},"content":{"rendered":"","protected":false},"excerpt":{"rendered":"<p data-start=\"3525\" data-end=\"3913\">Porta un tocco di eleganza esotica nella tua casa con questa straordinaria scultura di ippopotamo, un pezzo unico realizzato a mano in vetro di Murano massiccio, in un\u2019affascinante combinazione di cristallo trasparente e nero. La superficie \u00e8 delicatamente ricoperta di polveri di vetro nere iridescenti, creando un gioco di riflessi arcobaleno che mutano con la luce.<\/p>\n<p data-start=\"3915\" data-end=\"4350\">Celebrazione dell\u2019arte senza tempo di Murano, questa scultura reinterpreta con sofisticata modernit\u00e0 la tradizione degli animali in vetro. Il contrasto tra trasparenza e opacit\u00e0, tra luce e ombra, dona alla figura vitalit\u00e0 e profondit\u00e0 scultorea. Dettagliata e raffinata, cattura al tempo stesso la forza e la serenit\u00e0 del suo soggetto, diventando un pezzo d\u2019arredo d\u2019eccezione per consolle, tavolo da pranzo o vetrina da collezione.<\/p>\n<p data-start=\"4352\" data-end=\"4444\">Colore: trasparente, nero, nero iridescente<br data-start=\"4395\" data-end=\"4398\" \/>Dimensioni: H 15\u00d724\u00d711 cm \/ H 5,9&#8243;\u00d79,4&#8243;\u00d74,3&#8243;<\/p>\n","protected":false},"featured_media":9037,"comment_status":"open","ping_status":"closed","template":"","meta":{"site-sidebar-layout":"default","site-content-layout":"default","ast-site-content-layout":"default","site-content-style":"default","site-sidebar-style":"default","ast-global-header-display":"","ast-banner-title-visibility":"","ast-main-header-display":"","ast-hfb-above-header-display":"","ast-hfb-below-header-display":"","ast-hfb-mobile-header-display":"","site-post-title":"","ast-breadcrumbs-content":"","ast-featured-img":"","footer-sml-layout":"","theme-transparent-header-meta":"default","adv-header-id-meta":"","stick-header-meta":"default","header-above-stick-meta":"","header-main-stick-meta":"","header-below-stick-meta":"","astra-migrate-meta-layouts":"default","ast-page-background-enabled":"default","ast-page-background-meta":{"desktop":{"background-color":"","background-image":"","background-repeat":"repeat","background-position":"center center","background-size":"auto","background-attachment":"scroll","background-type":"","background-media":"","overlay-type":"","overlay-color":"","overlay-gradient":""},"tablet":{"background-color":"","background-image":"","background-repeat":"repeat","background-position":"center center","background-size":"auto","background-attachment":"scroll","background-type":"","background-media":"","overlay-type":"","overlay-color":"","overlay-gradient":""},"mobile":{"background-color":"","background-image":"","background-repeat":"repeat","background-position":"center center","background-size":"auto","background-attachment":"scroll","background-type":"","background-media":"","overlay-type":"","overlay-color":"","overlay-gradient":""}},"ast-content-background-meta":{"desktop":{"background-color":"var(--ast-global-color-5)","background-image":"","background-repeat":"repeat","background-position":"center center","background-size":"auto","background-attachment":"scroll","background-type":"","background-media":"","overlay-type":"","overlay-color":"","overlay-gradient":""},"tablet":{"background-color":"var(--ast-global-color-5)","background-image":"","background-repeat":"repeat","background-position":"center center","background-size":"auto","background-attachment":"scroll","background-type":"","background-media":"","overlay-type":"","overlay-color":"","overlay-gradient":""},"mobile":{"background-color":"var(--ast-global-color-5)","background-image":"","background-repeat":"repeat","background-position":"center center","background-size":"auto","background-attachment":"scroll","background-type":"","background-media":"","overlay-type":"","overlay-color":"","overlay-gradient":""}}},"product_cat":[271],"product_tag":[811,705,875,473,650],"class_list":{"0":"post-9029","1":"product","2":"type-product","3":"status-publish","4":"has-post-thumbnail","6":"product_cat-sculture","7":"product_tag-animali-in-vetro","8":"product_tag-nero","9":"product_tag-nero-iridescente","10":"product_tag-seguso-vetri-darte-it","11":"product_tag-trasparente-it-3","12":"desktop-align-center","13":"tablet-align-center","14":"mobile-align-center","15":"ast-product-gallery-layout-horizontal","16":"ast-product-tabs-layout-horizontal","17":"ast-qv-on-image","19":"first","20":"instock","21":"downloadable","22":"sold-individually","23":"taxable","24":"shipping-taxable","25":"purchasable","26":"product-type-simple"},"_links":{"self":[{"href":"https:\/\/artglassmurano.com\/it\/wp-json\/wp\/v2\/product\/9029","targetHints":{"allow":["GET"]}}],"collection":[{"href":"https:\/\/artglassmurano.com\/it\/wp-json\/wp\/v2\/product"}],"about":[{"href":"https:\/\/artglassmurano.com\/it\/wp-json\/wp\/v2\/types\/product"}],"replies":[{"embeddable":true,"href":"https:\/\/artglassmurano.com\/it\/wp-json\/wp\/v2\/comments?post=9029"}],"wp:featuredmedia":[{"embeddable":true,"href":"https:\/\/artglassmurano.com\/it\/wp-json\/wp\/v2\/media\/9037"}],"wp:attachment":[{"href":"https:\/\/artglassmurano.com\/it\/wp-json\/wp\/v2\/media?parent=9029"}],"wp:term":[{"taxonomy":"product_cat","embeddable":true,"href":"https:\/\/artglassmurano.com\/it\/wp-json\/wp\/v2\/product_cat?post=9029"},{"taxonomy":"product_tag","embeddable":true,"href":"https:\/\/artglassmurano.com\/it\/wp-json\/wp\/v2\/product_tag?post=9029"}],"curies":[{"name":"wp","href":"https:\/\/api.w.org\/{rel}","templated":true}]}}