{"id":8416,"date":"2025-09-08T14:16:40","date_gmt":"2025-09-08T12:16:40","guid":{"rendered":"https:\/\/artglassmurano.com\/?post_type=product&#038;p=8416"},"modified":"2025-09-08T14:32:46","modified_gmt":"2025-09-08T12:32:46","slug":"palma-cristallo-medium-copy","status":"publish","type":"product","link":"https:\/\/artglassmurano.com\/it\/prodotto\/palma-cristallo-medium-copy\/","title":{"rendered":"Pumo Cristallo Oro"},"content":{"rendered":"","protected":false},"excerpt":{"rendered":"<p data-start=\"49\" data-end=\"633\">Il Pumo, oggetto decorativo tradizionale originario della Puglia, \u00e8 molto pi\u00f9 di un semplice ornamento: \u00e8 un simbolo di buona fortuna, prosperit\u00e0, fertilit\u00e0 e nuovi inizi. Tradizionalmente regalato per esprimere i migliori auguri, racchiude energia positiva e intenzioni propizie. Sebbene solitamente realizzato in ceramica, questa reinterpretazione in vetro di Murano eleva il design classico: una base in cristallo trasparente sostiene una splendida parte superiore in vetro dorato trasparente, sagomata nella tradizionale forma a uovo e decorata con tre delicate foglie.<\/p>\n<p data-start=\"635\" data-end=\"949\">Questo pezzo \u00e8 perfetto per aggiungere un tocco di raffinata eleganza a qualsiasi ambiente, sia esposto su un camino, una mensola o una scrivania. \u00c8 inoltre un regalo significativo per matrimoni, inaugurazioni di casa o occasioni speciali, combinando maestria artigianale senza tempo e valore simbolico.<\/p>\n<p data-start=\"951\" data-end=\"1034\">Colore: cristallo, cristallo oro<br data-start=\"987\" data-end=\"990\" \/>Dimensioni: H 33 cm \u00d7 L 12 cm (13&#8243; \u00d7 4,7&#8243;)<\/p>\n","protected":false},"featured_media":8424,"comment_status":"open","ping_status":"closed","template":"","meta":{"site-sidebar-layout":"default","site-content-layout":"default","ast-site-content-layout":"default","site-content-style":"default","site-sidebar-style":"default","ast-global-header-display":"","ast-banner-title-visibility":"","ast-main-header-display":"","ast-hfb-above-header-display":"","ast-hfb-below-header-display":"","ast-hfb-mobile-header-display":"","site-post-title":"","ast-breadcrumbs-content":"","ast-featured-img":"","footer-sml-layout":"","theme-transparent-header-meta":"default","adv-header-id-meta":"","stick-header-meta":"default","header-above-stick-meta":"","header-main-stick-meta":"","header-below-stick-meta":"","astra-migrate-meta-layouts":"default","ast-page-background-enabled":"default","ast-page-background-meta":{"desktop":{"background-color":"","background-image":"","background-repeat":"repeat","background-position":"center center","background-size":"auto","background-attachment":"scroll","background-type":"","background-media":"","overlay-type":"","overlay-color":"","overlay-gradient":""},"tablet":{"background-color":"","background-image":"","background-repeat":"repeat","background-position":"center center","background-size":"auto","background-attachment":"scroll","background-type":"","background-media":"","overlay-type":"","overlay-color":"","overlay-gradient":""},"mobile":{"background-color":"","background-image":"","background-repeat":"repeat","background-position":"center center","background-size":"auto","background-attachment":"scroll","background-type":"","background-media":"","overlay-type":"","overlay-color":"","overlay-gradient":""}},"ast-content-background-meta":{"desktop":{"background-color":"var(--ast-global-color-5)","background-image":"","background-repeat":"repeat","background-position":"center center","background-size":"auto","background-attachment":"scroll","background-type":"","background-media":"","overlay-type":"","overlay-color":"","overlay-gradient":""},"tablet":{"background-color":"var(--ast-global-color-5)","background-image":"","background-repeat":"repeat","background-position":"center center","background-size":"auto","background-attachment":"scroll","background-type":"","background-media":"","overlay-type":"","overlay-color":"","overlay-gradient":""},"mobile":{"background-color":"var(--ast-global-color-5)","background-image":"","background-repeat":"repeat","background-position":"center center","background-size":"auto","background-attachment":"scroll","background-type":"","background-media":"","overlay-type":"","overlay-color":"","overlay-gradient":""}}},"product_cat":[264],"product_tag":[819,499,473,650],"class_list":{"0":"post-8416","1":"product","2":"type-product","3":"status-publish","4":"has-post-thumbnail","6":"product_cat-oggetti","7":"product_tag-esotico","8":"product_tag-oro-chiaro","9":"product_tag-seguso-vetri-darte-it","10":"product_tag-trasparente-it-3","11":"desktop-align-center","12":"tablet-align-center","13":"mobile-align-center","14":"ast-product-gallery-layout-horizontal","15":"ast-product-tabs-layout-horizontal","16":"ast-qv-on-image","18":"first","19":"instock","20":"downloadable","21":"sold-individually","22":"taxable","23":"shipping-taxable","24":"purchasable","25":"product-type-simple"},"_links":{"self":[{"href":"https:\/\/artglassmurano.com\/it\/wp-json\/wp\/v2\/product\/8416","targetHints":{"allow":["GET"]}}],"collection":[{"href":"https:\/\/artglassmurano.com\/it\/wp-json\/wp\/v2\/product"}],"about":[{"href":"https:\/\/artglassmurano.com\/it\/wp-json\/wp\/v2\/types\/product"}],"replies":[{"embeddable":true,"href":"https:\/\/artglassmurano.com\/it\/wp-json\/wp\/v2\/comments?post=8416"}],"wp:featuredmedia":[{"embeddable":true,"href":"https:\/\/artglassmurano.com\/it\/wp-json\/wp\/v2\/media\/8424"}],"wp:attachment":[{"href":"https:\/\/artglassmurano.com\/it\/wp-json\/wp\/v2\/media?parent=8416"}],"wp:term":[{"taxonomy":"product_cat","embeddable":true,"href":"https:\/\/artglassmurano.com\/it\/wp-json\/wp\/v2\/product_cat?post=8416"},{"taxonomy":"product_tag","embeddable":true,"href":"https:\/\/artglassmurano.com\/it\/wp-json\/wp\/v2\/product_tag?post=8416"}],"curies":[{"name":"wp","href":"https:\/\/api.w.org\/{rel}","templated":true}]}}