{"id":7122,"date":"2025-06-25T14:57:01","date_gmt":"2025-06-25T12:57:01","guid":{"rendered":"https:\/\/artglassmurano.com\/?post_type=product&#038;p=7122"},"modified":"2025-07-03T14:25:37","modified_gmt":"2025-07-03T12:25:37","slug":"vaso-craquele-ambra-copy-copy-copy-copy-copy-copy","status":"publish","type":"product","link":"https:\/\/artglassmurano.com\/it\/prodotto\/vaso-craquele-ambra-copy-copy-copy-copy-copy-copy\/","title":{"rendered":"Vaso Craquel\u00e8 giallo"},"content":{"rendered":"","protected":false},"excerpt":{"rendered":"<p>La collezione Craquel\u00e9 combina la tecnica del vetro Sommerso a pi\u00f9 strati, tipica di Seguso e vincitrice del Compasso d&#8217;Oro nel 1954, con l&#8217;effetto Craquel\u00e9, ottenuto immergendo il vetro incandescente in acqua fredda, creando una texture unica sulla superficie che rende ogni pezzo unico nel suo genere.<\/p>\n<p>Questo vaso presenta uno strato bianco incamiciato giallo opaco, sommerso verde nord e vetro trasparente.<\/p>\n<p>Colore: giallo, verde nord, cristallo trasparente.<br \/>\nDimensioni: H 20 cm x 20 cm x 9 cm (H 8\u201d x 8\u201d x 3.5\u201d)<\/p>\n","protected":false},"featured_media":7130,"comment_status":"open","ping_status":"closed","template":"","meta":{"site-sidebar-layout":"default","site-content-layout":"default","ast-site-content-layout":"default","site-content-style":"default","site-sidebar-style":"default","ast-global-header-display":"","ast-banner-title-visibility":"","ast-main-header-display":"","ast-hfb-above-header-display":"","ast-hfb-below-header-display":"","ast-hfb-mobile-header-display":"","site-post-title":"","ast-breadcrumbs-content":"","ast-featured-img":"","footer-sml-layout":"","theme-transparent-header-meta":"default","adv-header-id-meta":"","stick-header-meta":"default","header-above-stick-meta":"","header-main-stick-meta":"","header-below-stick-meta":"","astra-migrate-meta-layouts":"default","ast-page-background-enabled":"default","ast-page-background-meta":{"desktop":{"background-color":"","background-image":"","background-repeat":"repeat","background-position":"center center","background-size":"auto","background-attachment":"scroll","background-type":"","background-media":"","overlay-type":"","overlay-color":"","overlay-gradient":""},"tablet":{"background-color":"","background-image":"","background-repeat":"repeat","background-position":"center center","background-size":"auto","background-attachment":"scroll","background-type":"","background-media":"","overlay-type":"","overlay-color":"","overlay-gradient":""},"mobile":{"background-color":"","background-image":"","background-repeat":"repeat","background-position":"center center","background-size":"auto","background-attachment":"scroll","background-type":"","background-media":"","overlay-type":"","overlay-color":"","overlay-gradient":""}},"ast-content-background-meta":{"desktop":{"background-color":"var(--ast-global-color-5)","background-image":"","background-repeat":"repeat","background-position":"center center","background-size":"auto","background-attachment":"scroll","background-type":"","background-media":"","overlay-type":"","overlay-color":"","overlay-gradient":""},"tablet":{"background-color":"var(--ast-global-color-5)","background-image":"","background-repeat":"repeat","background-position":"center center","background-size":"auto","background-attachment":"scroll","background-type":"","background-media":"","overlay-type":"","overlay-color":"","overlay-gradient":""},"mobile":{"background-color":"var(--ast-global-color-5)","background-image":"","background-repeat":"repeat","background-position":"center center","background-size":"auto","background-attachment":"scroll","background-type":"","background-media":"","overlay-type":"","overlay-color":"","overlay-gradient":""}}},"product_cat":[118],"product_tag":[731,741,780,200,473,653,650,157],"class_list":{"0":"post-7122","1":"product","2":"type-product","3":"status-publish","4":"has-post-thumbnail","6":"product_cat-vasi","7":"product_tag-craquele-it","8":"product_tag-giallo","9":"product_tag-incamiciato","10":"product_tag-moderno","11":"product_tag-seguso-vetri-darte-it","12":"product_tag-sommerso-it","13":"product_tag-trasparente-it-3","14":"product_tag-verde","15":"desktop-align-center","16":"tablet-align-center","17":"mobile-align-center","18":"ast-product-gallery-layout-horizontal","19":"ast-product-tabs-layout-horizontal","20":"ast-qv-on-image","22":"first","23":"instock","24":"downloadable","25":"sold-individually","26":"taxable","27":"shipping-taxable","28":"purchasable","29":"product-type-simple"},"_links":{"self":[{"href":"https:\/\/artglassmurano.com\/it\/wp-json\/wp\/v2\/product\/7122","targetHints":{"allow":["GET"]}}],"collection":[{"href":"https:\/\/artglassmurano.com\/it\/wp-json\/wp\/v2\/product"}],"about":[{"href":"https:\/\/artglassmurano.com\/it\/wp-json\/wp\/v2\/types\/product"}],"replies":[{"embeddable":true,"href":"https:\/\/artglassmurano.com\/it\/wp-json\/wp\/v2\/comments?post=7122"}],"wp:featuredmedia":[{"embeddable":true,"href":"https:\/\/artglassmurano.com\/it\/wp-json\/wp\/v2\/media\/7130"}],"wp:attachment":[{"href":"https:\/\/artglassmurano.com\/it\/wp-json\/wp\/v2\/media?parent=7122"}],"wp:term":[{"taxonomy":"product_cat","embeddable":true,"href":"https:\/\/artglassmurano.com\/it\/wp-json\/wp\/v2\/product_cat?post=7122"},{"taxonomy":"product_tag","embeddable":true,"href":"https:\/\/artglassmurano.com\/it\/wp-json\/wp\/v2\/product_tag?post=7122"}],"curies":[{"name":"wp","href":"https:\/\/api.w.org\/{rel}","templated":true}]}}