{"id":9094,"date":"2025-10-27T17:10:16","date_gmt":"2025-10-27T16:10:16","guid":{"rendered":"https:\/\/artglassmurano.com\/?post_type=product&#038;p=9094"},"modified":"2026-01-08T15:15:51","modified_gmt":"2026-01-08T14:15:51","slug":"poisson-en-cristal-clair-et-aqua-copy","status":"publish","type":"product","link":"https:\/\/artglassmurano.com\/fr\/produit\/poisson-en-cristal-clair-et-aqua-copy\/","title":{"rendered":"Poisson Scavo en cristal transparent"},"content":{"rendered":"","protected":false},"excerpt":{"rendered":"<p data-start=\"1411\" data-end=\"1598\">Apportez un art intemporel \u00e0 votre int\u00e9rieur avec cette exquise sculpture en verre faite \u00e0 la main, repr\u00e9sentant avec \u00e9l\u00e9gance un poisson pos\u00e9 sur son socle. R\u00e9alis\u00e9e en verre cristal transparent, cette \u0153uvre est finie selon la technique traditionnelle Scavo, un proc\u00e9d\u00e9 authentique de Murano qui recr\u00e9e le charme des tr\u00e9sors anciens exhum\u00e9s.<br data-start=\"1698\" data-end=\"1701\" \/>Par l\u2019application d\u2019un m\u00e9lange de poudres min\u00e9rales sur la surface du verre en fusion, la technique Scavo cr\u00e9e une texture mate subtilement vieillie, \u00e9voquant l\u2019attrait des objets d\u00e9couverts lors de fouilles arch\u00e9ologiques. Le r\u00e9sultat est une pi\u00e8ce \u00e0 la fois historique et contemporaine, incarnant l\u2019esprit de l\u2019artisanat v\u00e9nitien.<br data-start=\"2033\" data-end=\"2036\" \/>Cette r\u00e9interpr\u00e9tation d\u2019un motif muranais classique transforme un sujet traditionnel en un objet de collection unique, id\u00e9al pour apporter caract\u00e8re, profondeur et sophistication \u00e0 tout espace.<br data-start=\"2230\" data-end=\"2233\" \/>Couleur : transparent, blanc<br data-start=\"2265\" data-end=\"2268\" \/>Dimensions : H 26\u00d736\u00d78 cm | H 10.2&#8243;\u00d714.2&#8243;\u00d73.1&#8243;<\/p>\n","protected":false},"featured_media":9101,"comment_status":"open","ping_status":"closed","template":"","meta":{"site-sidebar-layout":"default","site-content-layout":"default","ast-site-content-layout":"default","site-content-style":"default","site-sidebar-style":"default","ast-global-header-display":"","ast-banner-title-visibility":"","ast-main-header-display":"","ast-hfb-above-header-display":"","ast-hfb-below-header-display":"","ast-hfb-mobile-header-display":"","site-post-title":"","ast-breadcrumbs-content":"","ast-featured-img":"","footer-sml-layout":"","theme-transparent-header-meta":"default","adv-header-id-meta":"","stick-header-meta":"default","header-above-stick-meta":"","header-main-stick-meta":"","header-below-stick-meta":"","astra-migrate-meta-layouts":"default","ast-page-background-enabled":"default","ast-page-background-meta":{"desktop":{"background-color":"","background-image":"","background-repeat":"repeat","background-position":"center center","background-size":"auto","background-attachment":"scroll","background-type":"","background-media":"","overlay-type":"","overlay-color":"","overlay-gradient":""},"tablet":{"background-color":"","background-image":"","background-repeat":"repeat","background-position":"center center","background-size":"auto","background-attachment":"scroll","background-type":"","background-media":"","overlay-type":"","overlay-color":"","overlay-gradient":""},"mobile":{"background-color":"","background-image":"","background-repeat":"repeat","background-position":"center center","background-size":"auto","background-attachment":"scroll","background-type":"","background-media":"","overlay-type":"","overlay-color":"","overlay-gradient":""}},"ast-content-background-meta":{"desktop":{"background-color":"var(--ast-global-color-5)","background-image":"","background-repeat":"repeat","background-position":"center center","background-size":"auto","background-attachment":"scroll","background-type":"","background-media":"","overlay-type":"","overlay-color":"","overlay-gradient":""},"tablet":{"background-color":"var(--ast-global-color-5)","background-image":"","background-repeat":"repeat","background-position":"center center","background-size":"auto","background-attachment":"scroll","background-type":"","background-media":"","overlay-type":"","overlay-color":"","overlay-gradient":""},"mobile":{"background-color":"var(--ast-global-color-5)","background-image":"","background-repeat":"repeat","background-position":"center center","background-size":"auto","background-attachment":"scroll","background-type":"","background-media":"","overlay-type":"","overlay-color":"","overlay-gradient":""}}},"product_cat":[272],"product_tag":[809,193,906,485,640],"class_list":{"0":"post-9094","1":"product","2":"type-product","3":"status-publish","4":"has-post-thumbnail","6":"product_cat-sculptures-fr","7":"product_tag-animaux-en-verre","8":"product_tag-blanc","9":"product_tag-scavo-fr","10":"product_tag-seguso-vetri-darte-fr","11":"product_tag-transparent-fr-2","12":"desktop-align-center","13":"tablet-align-center","14":"mobile-align-center","15":"ast-product-gallery-layout-horizontal","16":"ast-product-tabs-layout-horizontal","17":"ast-qv-on-image","19":"first","20":"instock","21":"downloadable","22":"sold-individually","23":"taxable","24":"shipping-taxable","25":"purchasable","26":"product-type-simple"},"_links":{"self":[{"href":"https:\/\/artglassmurano.com\/fr\/wp-json\/wp\/v2\/product\/9094","targetHints":{"allow":["GET"]}}],"collection":[{"href":"https:\/\/artglassmurano.com\/fr\/wp-json\/wp\/v2\/product"}],"about":[{"href":"https:\/\/artglassmurano.com\/fr\/wp-json\/wp\/v2\/types\/product"}],"replies":[{"embeddable":true,"href":"https:\/\/artglassmurano.com\/fr\/wp-json\/wp\/v2\/comments?post=9094"}],"wp:featuredmedia":[{"embeddable":true,"href":"https:\/\/artglassmurano.com\/fr\/wp-json\/wp\/v2\/media\/9101"}],"wp:attachment":[{"href":"https:\/\/artglassmurano.com\/fr\/wp-json\/wp\/v2\/media?parent=9094"}],"wp:term":[{"taxonomy":"product_cat","embeddable":true,"href":"https:\/\/artglassmurano.com\/fr\/wp-json\/wp\/v2\/product_cat?post=9094"},{"taxonomy":"product_tag","embeddable":true,"href":"https:\/\/artglassmurano.com\/fr\/wp-json\/wp\/v2\/product_tag?post=9094"}],"curies":[{"name":"wp","href":"https:\/\/api.w.org\/{rel}","templated":true}]}}