{"id":9053,"date":"2025-10-27T13:08:43","date_gmt":"2025-10-27T12:08:43","guid":{"rendered":"https:\/\/artglassmurano.com\/?post_type=product&#038;p=9053"},"modified":"2025-10-27T14:37:53","modified_gmt":"2025-10-27T13:37:53","slug":"hippopotame-noir-et-cristal-clair-copy","status":"publish","type":"product","link":"https:\/\/artglassmurano.com\/fr\/produit\/hippopotame-noir-et-cristal-clair-copy\/","title":{"rendered":"Poisson en cristal clair et aqua"},"content":{"rendered":"","protected":false},"excerpt":{"rendered":"<p data-start=\"1411\" data-end=\"1598\">\u00c9voquant la beaut\u00e9 sereine de la mer, cette sculpture de poisson sign\u00e9e <em data-start=\"1483\" data-end=\"1499\">Antonio da Ros<\/em> pour <em data-start=\"1505\" data-end=\"1515\">Cenedese<\/em> est fa\u00e7onn\u00e9e \u00e0 la main en verre cristal transparent et verre aqua marin immerg\u00e9.<\/p>\n<p data-start=\"1600\" data-end=\"1901\">L\u2019avant de la sculpture pr\u00e9sente un \u0153il en verre aqua lumineux entour\u00e9 de bulles d\u2019air suspendues, capturant la sensation de mouvement et de l\u00e9g\u00e8ret\u00e9 des profondeurs marines. La queue, orn\u00e9e de couches complexes de verre aqua immerg\u00e9 et de cristal iris\u00e9, ajoute profondeur et \u00e9clat \u00e0 la composition.<\/p>\n<p data-start=\"1903\" data-end=\"2130\">\u00c0 la fois contemporaine et intemporelle, cette pi\u00e8ce diffuse une tranquillit\u00e9 et une \u00e9l\u00e9gance raffin\u00e9e. Parfaite comme centre de table ou accent d\u00e9coratif dans un int\u00e9rieur moderne, une maison c\u00f4ti\u00e8re ou une collection d\u2019art.<\/p>\n<p data-start=\"2132\" data-end=\"2210\">Couleur : transparent, aqua<br data-start=\"2159\" data-end=\"2162\" \/>Dimensions : H 17\u00d743\u00d710 cm \/ H 6,7&#8243;\u00d716,9&#8243;\u00d73,9&#8243;<\/p>\n","protected":false},"featured_media":9060,"comment_status":"open","ping_status":"closed","template":"","meta":{"site-sidebar-layout":"default","site-content-layout":"default","ast-site-content-layout":"default","site-content-style":"default","site-sidebar-style":"default","ast-global-header-display":"","ast-banner-title-visibility":"","ast-main-header-display":"","ast-hfb-above-header-display":"","ast-hfb-below-header-display":"","ast-hfb-mobile-header-display":"","site-post-title":"","ast-breadcrumbs-content":"","ast-featured-img":"","footer-sml-layout":"","theme-transparent-header-meta":"default","adv-header-id-meta":"","stick-header-meta":"default","header-above-stick-meta":"","header-main-stick-meta":"","header-below-stick-meta":"","astra-migrate-meta-layouts":"default","ast-page-background-enabled":"default","ast-page-background-meta":{"desktop":{"background-color":"","background-image":"","background-repeat":"repeat","background-position":"center center","background-size":"auto","background-attachment":"scroll","background-type":"","background-media":"","overlay-type":"","overlay-color":"","overlay-gradient":""},"tablet":{"background-color":"","background-image":"","background-repeat":"repeat","background-position":"center center","background-size":"auto","background-attachment":"scroll","background-type":"","background-media":"","overlay-type":"","overlay-color":"","overlay-gradient":""},"mobile":{"background-color":"","background-image":"","background-repeat":"repeat","background-position":"center center","background-size":"auto","background-attachment":"scroll","background-type":"","background-media":"","overlay-type":"","overlay-color":"","overlay-gradient":""}},"ast-content-background-meta":{"desktop":{"background-color":"var(--ast-global-color-5)","background-image":"","background-repeat":"repeat","background-position":"center center","background-size":"auto","background-attachment":"scroll","background-type":"","background-media":"","overlay-type":"","overlay-color":"","overlay-gradient":""},"tablet":{"background-color":"var(--ast-global-color-5)","background-image":"","background-repeat":"repeat","background-position":"center center","background-size":"auto","background-attachment":"scroll","background-type":"","background-media":"","overlay-type":"","overlay-color":"","overlay-gradient":""},"mobile":{"background-color":"var(--ast-global-color-5)","background-image":"","background-repeat":"repeat","background-position":"center center","background-size":"auto","background-attachment":"scroll","background-type":"","background-media":"","overlay-type":"","overlay-color":"","overlay-gradient":""}}},"product_cat":[272],"product_tag":[809,639,884,643,640],"class_list":{"0":"post-9053","1":"product","2":"type-product","3":"status-publish","4":"has-post-thumbnail","6":"product_cat-sculptures-fr","7":"product_tag-animaux-en-verre","8":"product_tag-aqua-fr","9":"product_tag-cenedese-fr","10":"product_tag-submerge","11":"product_tag-transparent-fr-2","12":"desktop-align-center","13":"tablet-align-center","14":"mobile-align-center","15":"ast-product-gallery-layout-horizontal","16":"ast-product-tabs-layout-horizontal","17":"ast-qv-on-image","19":"first","20":"instock","21":"downloadable","22":"sold-individually","23":"taxable","24":"shipping-taxable","25":"product-type-simple"},"_links":{"self":[{"href":"https:\/\/artglassmurano.com\/fr\/wp-json\/wp\/v2\/product\/9053","targetHints":{"allow":["GET"]}}],"collection":[{"href":"https:\/\/artglassmurano.com\/fr\/wp-json\/wp\/v2\/product"}],"about":[{"href":"https:\/\/artglassmurano.com\/fr\/wp-json\/wp\/v2\/types\/product"}],"replies":[{"embeddable":true,"href":"https:\/\/artglassmurano.com\/fr\/wp-json\/wp\/v2\/comments?post=9053"}],"wp:featuredmedia":[{"embeddable":true,"href":"https:\/\/artglassmurano.com\/fr\/wp-json\/wp\/v2\/media\/9060"}],"wp:attachment":[{"href":"https:\/\/artglassmurano.com\/fr\/wp-json\/wp\/v2\/media?parent=9053"}],"wp:term":[{"taxonomy":"product_cat","embeddable":true,"href":"https:\/\/artglassmurano.com\/fr\/wp-json\/wp\/v2\/product_cat?post=9053"},{"taxonomy":"product_tag","embeddable":true,"href":"https:\/\/artglassmurano.com\/fr\/wp-json\/wp\/v2\/product_tag?post=9053"}],"curies":[{"name":"wp","href":"https:\/\/api.w.org\/{rel}","templated":true}]}}