{"id":8995,"date":"2025-10-27T11:54:04","date_gmt":"2025-10-27T10:54:04","guid":{"rendered":"https:\/\/artglassmurano.com\/?post_type=product&#038;p=8995"},"modified":"2025-10-27T12:18:57","modified_gmt":"2025-10-27T11:18:57","slug":"cristal-transparent-et-rubis-meduses-copy-2","status":"publish","type":"product","link":"https:\/\/artglassmurano.com\/fr\/produit\/cristal-transparent-et-rubis-meduses-copy-2\/","title":{"rendered":"T\u00eate d\u2019hippopotame transparente iridescente"},"content":{"rendered":"","protected":false},"excerpt":{"rendered":"<p data-start=\"1536\" data-end=\"1850\">Fa\u00e7onn\u00e9e \u00e0 la main en verre cristal transparent massif, cette sculpture repr\u00e9sente la t\u00eate d\u2019un hippopotame \u00e9mergeant puissamment de l\u2019eau. L\u2019eau elle-m\u00eame est rendue sous la forme d\u2019une base en verre solide, cr\u00e9ant une illusion fluide de mouvement et de profondeur qui accentue la pr\u00e9sence r\u00e9aliste de l\u2019animal.<\/p>\n<p data-start=\"1852\" data-end=\"2159\">Sa surface est d\u00e9licatement recouverte de poudres de verre noires iris\u00e9es, offrant un jeu fascinant de reflets arc-en-ciel \u00e9voquant la lumi\u00e8re chatoyante sur l\u2019eau ondoyante. Chaque d\u00e9tail, sculpt\u00e9 par les ma\u00eetres artisans de Murano, t\u00e9moigne de g\u00e9n\u00e9rations de technique raffin\u00e9e et de passion artistique.<\/p>\n<p data-start=\"2161\" data-end=\"2446\">Interpr\u00e9tation contemporaine de la longue tradition muranaise des animaux en verre, cette pi\u00e8ce incarne \u00e0 la fois force tranquille et \u00e9l\u00e9gance intemporelle. Id\u00e9ale comme \u0153uvre d\u2019accent dans les int\u00e9rieurs sophistiqu\u00e9s, elle rayonne de puissance apaisante et d\u2019un savoir-faire exquis.<\/p>\n<p data-start=\"2448\" data-end=\"2531\">Couleur : transparent, noir iris\u00e9<br data-start=\"2481\" data-end=\"2484\" \/>Dimensions : H 12\u00d713\u00d717 cm \/ H 4,7&#8243;\u00d75,1&#8243;\u00d76,7&#8243;<\/p>\n","protected":false},"featured_media":8969,"comment_status":"open","ping_status":"closed","template":"","meta":{"site-sidebar-layout":"default","site-content-layout":"default","ast-site-content-layout":"default","site-content-style":"default","site-sidebar-style":"default","ast-global-header-display":"","ast-banner-title-visibility":"","ast-main-header-display":"","ast-hfb-above-header-display":"","ast-hfb-below-header-display":"","ast-hfb-mobile-header-display":"","site-post-title":"","ast-breadcrumbs-content":"","ast-featured-img":"","footer-sml-layout":"","theme-transparent-header-meta":"default","adv-header-id-meta":"","stick-header-meta":"default","header-above-stick-meta":"","header-main-stick-meta":"","header-below-stick-meta":"","astra-migrate-meta-layouts":"default","ast-page-background-enabled":"default","ast-page-background-meta":{"desktop":{"background-color":"","background-image":"","background-repeat":"repeat","background-position":"center center","background-size":"auto","background-attachment":"scroll","background-type":"","background-media":"","overlay-type":"","overlay-color":"","overlay-gradient":""},"tablet":{"background-color":"","background-image":"","background-repeat":"repeat","background-position":"center center","background-size":"auto","background-attachment":"scroll","background-type":"","background-media":"","overlay-type":"","overlay-color":"","overlay-gradient":""},"mobile":{"background-color":"","background-image":"","background-repeat":"repeat","background-position":"center center","background-size":"auto","background-attachment":"scroll","background-type":"","background-media":"","overlay-type":"","overlay-color":"","overlay-gradient":""}},"ast-content-background-meta":{"desktop":{"background-color":"var(--ast-global-color-5)","background-image":"","background-repeat":"repeat","background-position":"center center","background-size":"auto","background-attachment":"scroll","background-type":"","background-media":"","overlay-type":"","overlay-color":"","overlay-gradient":""},"tablet":{"background-color":"var(--ast-global-color-5)","background-image":"","background-repeat":"repeat","background-position":"center center","background-size":"auto","background-attachment":"scroll","background-type":"","background-media":"","overlay-type":"","overlay-color":"","overlay-gradient":""},"mobile":{"background-color":"var(--ast-global-color-5)","background-image":"","background-repeat":"repeat","background-position":"center center","background-size":"auto","background-attachment":"scroll","background-type":"","background-media":"","overlay-type":"","overlay-color":"","overlay-gradient":""}}},"product_cat":[272],"product_tag":[809,873,485,640,866],"class_list":{"0":"post-8995","1":"product","2":"type-product","3":"status-publish","4":"has-post-thumbnail","6":"product_cat-sculptures-fr","7":"product_tag-animaux-en-verre","8":"product_tag-noir-irise","9":"product_tag-seguso-vetri-darte-fr","10":"product_tag-transparent-fr-2","11":"product_tag-verre-massif","12":"desktop-align-center","13":"tablet-align-center","14":"mobile-align-center","15":"ast-product-gallery-layout-horizontal","16":"ast-product-tabs-layout-horizontal","17":"ast-qv-on-image","19":"first","20":"instock","21":"downloadable","22":"sold-individually","23":"taxable","24":"shipping-taxable","25":"product-type-simple"},"_links":{"self":[{"href":"https:\/\/artglassmurano.com\/fr\/wp-json\/wp\/v2\/product\/8995","targetHints":{"allow":["GET"]}}],"collection":[{"href":"https:\/\/artglassmurano.com\/fr\/wp-json\/wp\/v2\/product"}],"about":[{"href":"https:\/\/artglassmurano.com\/fr\/wp-json\/wp\/v2\/types\/product"}],"replies":[{"embeddable":true,"href":"https:\/\/artglassmurano.com\/fr\/wp-json\/wp\/v2\/comments?post=8995"}],"wp:featuredmedia":[{"embeddable":true,"href":"https:\/\/artglassmurano.com\/fr\/wp-json\/wp\/v2\/media\/8969"}],"wp:attachment":[{"href":"https:\/\/artglassmurano.com\/fr\/wp-json\/wp\/v2\/media?parent=8995"}],"wp:term":[{"taxonomy":"product_cat","embeddable":true,"href":"https:\/\/artglassmurano.com\/fr\/wp-json\/wp\/v2\/product_cat?post=8995"},{"taxonomy":"product_tag","embeddable":true,"href":"https:\/\/artglassmurano.com\/fr\/wp-json\/wp\/v2\/product_tag?post=8995"}],"curies":[{"name":"wp","href":"https:\/\/api.w.org\/{rel}","templated":true}]}}