{"id":8921,"date":"2025-10-21T15:37:24","date_gmt":"2025-10-21T13:37:24","guid":{"rendered":"https:\/\/artglassmurano.com\/?post_type=product&#038;p=8921"},"modified":"2025-10-21T15:47:59","modified_gmt":"2025-10-21T13:47:59","slug":"chien-en-verre-rouge-copy","status":"publish","type":"product","link":"https:\/\/artglassmurano.com\/fr\/produit\/chien-en-verre-rouge-copy\/","title":{"rendered":"Cristal Transparent et Rubis M\u00e9duses"},"content":{"rendered":"","protected":false},"excerpt":{"rendered":"<p data-start=\"970\" data-end=\"1268\">Cette sculpture est r\u00e9alis\u00e9e en verre de cristal transparent solide, renfermant trois m\u00e9duses en verre de cristal et rubis. La technique de submersion cr\u00e9e un effet de suspension saisissant, accentu\u00e9 par la pr\u00e9sence de fines bulles d\u2019air pi\u00e9g\u00e9es dans le verre, simulant un environnement sous-marin.<\/p>\n<p data-start=\"1270\" data-end=\"1525\">Chaque m\u00e9duse, avec ses d\u00e9tails rubis vibrants soulignant la cloche et les tentacules, apporte une touche de couleur et une dynamique gracieuse \u00e0 l\u2019\u0153uvre. Une pi\u00e8ce unique qui combine transparence, lumi\u00e8re et couleur pour un r\u00e9sultat visuel \u00e9poustouflant.<\/p>\n<p data-start=\"1527\" data-end=\"1602\">Couleur : transparent, rubis<br data-start=\"1555\" data-end=\"1558\" \/>Dimensions : H 22\u00d716\u00d78 cm (H 8,7\u2033\u00d76,3\u2033\u00d73,1\u2033)<\/p>\n","protected":false},"featured_media":8928,"comment_status":"open","ping_status":"closed","template":"","meta":{"site-sidebar-layout":"default","site-content-layout":"default","ast-site-content-layout":"default","site-content-style":"default","site-sidebar-style":"default","ast-global-header-display":"","ast-banner-title-visibility":"","ast-main-header-display":"","ast-hfb-above-header-display":"","ast-hfb-below-header-display":"","ast-hfb-mobile-header-display":"","site-post-title":"","ast-breadcrumbs-content":"","ast-featured-img":"","footer-sml-layout":"","theme-transparent-header-meta":"default","adv-header-id-meta":"","stick-header-meta":"default","header-above-stick-meta":"","header-main-stick-meta":"","header-below-stick-meta":"","astra-migrate-meta-layouts":"default","ast-page-background-enabled":"default","ast-page-background-meta":{"desktop":{"background-color":"","background-image":"","background-repeat":"repeat","background-position":"center center","background-size":"auto","background-attachment":"scroll","background-type":"","background-media":"","overlay-type":"","overlay-color":"","overlay-gradient":""},"tablet":{"background-color":"","background-image":"","background-repeat":"repeat","background-position":"center center","background-size":"auto","background-attachment":"scroll","background-type":"","background-media":"","overlay-type":"","overlay-color":"","overlay-gradient":""},"mobile":{"background-color":"","background-image":"","background-repeat":"repeat","background-position":"center center","background-size":"auto","background-attachment":"scroll","background-type":"","background-media":"","overlay-type":"","overlay-color":"","overlay-gradient":""}},"ast-content-background-meta":{"desktop":{"background-color":"var(--ast-global-color-5)","background-image":"","background-repeat":"repeat","background-position":"center center","background-size":"auto","background-attachment":"scroll","background-type":"","background-media":"","overlay-type":"","overlay-color":"","overlay-gradient":""},"tablet":{"background-color":"var(--ast-global-color-5)","background-image":"","background-repeat":"repeat","background-position":"center center","background-size":"auto","background-attachment":"scroll","background-type":"","background-media":"","overlay-type":"","overlay-color":"","overlay-gradient":""},"mobile":{"background-color":"var(--ast-global-color-5)","background-image":"","background-repeat":"repeat","background-position":"center center","background-size":"auto","background-attachment":"scroll","background-type":"","background-media":"","overlay-type":"","overlay-color":"","overlay-gradient":""}}},"product_cat":[272],"product_tag":[809,764,485,643,640,866],"class_list":{"0":"post-8921","1":"product","2":"type-product","3":"status-publish","4":"has-post-thumbnail","6":"product_cat-sculptures-fr","7":"product_tag-animaux-en-verre","8":"product_tag-rubis","9":"product_tag-seguso-vetri-darte-fr","10":"product_tag-submerge","11":"product_tag-transparent-fr-2","12":"product_tag-verre-massif","13":"desktop-align-center","14":"tablet-align-center","15":"mobile-align-center","16":"ast-product-gallery-layout-horizontal","17":"ast-product-tabs-layout-horizontal","18":"ast-qv-on-image","20":"first","21":"instock","22":"downloadable","23":"sold-individually","24":"taxable","25":"shipping-taxable","26":"purchasable","27":"product-type-simple"},"_links":{"self":[{"href":"https:\/\/artglassmurano.com\/fr\/wp-json\/wp\/v2\/product\/8921","targetHints":{"allow":["GET"]}}],"collection":[{"href":"https:\/\/artglassmurano.com\/fr\/wp-json\/wp\/v2\/product"}],"about":[{"href":"https:\/\/artglassmurano.com\/fr\/wp-json\/wp\/v2\/types\/product"}],"replies":[{"embeddable":true,"href":"https:\/\/artglassmurano.com\/fr\/wp-json\/wp\/v2\/comments?post=8921"}],"wp:featuredmedia":[{"embeddable":true,"href":"https:\/\/artglassmurano.com\/fr\/wp-json\/wp\/v2\/media\/8928"}],"wp:attachment":[{"href":"https:\/\/artglassmurano.com\/fr\/wp-json\/wp\/v2\/media?parent=8921"}],"wp:term":[{"taxonomy":"product_cat","embeddable":true,"href":"https:\/\/artglassmurano.com\/fr\/wp-json\/wp\/v2\/product_cat?post=8921"},{"taxonomy":"product_tag","embeddable":true,"href":"https:\/\/artglassmurano.com\/fr\/wp-json\/wp\/v2\/product_tag?post=8921"}],"curies":[{"name":"wp","href":"https:\/\/api.w.org\/{rel}","templated":true}]}}