{"id":8864,"date":"2025-10-21T15:11:56","date_gmt":"2025-10-21T13:11:56","guid":{"rendered":"https:\/\/artglassmurano.com\/?post_type=product&#038;p=8864"},"modified":"2025-10-21T15:21:02","modified_gmt":"2025-10-21T13:21:02","slug":"chien-en-verre-ambre-copy","status":"publish","type":"product","link":"https:\/\/artglassmurano.com\/fr\/produit\/chien-en-verre-ambre-copy\/","title":{"rendered":"Chien en Verre Rouge"},"content":{"rendered":"","protected":false},"excerpt":{"rendered":"<p data-start=\"1103\" data-end=\"1503\">Un hommage charmant au \u00abmeilleur ami de l\u2019homme\u00bb, cette magnifique sculpture de chien en verre de Murano, con\u00e7ue par Pierpaolo Seguso, apporte une \u00e9l\u00e9gance intemporelle et de la chaleur \u00e0 tout espace. Expertement fa\u00e7onn\u00e9e \u00e0 la main en verre rouge massif, la pi\u00e8ce capture magnifiquement la longue fourrure fluide d\u2019un chiot ador\u00e9 gr\u00e2ce \u00e0 une texture d\u00e9licate qui refl\u00e8te la lumi\u00e8re \u00e0 chaque courbe.<\/p>\n<p data-start=\"1505\" data-end=\"1907\">Accentu\u00e9e par des yeux et un nez en verre murrina, cette sculpture met en valeur l\u2019artisanat signature et les d\u00e9tails r\u00e9alistes pour lesquels les verriers de Murano sont c\u00e9l\u00e8bres. \u00c0 la fois minimaliste et expressive, c\u2019est un cadeau parfait pour les amateurs de chiens ou les collectionneurs d\u2019art verrier raffin\u00e9. Chaque pi\u00e8ce est unique, refl\u00e9tant le savoir-faire d\u2019un ma\u00eetre et l\u2019h\u00e9ritage de Murano.<\/p>\n<p data-start=\"1909\" data-end=\"1979\">Couleur : rouge<br data-start=\"1924\" data-end=\"1927\" \/>Dimensions : H 22 x 13 x 9 cm<br data-start=\"1956\" data-end=\"1959\" \/>H 8,7&#8243; x 5,1&#8243; x 3,5&#8243;<\/p>\n","protected":false},"featured_media":8871,"comment_status":"open","ping_status":"closed","template":"","meta":{"site-sidebar-layout":"default","site-content-layout":"default","ast-site-content-layout":"default","site-content-style":"default","site-sidebar-style":"default","ast-global-header-display":"","ast-banner-title-visibility":"","ast-main-header-display":"","ast-hfb-above-header-display":"","ast-hfb-below-header-display":"","ast-hfb-mobile-header-display":"","site-post-title":"","ast-breadcrumbs-content":"","ast-featured-img":"","footer-sml-layout":"","theme-transparent-header-meta":"default","adv-header-id-meta":"","stick-header-meta":"default","header-above-stick-meta":"","header-main-stick-meta":"","header-below-stick-meta":"","astra-migrate-meta-layouts":"default","ast-page-background-enabled":"default","ast-page-background-meta":{"desktop":{"background-color":"","background-image":"","background-repeat":"repeat","background-position":"center center","background-size":"auto","background-attachment":"scroll","background-type":"","background-media":"","overlay-type":"","overlay-color":"","overlay-gradient":""},"tablet":{"background-color":"","background-image":"","background-repeat":"repeat","background-position":"center center","background-size":"auto","background-attachment":"scroll","background-type":"","background-media":"","overlay-type":"","overlay-color":"","overlay-gradient":""},"mobile":{"background-color":"","background-image":"","background-repeat":"repeat","background-position":"center center","background-size":"auto","background-attachment":"scroll","background-type":"","background-media":"","overlay-type":"","overlay-color":"","overlay-gradient":""}},"ast-content-background-meta":{"desktop":{"background-color":"var(--ast-global-color-5)","background-image":"","background-repeat":"repeat","background-position":"center center","background-size":"auto","background-attachment":"scroll","background-type":"","background-media":"","overlay-type":"","overlay-color":"","overlay-gradient":""},"tablet":{"background-color":"var(--ast-global-color-5)","background-image":"","background-repeat":"repeat","background-position":"center center","background-size":"auto","background-attachment":"scroll","background-type":"","background-media":"","overlay-type":"","overlay-color":"","overlay-gradient":""},"mobile":{"background-color":"var(--ast-global-color-5)","background-image":"","background-repeat":"repeat","background-position":"center center","background-size":"auto","background-attachment":"scroll","background-type":"","background-media":"","overlay-type":"","overlay-color":"","overlay-gradient":""}}},"product_cat":[272],"product_tag":[809,857,172,485,866],"class_list":{"0":"post-8864","1":"product","2":"type-product","3":"status-publish","4":"has-post-thumbnail","6":"product_cat-sculptures-fr","7":"product_tag-animaux-en-verre","8":"product_tag-murrina-fr","9":"product_tag-rouge","10":"product_tag-seguso-vetri-darte-fr","11":"product_tag-verre-massif","12":"desktop-align-center","13":"tablet-align-center","14":"mobile-align-center","15":"ast-product-gallery-layout-horizontal","16":"ast-product-tabs-layout-horizontal","17":"ast-qv-on-image","19":"first","20":"instock","21":"downloadable","22":"sold-individually","23":"taxable","24":"shipping-taxable","25":"purchasable","26":"product-type-simple"},"_links":{"self":[{"href":"https:\/\/artglassmurano.com\/fr\/wp-json\/wp\/v2\/product\/8864","targetHints":{"allow":["GET"]}}],"collection":[{"href":"https:\/\/artglassmurano.com\/fr\/wp-json\/wp\/v2\/product"}],"about":[{"href":"https:\/\/artglassmurano.com\/fr\/wp-json\/wp\/v2\/types\/product"}],"replies":[{"embeddable":true,"href":"https:\/\/artglassmurano.com\/fr\/wp-json\/wp\/v2\/comments?post=8864"}],"wp:featuredmedia":[{"embeddable":true,"href":"https:\/\/artglassmurano.com\/fr\/wp-json\/wp\/v2\/media\/8871"}],"wp:attachment":[{"href":"https:\/\/artglassmurano.com\/fr\/wp-json\/wp\/v2\/media?parent=8864"}],"wp:term":[{"taxonomy":"product_cat","embeddable":true,"href":"https:\/\/artglassmurano.com\/fr\/wp-json\/wp\/v2\/product_cat?post=8864"},{"taxonomy":"product_tag","embeddable":true,"href":"https:\/\/artglassmurano.com\/fr\/wp-json\/wp\/v2\/product_tag?post=8864"}],"curies":[{"name":"wp","href":"https:\/\/api.w.org\/{rel}","templated":true}]}}