{"id":8776,"date":"2025-10-21T14:46:44","date_gmt":"2025-10-21T12:46:44","guid":{"rendered":"https:\/\/artglassmurano.com\/?post_type=product&#038;p=8776"},"modified":"2025-10-21T14:53:51","modified_gmt":"2025-10-21T12:53:51","slug":"chien-en-verre-transparent-irise-copy","status":"publish","type":"product","link":"https:\/\/artglassmurano.com\/fr\/produit\/chien-en-verre-transparent-irise-copy\/","title":{"rendered":"Chien en Verre Or Transparent"},"content":{"rendered":"","protected":false},"excerpt":{"rendered":"<p data-start=\"38\" data-end=\"446\">Un hommage charmant au \u00ab meilleur ami de l\u2019homme \u00bb, cette magnifique sculpture de chien en verre Murano, con\u00e7ue par Pierpaolo Seguso, apporte une \u00e9l\u00e9gance intemporelle et une chaleur \u00e0 tout espace. Expertement fa\u00e7onn\u00e9e \u00e0 la main en verre solide or transparent, la pi\u00e8ce capture magnifiquement la longue fourrure fluide d\u2019un chien bien-aim\u00e9 gr\u00e2ce \u00e0 une d\u00e9licate texture qui refl\u00e8te la lumi\u00e8re \u00e0 chaque courbe.<\/p>\n<p data-start=\"448\" data-end=\"841\">Accentu\u00e9e par des yeux et un nez en verre murrina, cette sculpture met en valeur l\u2019artisanat signature et les d\u00e9tails r\u00e9alistes pour lesquels les verriers de Murano sont c\u00e9l\u00e8bres. \u00c0 la fois minimaliste et expressive, c\u2019est un cadeau parfait pour les amoureux des chiens ou les collectionneurs d\u2019art verrier. Chaque pi\u00e8ce est unique, refl\u00e9tant le savoir-faire artisanal et l\u2019h\u00e9ritage de Murano.<\/p>\n<p data-start=\"843\" data-end=\"916\" data-is-last-node=\"\" data-is-only-node=\"\">Couleur : or transparent<br data-start=\"867\" data-end=\"870\" \/>Dimensions : H 29\u00d711\u00d712 cm<br data-start=\"896\" data-end=\"899\" \/>H 11,4&#8243;\u00d74,3&#8243;\u00d74,7&#8243;<\/p>\n","protected":false},"featured_media":8783,"comment_status":"open","ping_status":"closed","template":"","meta":{"site-sidebar-layout":"default","site-content-layout":"default","ast-site-content-layout":"default","site-content-style":"default","site-sidebar-style":"default","ast-global-header-display":"","ast-banner-title-visibility":"","ast-main-header-display":"","ast-hfb-above-header-display":"","ast-hfb-below-header-display":"","ast-hfb-mobile-header-display":"","site-post-title":"","ast-breadcrumbs-content":"","ast-featured-img":"","footer-sml-layout":"","theme-transparent-header-meta":"default","adv-header-id-meta":"","stick-header-meta":"default","header-above-stick-meta":"","header-main-stick-meta":"","header-below-stick-meta":"","astra-migrate-meta-layouts":"default","ast-page-background-enabled":"default","ast-page-background-meta":{"desktop":{"background-color":"","background-image":"","background-repeat":"repeat","background-position":"center center","background-size":"auto","background-attachment":"scroll","background-type":"","background-media":"","overlay-type":"","overlay-color":"","overlay-gradient":""},"tablet":{"background-color":"","background-image":"","background-repeat":"repeat","background-position":"center center","background-size":"auto","background-attachment":"scroll","background-type":"","background-media":"","overlay-type":"","overlay-color":"","overlay-gradient":""},"mobile":{"background-color":"","background-image":"","background-repeat":"repeat","background-position":"center center","background-size":"auto","background-attachment":"scroll","background-type":"","background-media":"","overlay-type":"","overlay-color":"","overlay-gradient":""}},"ast-content-background-meta":{"desktop":{"background-color":"var(--ast-global-color-5)","background-image":"","background-repeat":"repeat","background-position":"center center","background-size":"auto","background-attachment":"scroll","background-type":"","background-media":"","overlay-type":"","overlay-color":"","overlay-gradient":""},"tablet":{"background-color":"var(--ast-global-color-5)","background-image":"","background-repeat":"repeat","background-position":"center center","background-size":"auto","background-attachment":"scroll","background-type":"","background-media":"","overlay-type":"","overlay-color":"","overlay-gradient":""},"mobile":{"background-color":"var(--ast-global-color-5)","background-image":"","background-repeat":"repeat","background-position":"center center","background-size":"auto","background-attachment":"scroll","background-type":"","background-media":"","overlay-type":"","overlay-color":"","overlay-gradient":""}}},"product_cat":[272],"product_tag":[809,857,511,485,866],"class_list":{"0":"post-8776","1":"product","2":"type-product","3":"status-publish","4":"has-post-thumbnail","6":"product_cat-sculptures-fr","7":"product_tag-animaux-en-verre","8":"product_tag-murrina-fr","9":"product_tag-or-transparent","10":"product_tag-seguso-vetri-darte-fr","11":"product_tag-verre-massif","12":"desktop-align-center","13":"tablet-align-center","14":"mobile-align-center","15":"ast-product-gallery-layout-horizontal","16":"ast-product-tabs-layout-horizontal","17":"ast-qv-on-image","19":"first","20":"instock","21":"downloadable","22":"sold-individually","23":"taxable","24":"shipping-taxable","25":"purchasable","26":"product-type-simple"},"_links":{"self":[{"href":"https:\/\/artglassmurano.com\/fr\/wp-json\/wp\/v2\/product\/8776","targetHints":{"allow":["GET"]}}],"collection":[{"href":"https:\/\/artglassmurano.com\/fr\/wp-json\/wp\/v2\/product"}],"about":[{"href":"https:\/\/artglassmurano.com\/fr\/wp-json\/wp\/v2\/types\/product"}],"replies":[{"embeddable":true,"href":"https:\/\/artglassmurano.com\/fr\/wp-json\/wp\/v2\/comments?post=8776"}],"wp:featuredmedia":[{"embeddable":true,"href":"https:\/\/artglassmurano.com\/fr\/wp-json\/wp\/v2\/media\/8783"}],"wp:attachment":[{"href":"https:\/\/artglassmurano.com\/fr\/wp-json\/wp\/v2\/media?parent=8776"}],"wp:term":[{"taxonomy":"product_cat","embeddable":true,"href":"https:\/\/artglassmurano.com\/fr\/wp-json\/wp\/v2\/product_cat?post=8776"},{"taxonomy":"product_tag","embeddable":true,"href":"https:\/\/artglassmurano.com\/fr\/wp-json\/wp\/v2\/product_tag?post=8776"}],"curies":[{"name":"wp","href":"https:\/\/api.w.org\/{rel}","templated":true}]}}