{"id":8711,"date":"2025-10-21T12:50:53","date_gmt":"2025-10-21T10:50:53","guid":{"rendered":"https:\/\/artglassmurano.com\/?post_type=product&#038;p=8711"},"modified":"2025-10-21T12:56:50","modified_gmt":"2025-10-21T10:56:50","slug":"bison-minimaliste-ambre-copy","status":"publish","type":"product","link":"https:\/\/artglassmurano.com\/fr\/produit\/bison-minimaliste-ambre-copy\/","title":{"rendered":"Bison Minimaliste Cristallin"},"content":{"rendered":"","protected":false},"excerpt":{"rendered":"<p data-start=\"50\" data-end=\"373\">Cette sculpture minimaliste de bison, r\u00e9alis\u00e9e \u00e0 la main en verre transparent plong\u00e9, avec une finition craquel\u00e9e unique, capture l\u2019esprit brut et essentiel de la nature sauvage. Sa silhouette abstraite sugg\u00e8re mouvement et puissance, tandis que la fine texture craquel\u00e9e lui conf\u00e8re une pr\u00e9sence d\u00e9licate, presque \u00e9th\u00e9r\u00e9e.<\/p>\n<p data-start=\"375\" data-end=\"852\">Les animaux en verre sont depuis longtemps un th\u00e8me pr\u00e9cieux dans l\u2019art de Murano, r\u00e9interpr\u00e9t\u00e9s par des ma\u00eetres verriers pour saisir vitalit\u00e9 et luminosit\u00e9 dans chaque courbe. Parfaite comme pi\u00e8ce ma\u00eetresse dans les int\u00e9rieurs contemporains, cette sculpture apporte une sensation de force calme et d\u2019expression artistique raffin\u00e9e. Qu\u2019elle soit expos\u00e9e sur une \u00e9tag\u00e8re, une console ou un socle de galerie, elle parle aux amateurs de design minimaliste et de formes organiques.<\/p>\n<p data-start=\"854\" data-end=\"938\">Couleur : transparent<br data-start=\"879\" data-end=\"882\" \/>Dimensions : H 15 x 23 x 9 cm<br data-start=\"915\" data-end=\"918\" \/>(H 5,9&#8243; x 9&#8243; x 3,5&#8243;)<\/p>\n","protected":false},"featured_media":8718,"comment_status":"open","ping_status":"closed","template":"","meta":{"site-sidebar-layout":"default","site-content-layout":"default","ast-site-content-layout":"default","site-content-style":"default","site-sidebar-style":"default","ast-global-header-display":"","ast-banner-title-visibility":"","ast-main-header-display":"","ast-hfb-above-header-display":"","ast-hfb-below-header-display":"","ast-hfb-mobile-header-display":"","site-post-title":"","ast-breadcrumbs-content":"","ast-featured-img":"","footer-sml-layout":"","theme-transparent-header-meta":"default","adv-header-id-meta":"","stick-header-meta":"default","header-above-stick-meta":"","header-main-stick-meta":"","header-below-stick-meta":"","astra-migrate-meta-layouts":"default","ast-page-background-enabled":"default","ast-page-background-meta":{"desktop":{"background-color":"","background-image":"","background-repeat":"repeat","background-position":"center center","background-size":"auto","background-attachment":"scroll","background-type":"","background-media":"","overlay-type":"","overlay-color":"","overlay-gradient":""},"tablet":{"background-color":"","background-image":"","background-repeat":"repeat","background-position":"center center","background-size":"auto","background-attachment":"scroll","background-type":"","background-media":"","overlay-type":"","overlay-color":"","overlay-gradient":""},"mobile":{"background-color":"","background-image":"","background-repeat":"repeat","background-position":"center center","background-size":"auto","background-attachment":"scroll","background-type":"","background-media":"","overlay-type":"","overlay-color":"","overlay-gradient":""}},"ast-content-background-meta":{"desktop":{"background-color":"var(--ast-global-color-5)","background-image":"","background-repeat":"repeat","background-position":"center center","background-size":"auto","background-attachment":"scroll","background-type":"","background-media":"","overlay-type":"","overlay-color":"","overlay-gradient":""},"tablet":{"background-color":"var(--ast-global-color-5)","background-image":"","background-repeat":"repeat","background-position":"center center","background-size":"auto","background-attachment":"scroll","background-type":"","background-media":"","overlay-type":"","overlay-color":"","overlay-gradient":""},"mobile":{"background-color":"var(--ast-global-color-5)","background-image":"","background-repeat":"repeat","background-position":"center center","background-size":"auto","background-attachment":"scroll","background-type":"","background-media":"","overlay-type":"","overlay-color":"","overlay-gradient":""}}},"product_cat":[272],"product_tag":[809,727,485,643,640],"class_list":{"0":"post-8711","1":"product","2":"type-product","3":"status-publish","4":"has-post-thumbnail","6":"product_cat-sculptures-fr","7":"product_tag-animaux-en-verre","8":"product_tag-craquele-fr","9":"product_tag-seguso-vetri-darte-fr","10":"product_tag-submerge","11":"product_tag-transparent-fr-2","12":"desktop-align-center","13":"tablet-align-center","14":"mobile-align-center","15":"ast-product-gallery-layout-horizontal","16":"ast-product-tabs-layout-horizontal","17":"ast-qv-on-image","19":"first","20":"instock","21":"downloadable","22":"sold-individually","23":"taxable","24":"shipping-taxable","25":"purchasable","26":"product-type-simple"},"_links":{"self":[{"href":"https:\/\/artglassmurano.com\/fr\/wp-json\/wp\/v2\/product\/8711","targetHints":{"allow":["GET"]}}],"collection":[{"href":"https:\/\/artglassmurano.com\/fr\/wp-json\/wp\/v2\/product"}],"about":[{"href":"https:\/\/artglassmurano.com\/fr\/wp-json\/wp\/v2\/types\/product"}],"replies":[{"embeddable":true,"href":"https:\/\/artglassmurano.com\/fr\/wp-json\/wp\/v2\/comments?post=8711"}],"wp:featuredmedia":[{"embeddable":true,"href":"https:\/\/artglassmurano.com\/fr\/wp-json\/wp\/v2\/media\/8718"}],"wp:attachment":[{"href":"https:\/\/artglassmurano.com\/fr\/wp-json\/wp\/v2\/media?parent=8711"}],"wp:term":[{"taxonomy":"product_cat","embeddable":true,"href":"https:\/\/artglassmurano.com\/fr\/wp-json\/wp\/v2\/product_cat?post=8711"},{"taxonomy":"product_tag","embeddable":true,"href":"https:\/\/artglassmurano.com\/fr\/wp-json\/wp\/v2\/product_tag?post=8711"}],"curies":[{"name":"wp","href":"https:\/\/api.w.org\/{rel}","templated":true}]}}