{"id":8663,"date":"2025-10-21T12:02:40","date_gmt":"2025-10-21T10:02:40","guid":{"rendered":"https:\/\/artglassmurano.com\/?post_type=product&#038;p=8663"},"modified":"2025-10-21T12:44:05","modified_gmt":"2025-10-21T10:44:05","slug":"rhinoceros-en-cristal-transparent-copy","status":"publish","type":"product","link":"https:\/\/artglassmurano.com\/fr\/produit\/rhinoceros-en-cristal-transparent-copy\/","title":{"rendered":"Bison Minimaliste Ambre"},"content":{"rendered":"","protected":false},"excerpt":{"rendered":"<p data-start=\"55\" data-end=\"472\">Cette sculpture minimaliste de bison, fa\u00e7onn\u00e9e \u00e0 la main en verre de couleur ambre plong\u00e9 dans un cristal d\u2019une puret\u00e9 \u00e9clatante et dot\u00e9e d\u2019une finition craquel\u00e9e unique, saisit l\u2019esprit brut et essentiel de la nature sauvage. Sa silhouette abstraite sugg\u00e8re le mouvement et la puissance, tandis que les teintes chaudes d\u2019ambre et la texture d\u00e9licatement craquel\u00e9e lui conf\u00e8rent une pr\u00e9sence fragile, presque \u00e9th\u00e9r\u00e9e.<\/p>\n<p data-start=\"474\" data-end=\"961\">Les animaux en verre sont depuis longtemps un th\u00e8me pr\u00e9cieux dans l\u2019art de Murano, r\u00e9invent\u00e9s par des ma\u00eetres verriers pour capturer \u00e0 la fois vitalit\u00e9 et luminosit\u00e9 dans chaque courbe. Parfaite comme pi\u00e8ce ma\u00eetresse dans un int\u00e9rieur contemporain, cette sculpture apporte une sensation de force calme et d\u2019expression artistique raffin\u00e9e. Qu\u2019elle soit expos\u00e9e sur une \u00e9tag\u00e8re, une console ou un socle de galerie, elle s\u2019adresse aux amateurs de design minimaliste et de formes organiques.<\/p>\n<p data-start=\"963\" data-end=\"1058\">Couleur : transparent, ambre<br data-start=\"995\" data-end=\"998\" \/>Dimensions : H 19 x 36 x 11 cm<br data-start=\"1032\" data-end=\"1035\" \/>(H 7,5&#8243; x 14,2&#8243; x 4,3&#8243;)<\/p>\n","protected":false},"featured_media":8670,"comment_status":"open","ping_status":"closed","template":"","meta":{"site-sidebar-layout":"default","site-content-layout":"default","ast-site-content-layout":"default","site-content-style":"default","site-sidebar-style":"default","ast-global-header-display":"","ast-banner-title-visibility":"","ast-main-header-display":"","ast-hfb-above-header-display":"","ast-hfb-below-header-display":"","ast-hfb-mobile-header-display":"","site-post-title":"","ast-breadcrumbs-content":"","ast-featured-img":"","footer-sml-layout":"","theme-transparent-header-meta":"default","adv-header-id-meta":"","stick-header-meta":"default","header-above-stick-meta":"","header-main-stick-meta":"","header-below-stick-meta":"","astra-migrate-meta-layouts":"default","ast-page-background-enabled":"default","ast-page-background-meta":{"desktop":{"background-color":"","background-image":"","background-repeat":"repeat","background-position":"center center","background-size":"auto","background-attachment":"scroll","background-type":"","background-media":"","overlay-type":"","overlay-color":"","overlay-gradient":""},"tablet":{"background-color":"","background-image":"","background-repeat":"repeat","background-position":"center center","background-size":"auto","background-attachment":"scroll","background-type":"","background-media":"","overlay-type":"","overlay-color":"","overlay-gradient":""},"mobile":{"background-color":"","background-image":"","background-repeat":"repeat","background-position":"center center","background-size":"auto","background-attachment":"scroll","background-type":"","background-media":"","overlay-type":"","overlay-color":"","overlay-gradient":""}},"ast-content-background-meta":{"desktop":{"background-color":"var(--ast-global-color-5)","background-image":"","background-repeat":"repeat","background-position":"center center","background-size":"auto","background-attachment":"scroll","background-type":"","background-media":"","overlay-type":"","overlay-color":"","overlay-gradient":""},"tablet":{"background-color":"var(--ast-global-color-5)","background-image":"","background-repeat":"repeat","background-position":"center center","background-size":"auto","background-attachment":"scroll","background-type":"","background-media":"","overlay-type":"","overlay-color":"","overlay-gradient":""},"mobile":{"background-color":"var(--ast-global-color-5)","background-image":"","background-repeat":"repeat","background-position":"center center","background-size":"auto","background-attachment":"scroll","background-type":"","background-media":"","overlay-type":"","overlay-color":"","overlay-gradient":""}}},"product_cat":[272],"product_tag":[510,809,727,485,643,640],"class_list":{"0":"post-8663","1":"product","2":"type-product","3":"status-publish","4":"has-post-thumbnail","6":"product_cat-sculptures-fr","7":"product_tag-ambre","8":"product_tag-animaux-en-verre","9":"product_tag-craquele-fr","10":"product_tag-seguso-vetri-darte-fr","11":"product_tag-submerge","12":"product_tag-transparent-fr-2","13":"desktop-align-center","14":"tablet-align-center","15":"mobile-align-center","16":"ast-product-gallery-layout-horizontal","17":"ast-product-tabs-layout-horizontal","18":"ast-qv-on-image","20":"first","21":"instock","22":"downloadable","23":"sold-individually","24":"taxable","25":"shipping-taxable","26":"purchasable","27":"product-type-simple"},"_links":{"self":[{"href":"https:\/\/artglassmurano.com\/fr\/wp-json\/wp\/v2\/product\/8663","targetHints":{"allow":["GET"]}}],"collection":[{"href":"https:\/\/artglassmurano.com\/fr\/wp-json\/wp\/v2\/product"}],"about":[{"href":"https:\/\/artglassmurano.com\/fr\/wp-json\/wp\/v2\/types\/product"}],"replies":[{"embeddable":true,"href":"https:\/\/artglassmurano.com\/fr\/wp-json\/wp\/v2\/comments?post=8663"}],"wp:featuredmedia":[{"embeddable":true,"href":"https:\/\/artglassmurano.com\/fr\/wp-json\/wp\/v2\/media\/8670"}],"wp:attachment":[{"href":"https:\/\/artglassmurano.com\/fr\/wp-json\/wp\/v2\/media?parent=8663"}],"wp:term":[{"taxonomy":"product_cat","embeddable":true,"href":"https:\/\/artglassmurano.com\/fr\/wp-json\/wp\/v2\/product_cat?post=8663"},{"taxonomy":"product_tag","embeddable":true,"href":"https:\/\/artglassmurano.com\/fr\/wp-json\/wp\/v2\/product_tag?post=8663"}],"curies":[{"name":"wp","href":"https:\/\/api.w.org\/{rel}","templated":true}]}}