{"id":8621,"date":"2025-10-03T08:31:22","date_gmt":"2025-10-03T06:31:22","guid":{"rendered":"https:\/\/artglassmurano.com\/?post_type=product&#038;p=8621"},"modified":"2025-10-03T09:36:05","modified_gmt":"2025-10-03T07:36:05","slug":"vase-craquele-ambre-copy-3","status":"publish","type":"product","link":"https:\/\/artglassmurano.com\/fr\/produit\/vase-craquele-ambre-copy-3\/","title":{"rendered":"Vase Ormeggio Taupe"},"content":{"rendered":"","protected":false},"excerpt":{"rendered":"<p data-start=\"84\" data-end=\"437\">Le vase Ormeggio est un exemple raffin\u00e9 de l\u2019art verrier de Murano, souffl\u00e9 \u00e0 la bouche et fa\u00e7onn\u00e9 avec une \u00e9l\u00e9gance intemporelle. Sa silhouette ovale et lin\u00e9aire est enrichie d\u2019un filigrane en spirale de cannes en verre blanc, taupe et aventurine, qui serpente \u00e0 travers une couche de verre gris doux, puis recouverte de verre cristallin transparent.<\/p>\n<p data-start=\"439\" data-end=\"742\">Cette technique sophistiqu\u00e9e renforce non seulement l\u2019interaction lumineuse des couleurs, mais introduit \u00e9galement des d\u00e9tails subtils : lorsque le verre est superpos\u00e9 \u00e0 diff\u00e9rentes temp\u00e9ratures, une r\u00e9action naturelle se produit, cr\u00e9ant de d\u00e9licates bulles d\u2019air suspendues \u00e0 l\u2019int\u00e9rieur de la pi\u00e8ce.<\/p>\n<p data-start=\"744\" data-end=\"850\">Le r\u00e9sultat est un vase unique en son genre, qui allie l\u2019\u00e9l\u00e9gance classique au raffinement contemporain.<\/p>\n<p data-start=\"852\" data-end=\"952\">Couleurs : taupe, transparent, gris<br data-start=\"891\" data-end=\"894\" \/>Dimensions : H 29 \u00d7 25 \u00d7 11 cm | 11,4\u201d \u00d7 9,8\u201d \u00d7 4,3\u201d<\/p>\n","protected":false},"featured_media":8652,"comment_status":"open","ping_status":"closed","template":"","meta":{"site-sidebar-layout":"default","site-content-layout":"default","ast-site-content-layout":"default","site-content-style":"default","site-sidebar-style":"default","ast-global-header-display":"","ast-banner-title-visibility":"","ast-main-header-display":"","ast-hfb-above-header-display":"","ast-hfb-below-header-display":"","ast-hfb-mobile-header-display":"","site-post-title":"","ast-breadcrumbs-content":"","ast-featured-img":"","footer-sml-layout":"","theme-transparent-header-meta":"default","adv-header-id-meta":"","stick-header-meta":"default","header-above-stick-meta":"","header-main-stick-meta":"","header-below-stick-meta":"","astra-migrate-meta-layouts":"default","ast-page-background-enabled":"default","ast-page-background-meta":{"desktop":{"background-color":"","background-image":"","background-repeat":"repeat","background-position":"center center","background-size":"auto","background-attachment":"scroll","background-type":"","background-media":"","overlay-type":"","overlay-color":"","overlay-gradient":""},"tablet":{"background-color":"","background-image":"","background-repeat":"repeat","background-position":"center center","background-size":"auto","background-attachment":"scroll","background-type":"","background-media":"","overlay-type":"","overlay-color":"","overlay-gradient":""},"mobile":{"background-color":"","background-image":"","background-repeat":"repeat","background-position":"center center","background-size":"auto","background-attachment":"scroll","background-type":"","background-media":"","overlay-type":"","overlay-color":"","overlay-gradient":""}},"ast-content-background-meta":{"desktop":{"background-color":"var(--ast-global-color-5)","background-image":"","background-repeat":"repeat","background-position":"center center","background-size":"auto","background-attachment":"scroll","background-type":"","background-media":"","overlay-type":"","overlay-color":"","overlay-gradient":""},"tablet":{"background-color":"var(--ast-global-color-5)","background-image":"","background-repeat":"repeat","background-position":"center center","background-size":"auto","background-attachment":"scroll","background-type":"","background-media":"","overlay-type":"","overlay-color":"","overlay-gradient":""},"mobile":{"background-color":"var(--ast-global-color-5)","background-image":"","background-repeat":"repeat","background-position":"center center","background-size":"auto","background-attachment":"scroll","background-type":"","background-media":"","overlay-type":"","overlay-color":"","overlay-gradient":""}}},"product_cat":[120],"product_tag":[841,590,231,485,643,679,640],"class_list":{"0":"post-8621","1":"product","2":"type-product","3":"status-publish","4":"has-post-thumbnail","6":"product_cat-vases-fr","7":"product_tag-filigrane","8":"product_tag-gris","9":"product_tag-moderne","10":"product_tag-seguso-vetri-darte-fr","11":"product_tag-submerge","12":"product_tag-taupe-fr","13":"product_tag-transparent-fr-2","14":"desktop-align-center","15":"tablet-align-center","16":"mobile-align-center","17":"ast-product-gallery-layout-horizontal","18":"ast-product-tabs-layout-horizontal","19":"ast-qv-on-image","21":"first","22":"instock","23":"downloadable","24":"sold-individually","25":"taxable","26":"shipping-taxable","27":"purchasable","28":"product-type-simple"},"_links":{"self":[{"href":"https:\/\/artglassmurano.com\/fr\/wp-json\/wp\/v2\/product\/8621","targetHints":{"allow":["GET"]}}],"collection":[{"href":"https:\/\/artglassmurano.com\/fr\/wp-json\/wp\/v2\/product"}],"about":[{"href":"https:\/\/artglassmurano.com\/fr\/wp-json\/wp\/v2\/types\/product"}],"replies":[{"embeddable":true,"href":"https:\/\/artglassmurano.com\/fr\/wp-json\/wp\/v2\/comments?post=8621"}],"wp:featuredmedia":[{"embeddable":true,"href":"https:\/\/artglassmurano.com\/fr\/wp-json\/wp\/v2\/media\/8652"}],"wp:attachment":[{"href":"https:\/\/artglassmurano.com\/fr\/wp-json\/wp\/v2\/media?parent=8621"}],"wp:term":[{"taxonomy":"product_cat","embeddable":true,"href":"https:\/\/artglassmurano.com\/fr\/wp-json\/wp\/v2\/product_cat?post=8621"},{"taxonomy":"product_tag","embeddable":true,"href":"https:\/\/artglassmurano.com\/fr\/wp-json\/wp\/v2\/product_tag?post=8621"}],"curies":[{"name":"wp","href":"https:\/\/api.w.org\/{rel}","templated":true}]}}