{"id":8463,"date":"2025-09-08T14:36:04","date_gmt":"2025-09-08T12:36:04","guid":{"rendered":"https:\/\/artglassmurano.com\/?post_type=product&#038;p=8463"},"modified":"2025-09-08T14:54:10","modified_gmt":"2025-09-08T12:54:10","slug":"elephant-en-or-transparent-copy-2","status":"publish","type":"product","link":"https:\/\/artglassmurano.com\/fr\/produit\/elephant-en-or-transparent-copy-2\/","title":{"rendered":"Rhinoc\u00e9ros en Cristal Transparent"},"content":{"rendered":"","protected":false},"excerpt":{"rendered":"<p data-start=\"141\" data-end=\"468\">Apportez une touche d\u2019\u00e9l\u00e9gance exotique \u00e0 votre int\u00e9rieur avec cette sculpture de rhinoc\u00e9ros extraordinaire et unique en son genre, fa\u00e7onn\u00e9e \u00e0 la main avec ma\u00eetrise dans un verre de Murano cristallin et pur. Des reflets d\u2019or iris\u00e9 immerg\u00e9 et de d\u00e9licates bulles d\u2019air enrichissent la pi\u00e8ce, lui conf\u00e9rant profondeur et \u00e9clat.<\/p>\n<p data-start=\"470\" data-end=\"933\">Les animaux en verre ont toujours \u00e9t\u00e9 un th\u00e8me cher \u00e0 l\u2019art de Murano, r\u00e9interpr\u00e9t\u00e9 par les ma\u00eetres verriers pour capturer \u00e0 la fois la vitalit\u00e9 et la lumi\u00e8re dans chaque courbe. Dans cette sculpture, le jeu entre la transparence et l\u2019or scintillant cr\u00e9e une lueur saisissante, changeante au gr\u00e9 de la lumi\u00e8re. D\u00e9tail raffin\u00e9 et allure sculpturale en font une pi\u00e8ce ma\u00eetresse captivante, id\u00e9ale pour une console, une table de salle \u00e0 manger ou une biblioth\u00e8que.<\/p>\n<p data-start=\"935\" data-end=\"1031\">Couleur : transparent, or iris\u00e9<br data-start=\"970\" data-end=\"973\" \/>Dimensions : H 19 \u00d7 40 \u00d7 16 cm \u2014 7,5 \u00d7 15,7 \u00d7 6,3 po<\/p>\n","protected":false},"featured_media":8470,"comment_status":"open","ping_status":"closed","template":"","meta":{"site-sidebar-layout":"default","site-content-layout":"default","ast-site-content-layout":"default","site-content-style":"default","site-sidebar-style":"default","ast-global-header-display":"","ast-banner-title-visibility":"","ast-main-header-display":"","ast-hfb-above-header-display":"","ast-hfb-below-header-display":"","ast-hfb-mobile-header-display":"","site-post-title":"","ast-breadcrumbs-content":"","ast-featured-img":"","footer-sml-layout":"","theme-transparent-header-meta":"default","adv-header-id-meta":"","stick-header-meta":"default","header-above-stick-meta":"","header-main-stick-meta":"","header-below-stick-meta":"","astra-migrate-meta-layouts":"default","ast-page-background-enabled":"default","ast-page-background-meta":{"desktop":{"background-color":"","background-image":"","background-repeat":"repeat","background-position":"center center","background-size":"auto","background-attachment":"scroll","background-type":"","background-media":"","overlay-type":"","overlay-color":"","overlay-gradient":""},"tablet":{"background-color":"","background-image":"","background-repeat":"repeat","background-position":"center center","background-size":"auto","background-attachment":"scroll","background-type":"","background-media":"","overlay-type":"","overlay-color":"","overlay-gradient":""},"mobile":{"background-color":"","background-image":"","background-repeat":"repeat","background-position":"center center","background-size":"auto","background-attachment":"scroll","background-type":"","background-media":"","overlay-type":"","overlay-color":"","overlay-gradient":""}},"ast-content-background-meta":{"desktop":{"background-color":"var(--ast-global-color-5)","background-image":"","background-repeat":"repeat","background-position":"center center","background-size":"auto","background-attachment":"scroll","background-type":"","background-media":"","overlay-type":"","overlay-color":"","overlay-gradient":""},"tablet":{"background-color":"var(--ast-global-color-5)","background-image":"","background-repeat":"repeat","background-position":"center center","background-size":"auto","background-attachment":"scroll","background-type":"","background-media":"","overlay-type":"","overlay-color":"","overlay-gradient":""},"mobile":{"background-color":"var(--ast-global-color-5)","background-image":"","background-repeat":"repeat","background-position":"center center","background-size":"auto","background-attachment":"scroll","background-type":"","background-media":"","overlay-type":"","overlay-color":"","overlay-gradient":""}}},"product_cat":[272],"product_tag":[809,817,833,485,643,640],"class_list":{"0":"post-8463","1":"product","2":"type-product","3":"status-publish","4":"has-post-thumbnail","6":"product_cat-sculptures-fr","7":"product_tag-animaux-en-verre","8":"product_tag-exotique","9":"product_tag-or-irise","10":"product_tag-seguso-vetri-darte-fr","11":"product_tag-submerge","12":"product_tag-transparent-fr-2","13":"desktop-align-center","14":"tablet-align-center","15":"mobile-align-center","16":"ast-product-gallery-layout-horizontal","17":"ast-product-tabs-layout-horizontal","18":"ast-qv-on-image","20":"first","21":"instock","22":"downloadable","23":"sold-individually","24":"taxable","25":"shipping-taxable","26":"purchasable","27":"product-type-simple"},"_links":{"self":[{"href":"https:\/\/artglassmurano.com\/fr\/wp-json\/wp\/v2\/product\/8463","targetHints":{"allow":["GET"]}}],"collection":[{"href":"https:\/\/artglassmurano.com\/fr\/wp-json\/wp\/v2\/product"}],"about":[{"href":"https:\/\/artglassmurano.com\/fr\/wp-json\/wp\/v2\/types\/product"}],"replies":[{"embeddable":true,"href":"https:\/\/artglassmurano.com\/fr\/wp-json\/wp\/v2\/comments?post=8463"}],"wp:featuredmedia":[{"embeddable":true,"href":"https:\/\/artglassmurano.com\/fr\/wp-json\/wp\/v2\/media\/8470"}],"wp:attachment":[{"href":"https:\/\/artglassmurano.com\/fr\/wp-json\/wp\/v2\/media?parent=8463"}],"wp:term":[{"taxonomy":"product_cat","embeddable":true,"href":"https:\/\/artglassmurano.com\/fr\/wp-json\/wp\/v2\/product_cat?post=8463"},{"taxonomy":"product_tag","embeddable":true,"href":"https:\/\/artglassmurano.com\/fr\/wp-json\/wp\/v2\/product_tag?post=8463"}],"curies":[{"name":"wp","href":"https:\/\/api.w.org\/{rel}","templated":true}]}}