{"id":8415,"date":"2025-09-08T14:16:40","date_gmt":"2025-09-08T12:16:40","guid":{"rendered":"https:\/\/artglassmurano.com\/?post_type=product&#038;p=8415"},"modified":"2025-09-08T14:29:54","modified_gmt":"2025-09-08T12:29:54","slug":"palmier-cristallin-medium-copy","status":"publish","type":"product","link":"https:\/\/artglassmurano.com\/fr\/produit\/palmier-cristallin-medium-copy\/","title":{"rendered":"Pumo transparent dor\u00e9"},"content":{"rendered":"","protected":false},"excerpt":{"rendered":"<p data-start=\"51\" data-end=\"669\">Le Pumo, un objet d\u00e9coratif traditionnel originaire des Pouilles, est bien plus qu\u2019un simple ornement \u00e9l\u00e9gant : il est le symbole de la chance, de la prosp\u00e9rit\u00e9, de la fertilit\u00e9 et des nouveaux d\u00e9parts. Traditionnellement offert en cadeau pour transmettre ses meilleurs v\u0153ux, il incarne une \u00e9nergie positive et des intentions favorables. Bien que g\u00e9n\u00e9ralement fabriqu\u00e9 en c\u00e9ramique, ce r\u00e9interpr\u00e9tation en verre de Murano \u00e9l\u00e8ve le design classique : une base en cristal transparent soutient un sommet spectaculaire en verre dor\u00e9 transparent, fa\u00e7onn\u00e9 en forme d\u2019\u0153uf traditionnelle et orn\u00e9 de trois d\u00e9licates feuilles.<\/p>\n<p data-start=\"671\" data-end=\"1023\">Cette pi\u00e8ce d\u2019exception est parfaite pour apporter une touche d\u2019\u00e9l\u00e9gance raffin\u00e9e \u00e0 tout espace, qu\u2019elle soit expos\u00e9e sur une chemin\u00e9e, une \u00e9tag\u00e8re ou un bureau. Elle constitue \u00e9galement un cadeau significatif pour un mariage, une pendaison de cr\u00e9maill\u00e8re ou toute occasion sp\u00e9ciale, alliant un savoir-faire intemporel \u00e0 une signification symbolique.<\/p>\n<p data-start=\"1025\" data-end=\"1112\">Couleur : transparent, dor\u00e9 transparent<br data-start=\"1064\" data-end=\"1067\" \/>Dimensions : H 33 cm x L 12 cm (13&#8243; x 4,7&#8243;)<\/p>\n","protected":false},"featured_media":8422,"comment_status":"open","ping_status":"closed","template":"","meta":{"site-sidebar-layout":"default","site-content-layout":"default","ast-site-content-layout":"default","site-content-style":"default","site-sidebar-style":"default","ast-global-header-display":"","ast-banner-title-visibility":"","ast-main-header-display":"","ast-hfb-above-header-display":"","ast-hfb-below-header-display":"","ast-hfb-mobile-header-display":"","site-post-title":"","ast-breadcrumbs-content":"","ast-featured-img":"","footer-sml-layout":"","theme-transparent-header-meta":"default","adv-header-id-meta":"","stick-header-meta":"default","header-above-stick-meta":"","header-main-stick-meta":"","header-below-stick-meta":"","astra-migrate-meta-layouts":"default","ast-page-background-enabled":"default","ast-page-background-meta":{"desktop":{"background-color":"","background-image":"","background-repeat":"repeat","background-position":"center center","background-size":"auto","background-attachment":"scroll","background-type":"","background-media":"","overlay-type":"","overlay-color":"","overlay-gradient":""},"tablet":{"background-color":"","background-image":"","background-repeat":"repeat","background-position":"center center","background-size":"auto","background-attachment":"scroll","background-type":"","background-media":"","overlay-type":"","overlay-color":"","overlay-gradient":""},"mobile":{"background-color":"","background-image":"","background-repeat":"repeat","background-position":"center center","background-size":"auto","background-attachment":"scroll","background-type":"","background-media":"","overlay-type":"","overlay-color":"","overlay-gradient":""}},"ast-content-background-meta":{"desktop":{"background-color":"var(--ast-global-color-5)","background-image":"","background-repeat":"repeat","background-position":"center center","background-size":"auto","background-attachment":"scroll","background-type":"","background-media":"","overlay-type":"","overlay-color":"","overlay-gradient":""},"tablet":{"background-color":"var(--ast-global-color-5)","background-image":"","background-repeat":"repeat","background-position":"center center","background-size":"auto","background-attachment":"scroll","background-type":"","background-media":"","overlay-type":"","overlay-color":"","overlay-gradient":""},"mobile":{"background-color":"var(--ast-global-color-5)","background-image":"","background-repeat":"repeat","background-position":"center center","background-size":"auto","background-attachment":"scroll","background-type":"","background-media":"","overlay-type":"","overlay-color":"","overlay-gradient":""}}},"product_cat":[265],"product_tag":[817,511,485,640],"class_list":{"0":"post-8415","1":"product","2":"type-product","3":"status-publish","4":"has-post-thumbnail","6":"product_cat-objets","7":"product_tag-exotique","8":"product_tag-or-transparent","9":"product_tag-seguso-vetri-darte-fr","10":"product_tag-transparent-fr-2","11":"desktop-align-center","12":"tablet-align-center","13":"mobile-align-center","14":"ast-product-gallery-layout-horizontal","15":"ast-product-tabs-layout-horizontal","16":"ast-qv-on-image","18":"first","19":"instock","20":"downloadable","21":"sold-individually","22":"taxable","23":"shipping-taxable","24":"purchasable","25":"product-type-simple"},"_links":{"self":[{"href":"https:\/\/artglassmurano.com\/fr\/wp-json\/wp\/v2\/product\/8415","targetHints":{"allow":["GET"]}}],"collection":[{"href":"https:\/\/artglassmurano.com\/fr\/wp-json\/wp\/v2\/product"}],"about":[{"href":"https:\/\/artglassmurano.com\/fr\/wp-json\/wp\/v2\/types\/product"}],"replies":[{"embeddable":true,"href":"https:\/\/artglassmurano.com\/fr\/wp-json\/wp\/v2\/comments?post=8415"}],"wp:featuredmedia":[{"embeddable":true,"href":"https:\/\/artglassmurano.com\/fr\/wp-json\/wp\/v2\/media\/8422"}],"wp:attachment":[{"href":"https:\/\/artglassmurano.com\/fr\/wp-json\/wp\/v2\/media?parent=8415"}],"wp:term":[{"taxonomy":"product_cat","embeddable":true,"href":"https:\/\/artglassmurano.com\/fr\/wp-json\/wp\/v2\/product_cat?post=8415"},{"taxonomy":"product_tag","embeddable":true,"href":"https:\/\/artglassmurano.com\/fr\/wp-json\/wp\/v2\/product_tag?post=8415"}],"curies":[{"name":"wp","href":"https:\/\/api.w.org\/{rel}","templated":true}]}}