{"id":8383,"date":"2025-09-08T14:10:19","date_gmt":"2025-09-08T12:10:19","guid":{"rendered":"https:\/\/artglassmurano.com\/?post_type=product&#038;p=8383"},"modified":"2025-09-08T14:26:00","modified_gmt":"2025-09-08T12:26:00","slug":"palmier-cristallin-tall-copy","status":"publish","type":"product","link":"https:\/\/artglassmurano.com\/fr\/produit\/palmier-cristallin-tall-copy\/","title":{"rendered":"Palmier Cristallin &#8211; medium"},"content":{"rendered":"","protected":false},"excerpt":{"rendered":"<p data-start=\"117\" data-end=\"611\">Apportez une touche d\u2019\u00e9l\u00e9gance exotique \u00e0 votre int\u00e9rieur avec ce magnifique palmier d\u00e9coratif, enti\u00e8rement fabriqu\u00e9 \u00e0 la main en verre de Murano.<br data-start=\"269\" data-end=\"272\" \/>Ses feuilles cristallines se d\u00e9ploient d\u00e9licatement depuis une tige haute et stri\u00e9e, reposant sur une base circulaire textur\u00e9e qui sublime le jeu de la lumi\u00e8re.<br data-start=\"432\" data-end=\"435\" \/>Parfait comme \u00e9l\u00e9ment d\u00e9coratif sur un console, une table \u00e0 manger ou une \u00e9tag\u00e8re.<br data-start=\"517\" data-end=\"520\" \/>Disponible en tailles grande, moyenne et petite pour cr\u00e9er des compositions harmonieuses.<\/p>\n<p data-start=\"613\" data-end=\"704\">Couleur : transparent, cristallin<br data-start=\"650\" data-end=\"653\" \/>Dimensions : H cm 37 x 12 H 14.6&#8243;x4.7&#8243;<\/p>\n","protected":false},"featured_media":8390,"comment_status":"open","ping_status":"closed","template":"","meta":{"site-sidebar-layout":"default","site-content-layout":"default","ast-site-content-layout":"default","site-content-style":"default","site-sidebar-style":"default","ast-global-header-display":"","ast-banner-title-visibility":"","ast-main-header-display":"","ast-hfb-above-header-display":"","ast-hfb-below-header-display":"","ast-hfb-mobile-header-display":"","site-post-title":"","ast-breadcrumbs-content":"","ast-featured-img":"","footer-sml-layout":"","theme-transparent-header-meta":"default","adv-header-id-meta":"","stick-header-meta":"default","header-above-stick-meta":"","header-main-stick-meta":"","header-below-stick-meta":"","astra-migrate-meta-layouts":"default","ast-page-background-enabled":"default","ast-page-background-meta":{"desktop":{"background-color":"","background-image":"","background-repeat":"repeat","background-position":"center center","background-size":"auto","background-attachment":"scroll","background-type":"","background-media":"","overlay-type":"","overlay-color":"","overlay-gradient":""},"tablet":{"background-color":"","background-image":"","background-repeat":"repeat","background-position":"center center","background-size":"auto","background-attachment":"scroll","background-type":"","background-media":"","overlay-type":"","overlay-color":"","overlay-gradient":""},"mobile":{"background-color":"","background-image":"","background-repeat":"repeat","background-position":"center center","background-size":"auto","background-attachment":"scroll","background-type":"","background-media":"","overlay-type":"","overlay-color":"","overlay-gradient":""}},"ast-content-background-meta":{"desktop":{"background-color":"var(--ast-global-color-5)","background-image":"","background-repeat":"repeat","background-position":"center center","background-size":"auto","background-attachment":"scroll","background-type":"","background-media":"","overlay-type":"","overlay-color":"","overlay-gradient":""},"tablet":{"background-color":"var(--ast-global-color-5)","background-image":"","background-repeat":"repeat","background-position":"center center","background-size":"auto","background-attachment":"scroll","background-type":"","background-media":"","overlay-type":"","overlay-color":"","overlay-gradient":""},"mobile":{"background-color":"var(--ast-global-color-5)","background-image":"","background-repeat":"repeat","background-position":"center center","background-size":"auto","background-attachment":"scroll","background-type":"","background-media":"","overlay-type":"","overlay-color":"","overlay-gradient":""}}},"product_cat":[265],"product_tag":[817,485,508,640,801],"class_list":{"0":"post-8383","1":"product","2":"type-product","3":"status-publish","4":"has-post-thumbnail","6":"product_cat-objets","7":"product_tag-exotique","8":"product_tag-seguso-vetri-darte-fr","9":"product_tag-stries-torsadees","10":"product_tag-transparent-fr-2","11":"product_tag-transparent-fr-3","12":"desktop-align-center","13":"tablet-align-center","14":"mobile-align-center","15":"ast-product-gallery-layout-horizontal","16":"ast-product-tabs-layout-horizontal","17":"ast-qv-on-image","19":"first","20":"instock","21":"downloadable","22":"sold-individually","23":"taxable","24":"shipping-taxable","25":"purchasable","26":"product-type-simple"},"_links":{"self":[{"href":"https:\/\/artglassmurano.com\/fr\/wp-json\/wp\/v2\/product\/8383","targetHints":{"allow":["GET"]}}],"collection":[{"href":"https:\/\/artglassmurano.com\/fr\/wp-json\/wp\/v2\/product"}],"about":[{"href":"https:\/\/artglassmurano.com\/fr\/wp-json\/wp\/v2\/types\/product"}],"replies":[{"embeddable":true,"href":"https:\/\/artglassmurano.com\/fr\/wp-json\/wp\/v2\/comments?post=8383"}],"wp:featuredmedia":[{"embeddable":true,"href":"https:\/\/artglassmurano.com\/fr\/wp-json\/wp\/v2\/media\/8390"}],"wp:attachment":[{"href":"https:\/\/artglassmurano.com\/fr\/wp-json\/wp\/v2\/media?parent=8383"}],"wp:term":[{"taxonomy":"product_cat","embeddable":true,"href":"https:\/\/artglassmurano.com\/fr\/wp-json\/wp\/v2\/product_cat?post=8383"},{"taxonomy":"product_tag","embeddable":true,"href":"https:\/\/artglassmurano.com\/fr\/wp-json\/wp\/v2\/product_tag?post=8383"}],"curies":[{"name":"wp","href":"https:\/\/api.w.org\/{rel}","templated":true}]}}