{"id":7530,"date":"2025-06-17T16:48:30","date_gmt":"2025-06-17T14:48:30","guid":{"rendered":"https:\/\/artglassmurano.com\/?post_type=product&#038;p=7530"},"modified":"2025-07-03T17:15:40","modified_gmt":"2025-07-03T15:15:40","slug":"vase-craquele-ambre-copy-copy-copy-copy-copy-copy-copy-copy-copy-copy-copy-copy-copy-copy-2","status":"publish","type":"product","link":"https:\/\/artglassmurano.com\/fr\/produit\/vase-craquele-ambre-copy-copy-copy-copy-copy-copy-copy-copy-copy-copy-copy-copy-copy-copy-2\/","title":{"rendered":"Vase Craquel\u00e9 am\u00e9thyste"},"content":{"rendered":"","protected":false},"excerpt":{"rendered":"<p data-start=\"21\" data-end=\"330\">La s\u00e9rie Craquel\u00e9 combine la technique typique du verre Sommerso multicouche de Seguso (r\u00e9compens\u00e9e par le Compasso d&#8217;Oro italien en 1954) avec un effet craquel\u00e9. Cet effet est obtenu en plongeant du verre chaud dans de l&#8217;eau froide, cr\u00e9ant ainsi une texture de surface unique, rendant chaque pi\u00e8ce exclusive.<\/p>\n<p data-start=\"37\" data-end=\"135\">Ce vase pr\u00e9sente une couche am\u00e9thyste immerg\u00e9e sous une couche vert gazon et du verre transparent.<\/p>\n<p data-start=\"137\" data-end=\"241\" data-is-last-node=\"\" data-is-only-node=\"\">Couleurs : am\u00e9thyste, vert gazon, cristal clair.<br data-start=\"185\" data-end=\"188\" \/>Dimensions : H 27,5 cm x 19 x 8,5 \/ H 11\u201d x 7,5\u201d x 3\u201d<\/p>\n","protected":false},"featured_media":7537,"comment_status":"open","ping_status":"closed","template":"","meta":{"site-sidebar-layout":"default","site-content-layout":"default","ast-site-content-layout":"default","site-content-style":"default","site-sidebar-style":"default","ast-global-header-display":"","ast-banner-title-visibility":"","ast-main-header-display":"","ast-hfb-above-header-display":"","ast-hfb-below-header-display":"","ast-hfb-mobile-header-display":"","site-post-title":"","ast-breadcrumbs-content":"","ast-featured-img":"","footer-sml-layout":"","theme-transparent-header-meta":"default","adv-header-id-meta":"","stick-header-meta":"default","header-above-stick-meta":"","header-main-stick-meta":"","header-below-stick-meta":"","astra-migrate-meta-layouts":"default","ast-page-background-enabled":"default","ast-page-background-meta":{"desktop":{"background-color":"","background-image":"","background-repeat":"repeat","background-position":"center center","background-size":"auto","background-attachment":"scroll","background-type":"","background-media":"","overlay-type":"","overlay-color":"","overlay-gradient":""},"tablet":{"background-color":"","background-image":"","background-repeat":"repeat","background-position":"center center","background-size":"auto","background-attachment":"scroll","background-type":"","background-media":"","overlay-type":"","overlay-color":"","overlay-gradient":""},"mobile":{"background-color":"","background-image":"","background-repeat":"repeat","background-position":"center center","background-size":"auto","background-attachment":"scroll","background-type":"","background-media":"","overlay-type":"","overlay-color":"","overlay-gradient":""}},"ast-content-background-meta":{"desktop":{"background-color":"var(--ast-global-color-5)","background-image":"","background-repeat":"repeat","background-position":"center center","background-size":"auto","background-attachment":"scroll","background-type":"","background-media":"","overlay-type":"","overlay-color":"","overlay-gradient":""},"tablet":{"background-color":"var(--ast-global-color-5)","background-image":"","background-repeat":"repeat","background-position":"center center","background-size":"auto","background-attachment":"scroll","background-type":"","background-media":"","overlay-type":"","overlay-color":"","overlay-gradient":""},"mobile":{"background-color":"var(--ast-global-color-5)","background-image":"","background-repeat":"repeat","background-position":"center center","background-size":"auto","background-attachment":"scroll","background-type":"","background-media":"","overlay-type":"","overlay-color":"","overlay-gradient":""}}},"product_cat":[120],"product_tag":[137,727,231,485,643,640,158],"class_list":{"0":"post-7530","1":"product","2":"type-product","3":"status-publish","4":"has-post-thumbnail","6":"product_cat-vases-fr","7":"product_tag-amethyste","8":"product_tag-craquele-fr","9":"product_tag-moderne","10":"product_tag-seguso-vetri-darte-fr","11":"product_tag-submerge","12":"product_tag-transparent-fr-2","13":"product_tag-vert","14":"desktop-align-center","15":"tablet-align-center","16":"mobile-align-center","17":"ast-product-gallery-layout-horizontal","18":"ast-product-tabs-layout-horizontal","19":"ast-qv-on-image","21":"first","22":"instock","23":"downloadable","24":"sold-individually","25":"taxable","26":"shipping-taxable","27":"purchasable","28":"product-type-simple"},"_links":{"self":[{"href":"https:\/\/artglassmurano.com\/fr\/wp-json\/wp\/v2\/product\/7530","targetHints":{"allow":["GET"]}}],"collection":[{"href":"https:\/\/artglassmurano.com\/fr\/wp-json\/wp\/v2\/product"}],"about":[{"href":"https:\/\/artglassmurano.com\/fr\/wp-json\/wp\/v2\/types\/product"}],"replies":[{"embeddable":true,"href":"https:\/\/artglassmurano.com\/fr\/wp-json\/wp\/v2\/comments?post=7530"}],"wp:featuredmedia":[{"embeddable":true,"href":"https:\/\/artglassmurano.com\/fr\/wp-json\/wp\/v2\/media\/7537"}],"wp:attachment":[{"href":"https:\/\/artglassmurano.com\/fr\/wp-json\/wp\/v2\/media?parent=7530"}],"wp:term":[{"taxonomy":"product_cat","embeddable":true,"href":"https:\/\/artglassmurano.com\/fr\/wp-json\/wp\/v2\/product_cat?post=7530"},{"taxonomy":"product_tag","embeddable":true,"href":"https:\/\/artglassmurano.com\/fr\/wp-json\/wp\/v2\/product_tag?post=7530"}],"curies":[{"name":"wp","href":"https:\/\/api.w.org\/{rel}","templated":true}]}}