{"id":7121,"date":"2025-06-25T14:57:01","date_gmt":"2025-06-25T12:57:01","guid":{"rendered":"https:\/\/artglassmurano.com\/?post_type=product&#038;p=7121"},"modified":"2025-07-03T14:25:18","modified_gmt":"2025-07-03T12:25:18","slug":"vase-craquele-ambre-copy-copy-copy-copy-copy-copy","status":"publish","type":"product","link":"https:\/\/artglassmurano.com\/fr\/produit\/vase-craquele-ambre-copy-copy-copy-copy-copy-copy\/","title":{"rendered":"Vase Craquel\u00e9 jaune"},"content":{"rendered":"","protected":false},"excerpt":{"rendered":"<p data-start=\"21\" data-end=\"330\">La s\u00e9rie Craquel\u00e9 combine la technique typique du verre Sommerso multicouche de Seguso (r\u00e9compens\u00e9e par le Compasso d&#8217;Oro italien en 1954) avec un effet craquel\u00e9. Cet effet est obtenu en plongeant du verre chaud dans de l&#8217;eau froide, cr\u00e9ant ainsi une texture de surface unique, rendant chaque pi\u00e8ce exclusive.<\/p>\n<p data-start=\"35\" data-end=\"160\">Ce vase pr\u00e9sente une couche blanche envelopp\u00e9e d\u2019un jaune opaque, immerg\u00e9e sous une couche vert nord et du verre transparent.<\/p>\n<p data-start=\"162\" data-end=\"256\" data-is-last-node=\"\" data-is-only-node=\"\">Couleurs : jaune, vert nord, cristal clair.<br data-start=\"205\" data-end=\"208\" \/>Dimensions : H 20 cm x 20 x 9 \/ H 8\u201d x 8\u201d x 3,5\u201d<\/p>\n","protected":false},"featured_media":7128,"comment_status":"open","ping_status":"closed","template":"","meta":{"site-sidebar-layout":"default","site-content-layout":"default","ast-site-content-layout":"default","site-content-style":"default","site-sidebar-style":"default","ast-global-header-display":"","ast-banner-title-visibility":"","ast-main-header-display":"","ast-hfb-above-header-display":"","ast-hfb-below-header-display":"","ast-hfb-mobile-header-display":"","site-post-title":"","ast-breadcrumbs-content":"","ast-featured-img":"","footer-sml-layout":"","theme-transparent-header-meta":"default","adv-header-id-meta":"","stick-header-meta":"default","header-above-stick-meta":"","header-main-stick-meta":"","header-below-stick-meta":"","astra-migrate-meta-layouts":"default","ast-page-background-enabled":"default","ast-page-background-meta":{"desktop":{"background-color":"","background-image":"","background-repeat":"repeat","background-position":"center center","background-size":"auto","background-attachment":"scroll","background-type":"","background-media":"","overlay-type":"","overlay-color":"","overlay-gradient":""},"tablet":{"background-color":"","background-image":"","background-repeat":"repeat","background-position":"center center","background-size":"auto","background-attachment":"scroll","background-type":"","background-media":"","overlay-type":"","overlay-color":"","overlay-gradient":""},"mobile":{"background-color":"","background-image":"","background-repeat":"repeat","background-position":"center center","background-size":"auto","background-attachment":"scroll","background-type":"","background-media":"","overlay-type":"","overlay-color":"","overlay-gradient":""}},"ast-content-background-meta":{"desktop":{"background-color":"var(--ast-global-color-5)","background-image":"","background-repeat":"repeat","background-position":"center center","background-size":"auto","background-attachment":"scroll","background-type":"","background-media":"","overlay-type":"","overlay-color":"","overlay-gradient":""},"tablet":{"background-color":"var(--ast-global-color-5)","background-image":"","background-repeat":"repeat","background-position":"center center","background-size":"auto","background-attachment":"scroll","background-type":"","background-media":"","overlay-type":"","overlay-color":"","overlay-gradient":""},"mobile":{"background-color":"var(--ast-global-color-5)","background-image":"","background-repeat":"repeat","background-position":"center center","background-size":"auto","background-attachment":"scroll","background-type":"","background-media":"","overlay-type":"","overlay-color":"","overlay-gradient":""}}},"product_cat":[120],"product_tag":[727,778,739,231,485,643,640,158],"class_list":{"0":"post-7121","1":"product","2":"type-product","3":"status-publish","4":"has-post-thumbnail","6":"product_cat-vases-fr","7":"product_tag-craquele-fr","8":"product_tag-enveloppe","9":"product_tag-jaune","10":"product_tag-moderne","11":"product_tag-seguso-vetri-darte-fr","12":"product_tag-submerge","13":"product_tag-transparent-fr-2","14":"product_tag-vert","15":"desktop-align-center","16":"tablet-align-center","17":"mobile-align-center","18":"ast-product-gallery-layout-horizontal","19":"ast-product-tabs-layout-horizontal","20":"ast-qv-on-image","22":"first","23":"instock","24":"downloadable","25":"sold-individually","26":"taxable","27":"shipping-taxable","28":"purchasable","29":"product-type-simple"},"_links":{"self":[{"href":"https:\/\/artglassmurano.com\/fr\/wp-json\/wp\/v2\/product\/7121","targetHints":{"allow":["GET"]}}],"collection":[{"href":"https:\/\/artglassmurano.com\/fr\/wp-json\/wp\/v2\/product"}],"about":[{"href":"https:\/\/artglassmurano.com\/fr\/wp-json\/wp\/v2\/types\/product"}],"replies":[{"embeddable":true,"href":"https:\/\/artglassmurano.com\/fr\/wp-json\/wp\/v2\/comments?post=7121"}],"wp:featuredmedia":[{"embeddable":true,"href":"https:\/\/artglassmurano.com\/fr\/wp-json\/wp\/v2\/media\/7128"}],"wp:attachment":[{"href":"https:\/\/artglassmurano.com\/fr\/wp-json\/wp\/v2\/media?parent=7121"}],"wp:term":[{"taxonomy":"product_cat","embeddable":true,"href":"https:\/\/artglassmurano.com\/fr\/wp-json\/wp\/v2\/product_cat?post=7121"},{"taxonomy":"product_tag","embeddable":true,"href":"https:\/\/artglassmurano.com\/fr\/wp-json\/wp\/v2\/product_tag?post=7121"}],"curies":[{"name":"wp","href":"https:\/\/api.w.org\/{rel}","templated":true}]}}