{"id":6582,"date":"2025-05-20T14:31:21","date_gmt":"2025-05-20T12:31:21","guid":{"rendered":"https:\/\/artglassmurano.com\/?post_type=product&#038;p=6582"},"modified":"2025-05-20T14:49:48","modified_gmt":"2025-05-20T12:49:48","slug":"lampe-de-table-oro-sommerso-copy","status":"publish","type":"product","link":"https:\/\/artglassmurano.com\/fr\/produit\/lampe-de-table-oro-sommerso-copy\/","title":{"rendered":"Lampe de table Perla couleur taupe"},"content":{"rendered":"","protected":false},"excerpt":{"rendered":"<p>Lampe de table Perla en verre de Murano par Seguso Vetri d&#8217;Arte. Faite \u00e0 la main en verre souffl\u00e9 bouche couleur taupe, avec une tige droite nervur\u00e9e en forme de goutte. Disponible avec un abat-jour noir ou blanc, au choix. Compatible avec deux ampoules standard et \u00e9quip\u00e9e d\u2019un c\u00e2blage europ\u00e9en.<br \/>\nCouleur : taupe<br \/>\nDimensions : \u00d8 40 cm x H 72 cm (\u00d8 16&#8243; x H 28&#8243;)<\/p>\n","protected":false},"featured_media":6589,"comment_status":"open","ping_status":"closed","template":"","meta":{"site-sidebar-layout":"default","site-content-layout":"default","ast-site-content-layout":"default","site-content-style":"default","site-sidebar-style":"default","ast-global-header-display":"","ast-banner-title-visibility":"","ast-main-header-display":"","ast-hfb-above-header-display":"","ast-hfb-below-header-display":"","ast-hfb-mobile-header-display":"","site-post-title":"","ast-breadcrumbs-content":"","ast-featured-img":"","footer-sml-layout":"","theme-transparent-header-meta":"default","adv-header-id-meta":"","stick-header-meta":"default","header-above-stick-meta":"","header-main-stick-meta":"","header-below-stick-meta":"","astra-migrate-meta-layouts":"default","ast-page-background-enabled":"default","ast-page-background-meta":{"desktop":{"background-color":"","background-image":"","background-repeat":"repeat","background-position":"center center","background-size":"auto","background-attachment":"scroll","background-type":"","background-media":"","overlay-type":"","overlay-color":"","overlay-gradient":""},"tablet":{"background-color":"","background-image":"","background-repeat":"repeat","background-position":"center center","background-size":"auto","background-attachment":"scroll","background-type":"","background-media":"","overlay-type":"","overlay-color":"","overlay-gradient":""},"mobile":{"background-color":"","background-image":"","background-repeat":"repeat","background-position":"center center","background-size":"auto","background-attachment":"scroll","background-type":"","background-media":"","overlay-type":"","overlay-color":"","overlay-gradient":""}},"ast-content-background-meta":{"desktop":{"background-color":"var(--ast-global-color-5)","background-image":"","background-repeat":"repeat","background-position":"center center","background-size":"auto","background-attachment":"scroll","background-type":"","background-media":"","overlay-type":"","overlay-color":"","overlay-gradient":""},"tablet":{"background-color":"var(--ast-global-color-5)","background-image":"","background-repeat":"repeat","background-position":"center center","background-size":"auto","background-attachment":"scroll","background-type":"","background-media":"","overlay-type":"","overlay-color":"","overlay-gradient":""},"mobile":{"background-color":"var(--ast-global-color-5)","background-image":"","background-repeat":"repeat","background-position":"center center","background-size":"auto","background-attachment":"scroll","background-type":"","background-media":"","overlay-type":"","overlay-color":"","overlay-gradient":""}}},"product_cat":[286],"product_tag":[548,559,678,485,679],"class_list":{"0":"post-6582","1":"product","2":"type-product","3":"status-publish","4":"has-post-thumbnail","6":"product_cat-lampes","7":"product_tag-cannelures-droites","8":"product_tag-en-forme-de-goutte","9":"product_tag-perla-fr","10":"product_tag-seguso-vetri-darte-fr","11":"product_tag-taupe-fr","12":"desktop-align-center","13":"tablet-align-center","14":"mobile-align-center","15":"ast-product-gallery-layout-horizontal","16":"ast-product-tabs-layout-horizontal","17":"ast-qv-on-image","19":"first","20":"instock","21":"sold-individually","22":"taxable","23":"shipping-taxable","24":"purchasable","25":"product-type-simple"},"_links":{"self":[{"href":"https:\/\/artglassmurano.com\/fr\/wp-json\/wp\/v2\/product\/6582","targetHints":{"allow":["GET"]}}],"collection":[{"href":"https:\/\/artglassmurano.com\/fr\/wp-json\/wp\/v2\/product"}],"about":[{"href":"https:\/\/artglassmurano.com\/fr\/wp-json\/wp\/v2\/types\/product"}],"replies":[{"embeddable":true,"href":"https:\/\/artglassmurano.com\/fr\/wp-json\/wp\/v2\/comments?post=6582"}],"wp:featuredmedia":[{"embeddable":true,"href":"https:\/\/artglassmurano.com\/fr\/wp-json\/wp\/v2\/media\/6589"}],"wp:attachment":[{"href":"https:\/\/artglassmurano.com\/fr\/wp-json\/wp\/v2\/media?parent=6582"}],"wp:term":[{"taxonomy":"product_cat","embeddable":true,"href":"https:\/\/artglassmurano.com\/fr\/wp-json\/wp\/v2\/product_cat?post=6582"},{"taxonomy":"product_tag","embeddable":true,"href":"https:\/\/artglassmurano.com\/fr\/wp-json\/wp\/v2\/product_tag?post=6582"}],"curies":[{"name":"wp","href":"https:\/\/api.w.org\/{rel}","templated":true}]}}