{"id":4897,"date":"2024-11-28T17:51:50","date_gmt":"2024-11-28T16:51:50","guid":{"rendered":"https:\/\/artglassmurano.com\/product\/arbre-de-noel-en-verre-de-murano\/"},"modified":"2026-01-08T15:01:16","modified_gmt":"2026-01-08T14:01:16","slug":"arbre-de-noel-en-verre-de-murano","status":"publish","type":"product","link":"https:\/\/artglassmurano.com\/fr\/produit\/arbre-de-noel-en-verre-de-murano\/","title":{"rendered":"Arbre de No\u00ebl en verre de Murano &#8211; Seguso Vetri d&#8217;Arte"},"content":{"rendered":"","protected":false},"excerpt":{"rendered":"<p>Cet arbre de No\u00ebl en verre de Murano, fabriqu\u00e9 \u00e0 la main dans la prestigieuse fornace Seguso Vetri d&#8217;Arte, est un chef-d&#8217;\u0153uvre d&#8217;\u00e9l\u00e9gance. R\u00e9alis\u00e9 avec la technique de la feuille d&#8217;argent immerg\u00e9e, le verre refl\u00e8te la lumi\u00e8re avec des reflets argent\u00e9s captivants, cr\u00e9ant un effet scintillant et magique. Sa forme d\u00e9licate et son \u00e9clat unique en font un objet parfait pour la d\u00e9coration de No\u00ebl, apportant une touche de sophistication et de chaleur \u00e0 tout espace. Un v\u00e9ritable bijou qui incarne la tradition du verre de Murano et la magie des f\u00eates.<br \/>\nCouleur : cristal argent\u00e9<br \/>\nTechnique : feuille d&#8217;argent<br \/>\nStyle : traditionnel<br \/>\nDimensions : H 14 x 37 cm H 5,5\u201d x 14,6\u201d<\/p>\n","protected":false},"featured_media":4922,"comment_status":"closed","ping_status":"closed","template":"","meta":{"site-sidebar-layout":"default","site-content-layout":"","ast-site-content-layout":"default","site-content-style":"default","site-sidebar-style":"default","ast-global-header-display":"","ast-banner-title-visibility":"","ast-main-header-display":"","ast-hfb-above-header-display":"","ast-hfb-below-header-display":"","ast-hfb-mobile-header-display":"","site-post-title":"","ast-breadcrumbs-content":"","ast-featured-img":"","footer-sml-layout":"","theme-transparent-header-meta":"default","adv-header-id-meta":"","stick-header-meta":"default","header-above-stick-meta":"","header-main-stick-meta":"","header-below-stick-meta":"","astra-migrate-meta-layouts":"default","ast-page-background-enabled":"default","ast-page-background-meta":{"desktop":{"background-color":"","background-image":"","background-repeat":"repeat","background-position":"center center","background-size":"auto","background-attachment":"scroll","background-type":"","background-media":"","overlay-type":"","overlay-color":"","overlay-gradient":""},"tablet":{"background-color":"","background-image":"","background-repeat":"repeat","background-position":"center center","background-size":"auto","background-attachment":"scroll","background-type":"","background-media":"","overlay-type":"","overlay-color":"","overlay-gradient":""},"mobile":{"background-color":"","background-image":"","background-repeat":"repeat","background-position":"center center","background-size":"auto","background-attachment":"scroll","background-type":"","background-media":"","overlay-type":"","overlay-color":"","overlay-gradient":""}},"ast-content-background-meta":{"desktop":{"background-color":"var(--ast-global-color-5)","background-image":"","background-repeat":"repeat","background-position":"center center","background-size":"auto","background-attachment":"scroll","background-type":"","background-media":"","overlay-type":"","overlay-color":"","overlay-gradient":""},"tablet":{"background-color":"var(--ast-global-color-5)","background-image":"","background-repeat":"repeat","background-position":"center center","background-size":"auto","background-attachment":"scroll","background-type":"","background-media":"","overlay-type":"","overlay-color":"","overlay-gradient":""},"mobile":{"background-color":"var(--ast-global-color-5)","background-image":"","background-repeat":"repeat","background-position":"center center","background-size":"auto","background-attachment":"scroll","background-type":"","background-media":"","overlay-type":"","overlay-color":"","overlay-gradient":""}}},"product_cat":[272],"product_tag":[449],"class_list":{"0":"post-4897","1":"product","2":"type-product","3":"status-publish","4":"has-post-thumbnail","6":"product_cat-sculptures-fr","7":"product_tag-noel-fr","8":"desktop-align-center","9":"tablet-align-center","10":"mobile-align-center","11":"ast-product-gallery-layout-horizontal","12":"ast-product-tabs-layout-horizontal","13":"ast-qv-on-image","15":"first","16":"instock","17":"taxable","18":"shipping-taxable","19":"purchasable","20":"product-type-simple"},"_links":{"self":[{"href":"https:\/\/artglassmurano.com\/fr\/wp-json\/wp\/v2\/product\/4897","targetHints":{"allow":["GET"]}}],"collection":[{"href":"https:\/\/artglassmurano.com\/fr\/wp-json\/wp\/v2\/product"}],"about":[{"href":"https:\/\/artglassmurano.com\/fr\/wp-json\/wp\/v2\/types\/product"}],"replies":[{"embeddable":true,"href":"https:\/\/artglassmurano.com\/fr\/wp-json\/wp\/v2\/comments?post=4897"}],"wp:featuredmedia":[{"embeddable":true,"href":"https:\/\/artglassmurano.com\/fr\/wp-json\/wp\/v2\/media\/4922"}],"wp:attachment":[{"href":"https:\/\/artglassmurano.com\/fr\/wp-json\/wp\/v2\/media?parent=4897"}],"wp:term":[{"taxonomy":"product_cat","embeddable":true,"href":"https:\/\/artglassmurano.com\/fr\/wp-json\/wp\/v2\/product_cat?post=4897"},{"taxonomy":"product_tag","embeddable":true,"href":"https:\/\/artglassmurano.com\/fr\/wp-json\/wp\/v2\/product_tag?post=4897"}],"curies":[{"name":"wp","href":"https:\/\/api.w.org\/{rel}","templated":true}]}}