{"id":4505,"date":"2022-11-26T16:10:50","date_gmt":"2022-11-26T15:10:50","guid":{"rendered":"https:\/\/artglassmurano.dtweb-dev.it\/product\/vase-rouge-4-elementi-seguso-viro\/"},"modified":"2022-11-26T16:10:50","modified_gmt":"2022-11-26T15:10:50","slug":"4-elementi-red-vase-seguso-viro-4-2","status":"publish","type":"product","link":"https:\/\/artglassmurano.com\/fr\/produit\/4-elementi-red-vase-seguso-viro-4-2\/","title":{"rendered":"Vase rouge 4 Elementi, Seguso Viro"},"content":{"rendered":"","protected":false},"excerpt":{"rendered":"<p>Cet objet fait partie de la collection four elements, cr\u00e9\u00e9e au d\u00e9but des ann\u00e9es 2000 par Seguso Viro, qui transforme une nuance de quatre tons de couleur en une<br \/>\ns\u00e9rie d&#8217;objets raffin\u00e9s et color\u00e9s. Terre, Eau, Air et Feu sont les 4 \u00e9l\u00e9ments naturels et philosophiques. Objets monochromes dans diff\u00e9rentes nuances de couleurs similaires<br \/>\n\u00e0 ceux que l&#8217;on trouve dans les \u00e9l\u00e9ments naturels sont obtenus en fusionnant ensemble des fragments de cannes de verre.<br \/>\nChaque mod\u00e8le de cette collection est sign\u00e9 et num\u00e9rot\u00e9 en \u00e9dition limit\u00e9e \u00e0 101 exemplaires.<br \/>\nCouleur : rouge<br \/>\nDimensions : H 36&#215;20.5&#215;15 cm H 14.2&#8243; x 8.1 &#8220;x5.9&#8221;<\/p>\n","protected":false},"featured_media":3739,"comment_status":"open","ping_status":"closed","template":"","meta":{"site-sidebar-layout":"default","site-content-layout":"default","ast-site-content-layout":"","site-content-style":"default","site-sidebar-style":"default","ast-global-header-display":"","ast-banner-title-visibility":"","ast-main-header-display":"","ast-hfb-above-header-display":"","ast-hfb-below-header-display":"","ast-hfb-mobile-header-display":"","site-post-title":"","ast-breadcrumbs-content":"","ast-featured-img":"","footer-sml-layout":"","theme-transparent-header-meta":"default","adv-header-id-meta":"","stick-header-meta":"","header-above-stick-meta":"","header-main-stick-meta":"","header-below-stick-meta":"","astra-migrate-meta-layouts":"default","ast-page-background-enabled":"default","ast-page-background-meta":{"desktop":{"background-color":"","background-image":"","background-repeat":"repeat","background-position":"center center","background-size":"auto","background-attachment":"scroll","background-type":"","background-media":"","overlay-type":"","overlay-color":"","overlay-gradient":""},"tablet":{"background-color":"","background-image":"","background-repeat":"repeat","background-position":"center center","background-size":"auto","background-attachment":"scroll","background-type":"","background-media":"","overlay-type":"","overlay-color":"","overlay-gradient":""},"mobile":{"background-color":"","background-image":"","background-repeat":"repeat","background-position":"center center","background-size":"auto","background-attachment":"scroll","background-type":"","background-media":"","overlay-type":"","overlay-color":"","overlay-gradient":""}},"ast-content-background-meta":{"desktop":{"background-color":"var(--ast-global-color-5)","background-image":"","background-repeat":"repeat","background-position":"center center","background-size":"auto","background-attachment":"scroll","background-type":"","background-media":"","overlay-type":"","overlay-color":"","overlay-gradient":""},"tablet":{"background-color":"var(--ast-global-color-5)","background-image":"","background-repeat":"repeat","background-position":"center center","background-size":"auto","background-attachment":"scroll","background-type":"","background-media":"","overlay-type":"","overlay-color":"","overlay-gradient":""},"mobile":{"background-color":"var(--ast-global-color-5)","background-image":"","background-repeat":"repeat","background-position":"center center","background-size":"auto","background-attachment":"scroll","background-type":"","background-media":"","overlay-type":"","overlay-color":"","overlay-gradient":""}}},"product_cat":[120],"product_tag":[315,430,231,172,187],"class_list":{"0":"post-4505","1":"product","2":"type-product","3":"status-publish","4":"has-post-thumbnail","6":"product_cat-vases-fr","7":"product_tag-4-elementi-fr","8":"product_tag-canne-opaque","9":"product_tag-moderne","10":"product_tag-rouge","11":"product_tag-seguso-viro-fr","12":"desktop-align-center","13":"tablet-align-center","14":"mobile-align-center","15":"ast-product-gallery-layout-horizontal","16":"ast-product-tabs-layout-horizontal","17":"ast-qv-on-image","19":"first","20":"instock","21":"sold-individually","22":"taxable","23":"shipping-taxable","24":"purchasable","25":"product-type-simple"},"_links":{"self":[{"href":"https:\/\/artglassmurano.com\/fr\/wp-json\/wp\/v2\/product\/4505","targetHints":{"allow":["GET"]}}],"collection":[{"href":"https:\/\/artglassmurano.com\/fr\/wp-json\/wp\/v2\/product"}],"about":[{"href":"https:\/\/artglassmurano.com\/fr\/wp-json\/wp\/v2\/types\/product"}],"replies":[{"embeddable":true,"href":"https:\/\/artglassmurano.com\/fr\/wp-json\/wp\/v2\/comments?post=4505"}],"wp:featuredmedia":[{"embeddable":true,"href":"https:\/\/artglassmurano.com\/fr\/wp-json\/wp\/v2\/media\/3739"}],"wp:attachment":[{"href":"https:\/\/artglassmurano.com\/fr\/wp-json\/wp\/v2\/media?parent=4505"}],"wp:term":[{"taxonomy":"product_cat","embeddable":true,"href":"https:\/\/artglassmurano.com\/fr\/wp-json\/wp\/v2\/product_cat?post=4505"},{"taxonomy":"product_tag","embeddable":true,"href":"https:\/\/artglassmurano.com\/fr\/wp-json\/wp\/v2\/product_tag?post=4505"}],"curies":[{"name":"wp","href":"https:\/\/api.w.org\/{rel}","templated":true}]}}