{"id":4382,"date":"2022-11-29T18:58:58","date_gmt":"2022-11-29T17:58:58","guid":{"rendered":"https:\/\/artglassmurano.dtweb-dev.it\/product\/vase-rouge-grate-seguso-viro\/"},"modified":"2025-05-26T17:34:02","modified_gmt":"2025-05-26T15:34:02","slug":"grate-red-vase-seguso-viro-3-2","status":"publish","type":"product","link":"https:\/\/artglassmurano.com\/fr\/produit\/grate-red-vase-seguso-viro-3-2\/","title":{"rendered":"Vase rouge Grate, Seguso Viro"},"content":{"rendered":"","protected":false},"excerpt":{"rendered":"<p>Cet objet fait partie de la collection Grate, cr\u00e9\u00e9e au d\u00e9but des ann\u00e9es 2000 par Seguso Viro. Une d\u00e9coration innovante avec des cannes de verre comme la trame d&#8217;un tissu ou<br \/>\nle caillebotis en fer forg\u00e9 d&#8217;un ancien palais v\u00e9nitien. Ainsi, en jouant avec les formes, les couleurs et la transparence, cette nouvelle collection a \u00e9t\u00e9 cr\u00e9\u00e9e en deux variations de couleur.<br \/>\nChaque mod\u00e8le de cette collection est sign\u00e9 et num\u00e9rot\u00e9 en \u00e9dition limit\u00e9e \u00e0 101 exemplaires.<br \/>\nCouleur : rouge<br \/>\nDimensions : H 16 x 25 Cm H 6.3&#8243; x 9.8&#8243;<\/p>\n","protected":false},"featured_media":4236,"comment_status":"open","ping_status":"closed","template":"","meta":{"site-sidebar-layout":"default","site-content-layout":"default","ast-site-content-layout":"default","site-content-style":"default","site-sidebar-style":"default","ast-global-header-display":"","ast-banner-title-visibility":"","ast-main-header-display":"","ast-hfb-above-header-display":"","ast-hfb-below-header-display":"","ast-hfb-mobile-header-display":"","site-post-title":"","ast-breadcrumbs-content":"","ast-featured-img":"","footer-sml-layout":"","theme-transparent-header-meta":"default","adv-header-id-meta":"","stick-header-meta":"default","header-above-stick-meta":"","header-main-stick-meta":"","header-below-stick-meta":"","astra-migrate-meta-layouts":"default","ast-page-background-enabled":"default","ast-page-background-meta":{"desktop":{"background-color":"","background-image":"","background-repeat":"repeat","background-position":"center center","background-size":"auto","background-attachment":"scroll","background-type":"","background-media":"","overlay-type":"","overlay-color":"","overlay-gradient":""},"tablet":{"background-color":"","background-image":"","background-repeat":"repeat","background-position":"center center","background-size":"auto","background-attachment":"scroll","background-type":"","background-media":"","overlay-type":"","overlay-color":"","overlay-gradient":""},"mobile":{"background-color":"","background-image":"","background-repeat":"repeat","background-position":"center center","background-size":"auto","background-attachment":"scroll","background-type":"","background-media":"","overlay-type":"","overlay-color":"","overlay-gradient":""}},"ast-content-background-meta":{"desktop":{"background-color":"var(--ast-global-color-5)","background-image":"","background-repeat":"repeat","background-position":"center center","background-size":"auto","background-attachment":"scroll","background-type":"","background-media":"","overlay-type":"","overlay-color":"","overlay-gradient":""},"tablet":{"background-color":"var(--ast-global-color-5)","background-image":"","background-repeat":"repeat","background-position":"center center","background-size":"auto","background-attachment":"scroll","background-type":"","background-media":"","overlay-type":"","overlay-color":"","overlay-gradient":""},"mobile":{"background-color":"var(--ast-global-color-5)","background-image":"","background-repeat":"repeat","background-position":"center center","background-size":"auto","background-attachment":"scroll","background-type":"","background-media":"","overlay-type":"","overlay-color":"","overlay-gradient":""}}},"product_cat":[120],"product_tag":[430,422,231,172,187],"class_list":{"0":"post-4382","1":"product","2":"type-product","3":"status-publish","4":"has-post-thumbnail","6":"product_cat-vases-fr","7":"product_tag-canne-opaque","8":"product_tag-grate-fr","9":"product_tag-moderne","10":"product_tag-rouge","11":"product_tag-seguso-viro-fr","12":"desktop-align-center","13":"tablet-align-center","14":"mobile-align-center","15":"ast-product-gallery-layout-horizontal","16":"ast-product-tabs-layout-horizontal","17":"ast-qv-on-image","19":"first","20":"instock","21":"sold-individually","22":"taxable","23":"shipping-taxable","24":"purchasable","25":"product-type-simple"},"_links":{"self":[{"href":"https:\/\/artglassmurano.com\/fr\/wp-json\/wp\/v2\/product\/4382","targetHints":{"allow":["GET"]}}],"collection":[{"href":"https:\/\/artglassmurano.com\/fr\/wp-json\/wp\/v2\/product"}],"about":[{"href":"https:\/\/artglassmurano.com\/fr\/wp-json\/wp\/v2\/types\/product"}],"replies":[{"embeddable":true,"href":"https:\/\/artglassmurano.com\/fr\/wp-json\/wp\/v2\/comments?post=4382"}],"wp:featuredmedia":[{"embeddable":true,"href":"https:\/\/artglassmurano.com\/fr\/wp-json\/wp\/v2\/media\/4236"}],"wp:attachment":[{"href":"https:\/\/artglassmurano.com\/fr\/wp-json\/wp\/v2\/media?parent=4382"}],"wp:term":[{"taxonomy":"product_cat","embeddable":true,"href":"https:\/\/artglassmurano.com\/fr\/wp-json\/wp\/v2\/product_cat?post=4382"},{"taxonomy":"product_tag","embeddable":true,"href":"https:\/\/artglassmurano.com\/fr\/wp-json\/wp\/v2\/product_tag?post=4382"}],"curies":[{"name":"wp","href":"https:\/\/api.w.org\/{rel}","templated":true}]}}