{"id":3103,"date":"2022-11-12T17:56:28","date_gmt":"2022-11-12T16:56:28","guid":{"rendered":"https:\/\/artglassmurano.dtweb-dev.it\/product\/vase-bleu-boreale-seguso-viro\/"},"modified":"2022-11-12T17:56:28","modified_gmt":"2022-11-12T16:56:28","slug":"boreale-bleue-vase-seguso-viro-4","status":"publish","type":"product","link":"https:\/\/artglassmurano.com\/fr\/produit\/boreale-bleue-vase-seguso-viro-4\/","title":{"rendered":"Vase bleu Boreale, Seguso Viro"},"content":{"rendered":"","protected":false},"excerpt":{"rendered":"<p>Cet objet fait partie de la collection Borealis, cr\u00e9\u00e9e \u00e0 la fin des ann\u00e9es 1990 par Seguso Viro, qui transforme une nuance de quatre tons de couleur en une s\u00e9rie d&#8217;objets raffin\u00e9s et color\u00e9s La technique est obtenue en superposant du cristal sur des poudres color\u00e9es, qui cr\u00e9ent des reflets uniques rappelant les aurores bor\u00e9ales. La collection Boreal a \u00e9t\u00e9 r\u00e9alis\u00e9e dans diff\u00e9rentes formes qui peuvent \u00eatre expos\u00e9es ensemble, cr\u00e9ant ainsi une s\u00e9rie d&#8217;objets en harmonie.<br \/>\nCouleur : Bleu<br \/>\nDimensions : H 20 cm x 19 &#8211; H 8 &#8220;x 7,5&#8221;.<\/p>\n","protected":false},"featured_media":2871,"comment_status":"open","ping_status":"closed","template":"","meta":{"site-sidebar-layout":"default","site-content-layout":"default","ast-site-content-layout":"","site-content-style":"default","site-sidebar-style":"default","ast-global-header-display":"","ast-banner-title-visibility":"","ast-main-header-display":"","ast-hfb-above-header-display":"","ast-hfb-below-header-display":"","ast-hfb-mobile-header-display":"","site-post-title":"","ast-breadcrumbs-content":"","ast-featured-img":"","footer-sml-layout":"","theme-transparent-header-meta":"default","adv-header-id-meta":"","stick-header-meta":"","header-above-stick-meta":"","header-main-stick-meta":"","header-below-stick-meta":"","astra-migrate-meta-layouts":"default","ast-page-background-enabled":"default","ast-page-background-meta":{"desktop":{"background-color":"","background-image":"","background-repeat":"repeat","background-position":"center center","background-size":"auto","background-attachment":"scroll","background-type":"","background-media":"","overlay-type":"","overlay-color":"","overlay-gradient":""},"tablet":{"background-color":"","background-image":"","background-repeat":"repeat","background-position":"center center","background-size":"auto","background-attachment":"scroll","background-type":"","background-media":"","overlay-type":"","overlay-color":"","overlay-gradient":""},"mobile":{"background-color":"","background-image":"","background-repeat":"repeat","background-position":"center center","background-size":"auto","background-attachment":"scroll","background-type":"","background-media":"","overlay-type":"","overlay-color":"","overlay-gradient":""}},"ast-content-background-meta":{"desktop":{"background-color":"var(--ast-global-color-5)","background-image":"","background-repeat":"repeat","background-position":"center center","background-size":"auto","background-attachment":"scroll","background-type":"","background-media":"","overlay-type":"","overlay-color":"","overlay-gradient":""},"tablet":{"background-color":"var(--ast-global-color-5)","background-image":"","background-repeat":"repeat","background-position":"center center","background-size":"auto","background-attachment":"scroll","background-type":"","background-media":"","overlay-type":"","overlay-color":"","overlay-gradient":""},"mobile":{"background-color":"var(--ast-global-color-5)","background-image":"","background-repeat":"repeat","background-position":"center center","background-size":"auto","background-attachment":"scroll","background-type":"","background-media":"","overlay-type":"","overlay-color":"","overlay-gradient":""}}},"product_cat":[120],"product_tag":[152,234,232,230,231,233,187],"class_list":{"0":"post-3103","1":"product","2":"type-product","3":"status-publish","4":"has-post-thumbnail","6":"product_cat-vases-fr","7":"product_tag-bleu","8":"product_tag-boreale-fr","9":"product_tag-fil-immerge","10":"product_tag-intemporel","11":"product_tag-moderne","12":"product_tag-poudres-superposees","13":"product_tag-seguso-viro-fr","14":"desktop-align-center","15":"tablet-align-center","16":"mobile-align-center","17":"ast-product-gallery-layout-horizontal","18":"ast-product-tabs-layout-horizontal","19":"ast-qv-on-image","21":"first","22":"instock","23":"sold-individually","24":"taxable","25":"shipping-taxable","26":"purchasable","27":"product-type-simple"},"_links":{"self":[{"href":"https:\/\/artglassmurano.com\/fr\/wp-json\/wp\/v2\/product\/3103","targetHints":{"allow":["GET"]}}],"collection":[{"href":"https:\/\/artglassmurano.com\/fr\/wp-json\/wp\/v2\/product"}],"about":[{"href":"https:\/\/artglassmurano.com\/fr\/wp-json\/wp\/v2\/types\/product"}],"replies":[{"embeddable":true,"href":"https:\/\/artglassmurano.com\/fr\/wp-json\/wp\/v2\/comments?post=3103"}],"wp:featuredmedia":[{"embeddable":true,"href":"https:\/\/artglassmurano.com\/fr\/wp-json\/wp\/v2\/media\/2871"}],"wp:attachment":[{"href":"https:\/\/artglassmurano.com\/fr\/wp-json\/wp\/v2\/media?parent=3103"}],"wp:term":[{"taxonomy":"product_cat","embeddable":true,"href":"https:\/\/artglassmurano.com\/fr\/wp-json\/wp\/v2\/product_cat?post=3103"},{"taxonomy":"product_tag","embeddable":true,"href":"https:\/\/artglassmurano.com\/fr\/wp-json\/wp\/v2\/product_tag?post=3103"}],"curies":[{"name":"wp","href":"https:\/\/api.w.org\/{rel}","templated":true}]}}