{"id":9093,"date":"2025-10-27T17:10:16","date_gmt":"2025-10-27T16:10:16","guid":{"rendered":"https:\/\/artglassmurano.com\/?post_type=product&#038;p=9093"},"modified":"2026-01-08T15:50:26","modified_gmt":"2026-01-08T14:50:26","slug":"pez-de-cristal-transparente-y-color-aqua-copy","status":"publish","type":"product","link":"https:\/\/artglassmurano.com\/es\/producto\/pez-de-cristal-transparente-y-color-aqua-copy\/","title":{"rendered":"Pez Scavo de cristal transparente"},"content":{"rendered":"","protected":false},"excerpt":{"rendered":"<p data-start=\"4905\" data-end=\"5102\">Aporta una elegancia atemporal a tu espacio con esta exquisita escultura de vidrio hecha a mano, que representa con delicadeza un pez posado sobre su base. Realizada en vidrio cristalino transparente, la pieza est\u00e1 acabada con la t\u00e9cnica tradicional Scavo, un proceso aut\u00e9ntico de Murano que recrea el encanto de los antiguos tesoros desenterrados.<br data-start=\"4760\" data-end=\"4763\" \/>Mediante la aplicaci\u00f3n de una mezcla de polvos minerales sobre la superficie del vidrio caliente, la t\u00e9cnica Scavo genera una textura mate bellamente envejecida, evocando el atractivo de los objetos hallados en excavaciones arqueol\u00f3gicas. El resultado es una obra que se siente a la vez hist\u00f3rica y contempor\u00e1nea, reflejando el esp\u00edritu de la artesan\u00eda veneciana.<br data-start=\"5126\" data-end=\"5129\" \/>Esta reinterpretaci\u00f3n de un motivo cl\u00e1sico muran\u00e9s transforma un tema tradicional en una pieza de colecci\u00f3n \u00fanica, perfecta para a\u00f1adir car\u00e1cter, profundidad y sofisticaci\u00f3n a cualquier ambiente.<br data-start=\"5324\" data-end=\"5327\" \/>Color: transparente, blanco<br data-start=\"5358\" data-end=\"5361\" \/>Dimensiones: H 26\u00d736\u00d78 cm | H 10.2&#8243;\u00d714.2&#8243;\u00d73.1&#8243;<\/p>\n","protected":false},"featured_media":9105,"comment_status":"open","ping_status":"closed","template":"","meta":{"site-sidebar-layout":"default","site-content-layout":"default","ast-site-content-layout":"default","site-content-style":"default","site-sidebar-style":"default","ast-global-header-display":"","ast-banner-title-visibility":"","ast-main-header-display":"","ast-hfb-above-header-display":"","ast-hfb-below-header-display":"","ast-hfb-mobile-header-display":"","site-post-title":"","ast-breadcrumbs-content":"","ast-featured-img":"","footer-sml-layout":"","theme-transparent-header-meta":"default","adv-header-id-meta":"","stick-header-meta":"default","header-above-stick-meta":"","header-main-stick-meta":"","header-below-stick-meta":"","astra-migrate-meta-layouts":"default","ast-page-background-enabled":"default","ast-page-background-meta":{"desktop":{"background-color":"","background-image":"","background-repeat":"repeat","background-position":"center center","background-size":"auto","background-attachment":"scroll","background-type":"","background-media":"","overlay-type":"","overlay-color":"","overlay-gradient":""},"tablet":{"background-color":"","background-image":"","background-repeat":"repeat","background-position":"center center","background-size":"auto","background-attachment":"scroll","background-type":"","background-media":"","overlay-type":"","overlay-color":"","overlay-gradient":""},"mobile":{"background-color":"","background-image":"","background-repeat":"repeat","background-position":"center center","background-size":"auto","background-attachment":"scroll","background-type":"","background-media":"","overlay-type":"","overlay-color":"","overlay-gradient":""}},"ast-content-background-meta":{"desktop":{"background-color":"var(--ast-global-color-5)","background-image":"","background-repeat":"repeat","background-position":"center center","background-size":"auto","background-attachment":"scroll","background-type":"","background-media":"","overlay-type":"","overlay-color":"","overlay-gradient":""},"tablet":{"background-color":"var(--ast-global-color-5)","background-image":"","background-repeat":"repeat","background-position":"center center","background-size":"auto","background-attachment":"scroll","background-type":"","background-media":"","overlay-type":"","overlay-color":"","overlay-gradient":""},"mobile":{"background-color":"var(--ast-global-color-5)","background-image":"","background-repeat":"repeat","background-position":"center center","background-size":"auto","background-attachment":"scroll","background-type":"","background-media":"","overlay-type":"","overlay-color":"","overlay-gradient":""}}},"product_cat":[277],"product_tag":[813,198,910,491,660],"class_list":{"0":"post-9093","1":"product","2":"type-product","3":"status-publish","4":"has-post-thumbnail","6":"product_cat-esculturas","7":"product_tag-animales-de-vidrio","8":"product_tag-blanco","9":"product_tag-scavo-es","10":"product_tag-seguso-vetri-darte-es","11":"product_tag-transparente-es","12":"desktop-align-center","13":"tablet-align-center","14":"mobile-align-center","15":"ast-product-gallery-layout-horizontal","16":"ast-product-tabs-layout-horizontal","17":"ast-qv-on-image","19":"first","20":"instock","21":"downloadable","22":"sold-individually","23":"taxable","24":"shipping-taxable","25":"purchasable","26":"product-type-simple"},"_links":{"self":[{"href":"https:\/\/artglassmurano.com\/es\/wp-json\/wp\/v2\/product\/9093","targetHints":{"allow":["GET"]}}],"collection":[{"href":"https:\/\/artglassmurano.com\/es\/wp-json\/wp\/v2\/product"}],"about":[{"href":"https:\/\/artglassmurano.com\/es\/wp-json\/wp\/v2\/types\/product"}],"replies":[{"embeddable":true,"href":"https:\/\/artglassmurano.com\/es\/wp-json\/wp\/v2\/comments?post=9093"}],"wp:featuredmedia":[{"embeddable":true,"href":"https:\/\/artglassmurano.com\/es\/wp-json\/wp\/v2\/media\/9105"}],"wp:attachment":[{"href":"https:\/\/artglassmurano.com\/es\/wp-json\/wp\/v2\/media?parent=9093"}],"wp:term":[{"taxonomy":"product_cat","embeddable":true,"href":"https:\/\/artglassmurano.com\/es\/wp-json\/wp\/v2\/product_cat?post=9093"},{"taxonomy":"product_tag","embeddable":true,"href":"https:\/\/artglassmurano.com\/es\/wp-json\/wp\/v2\/product_tag?post=9093"}],"curies":[{"name":"wp","href":"https:\/\/api.w.org\/{rel}","templated":true}]}}