{"id":8920,"date":"2025-10-21T15:37:24","date_gmt":"2025-10-21T13:37:24","guid":{"rendered":"https:\/\/artglassmurano.com\/?post_type=product&#038;p=8920"},"modified":"2025-10-21T15:50:52","modified_gmt":"2025-10-21T13:50:52","slug":"perro-de-vidrio-rojo-copy","status":"publish","type":"product","link":"https:\/\/artglassmurano.com\/es\/producto\/perro-de-vidrio-rojo-copy\/","title":{"rendered":"Medusas Cristal Transparente y Rub\u00ed"},"content":{"rendered":"","protected":false},"excerpt":{"rendered":"<p data-start=\"3681\" data-end=\"3974\">Esta escultura est\u00e1 hecha de cristal s\u00f3lido y transparente, y encierra tres medusas en cristal y vidrio rub\u00ed. La t\u00e9cnica de inmersi\u00f3n crea un sorprendente efecto de suspensi\u00f3n, realzado por la presencia de delicadas burbujas de aire atrapadas dentro del vidrio, simulando un entorno submarino.<\/p>\n<p data-start=\"3976\" data-end=\"4219\">Cada medusa, con sus vibrantes detalles en rub\u00ed que delinean la campana y los tent\u00e1culos, a\u00f1ade un toque de color y una din\u00e1mica elegante a la pieza. Una obra \u00fanica que combina transparencia, luz y color para un resultado visual impresionante.<\/p>\n<p data-start=\"4221\" data-end=\"4293\">Color: transparente, rub\u00ed<br data-start=\"4246\" data-end=\"4249\" \/>Dimensiones: A 22\u00d716\u00d78 cm (A 8,7\u2033\u00d76,3\u2033\u00d73,1\u2033)<\/p>\n","protected":false},"featured_media":8932,"comment_status":"open","ping_status":"closed","template":"","meta":{"site-sidebar-layout":"default","site-content-layout":"default","ast-site-content-layout":"default","site-content-style":"default","site-sidebar-style":"default","ast-global-header-display":"","ast-banner-title-visibility":"","ast-main-header-display":"","ast-hfb-above-header-display":"","ast-hfb-below-header-display":"","ast-hfb-mobile-header-display":"","site-post-title":"","ast-breadcrumbs-content":"","ast-featured-img":"","footer-sml-layout":"","theme-transparent-header-meta":"default","adv-header-id-meta":"","stick-header-meta":"default","header-above-stick-meta":"","header-main-stick-meta":"","header-below-stick-meta":"","astra-migrate-meta-layouts":"default","ast-page-background-enabled":"default","ast-page-background-meta":{"desktop":{"background-color":"","background-image":"","background-repeat":"repeat","background-position":"center center","background-size":"auto","background-attachment":"scroll","background-type":"","background-media":"","overlay-type":"","overlay-color":"","overlay-gradient":""},"tablet":{"background-color":"","background-image":"","background-repeat":"repeat","background-position":"center center","background-size":"auto","background-attachment":"scroll","background-type":"","background-media":"","overlay-type":"","overlay-color":"","overlay-gradient":""},"mobile":{"background-color":"","background-image":"","background-repeat":"repeat","background-position":"center center","background-size":"auto","background-attachment":"scroll","background-type":"","background-media":"","overlay-type":"","overlay-color":"","overlay-gradient":""}},"ast-content-background-meta":{"desktop":{"background-color":"var(--ast-global-color-5)","background-image":"","background-repeat":"repeat","background-position":"center center","background-size":"auto","background-attachment":"scroll","background-type":"","background-media":"","overlay-type":"","overlay-color":"","overlay-gradient":""},"tablet":{"background-color":"var(--ast-global-color-5)","background-image":"","background-repeat":"repeat","background-position":"center center","background-size":"auto","background-attachment":"scroll","background-type":"","background-media":"","overlay-type":"","overlay-color":"","overlay-gradient":""},"mobile":{"background-color":"var(--ast-global-color-5)","background-image":"","background-repeat":"repeat","background-position":"center center","background-size":"auto","background-attachment":"scroll","background-type":"","background-media":"","overlay-type":"","overlay-color":"","overlay-gradient":""}}},"product_cat":[277],"product_tag":[813,768,491,663,660,869],"class_list":{"0":"post-8920","1":"product","2":"type-product","3":"status-publish","4":"has-post-thumbnail","6":"product_cat-esculturas","7":"product_tag-animales-de-vidrio","8":"product_tag-rubi","9":"product_tag-seguso-vetri-darte-es","10":"product_tag-sumergido","11":"product_tag-transparente-es","12":"product_tag-vidrio-macizo","13":"desktop-align-center","14":"tablet-align-center","15":"mobile-align-center","16":"ast-product-gallery-layout-horizontal","17":"ast-product-tabs-layout-horizontal","18":"ast-qv-on-image","20":"first","21":"instock","22":"downloadable","23":"sold-individually","24":"taxable","25":"shipping-taxable","26":"purchasable","27":"product-type-simple"},"_links":{"self":[{"href":"https:\/\/artglassmurano.com\/es\/wp-json\/wp\/v2\/product\/8920","targetHints":{"allow":["GET"]}}],"collection":[{"href":"https:\/\/artglassmurano.com\/es\/wp-json\/wp\/v2\/product"}],"about":[{"href":"https:\/\/artglassmurano.com\/es\/wp-json\/wp\/v2\/types\/product"}],"replies":[{"embeddable":true,"href":"https:\/\/artglassmurano.com\/es\/wp-json\/wp\/v2\/comments?post=8920"}],"wp:featuredmedia":[{"embeddable":true,"href":"https:\/\/artglassmurano.com\/es\/wp-json\/wp\/v2\/media\/8932"}],"wp:attachment":[{"href":"https:\/\/artglassmurano.com\/es\/wp-json\/wp\/v2\/media?parent=8920"}],"wp:term":[{"taxonomy":"product_cat","embeddable":true,"href":"https:\/\/artglassmurano.com\/es\/wp-json\/wp\/v2\/product_cat?post=8920"},{"taxonomy":"product_tag","embeddable":true,"href":"https:\/\/artglassmurano.com\/es\/wp-json\/wp\/v2\/product_tag?post=8920"}],"curies":[{"name":"wp","href":"https:\/\/api.w.org\/{rel}","templated":true}]}}