{"id":8620,"date":"2025-10-03T08:31:22","date_gmt":"2025-10-03T06:31:22","guid":{"rendered":"https:\/\/artglassmurano.com\/?post_type=product&#038;p=8620"},"modified":"2025-10-03T09:37:20","modified_gmt":"2025-10-03T07:37:20","slug":"jarron-craquele-ambar-copy-3","status":"publish","type":"product","link":"https:\/\/artglassmurano.com\/es\/producto\/jarron-craquele-ambar-copy-3\/","title":{"rendered":"Jarr\u00f3n Ormeggio Taupe"},"content":{"rendered":"","protected":false},"excerpt":{"rendered":"<p data-start=\"87\" data-end=\"451\">El jarr\u00f3n Ormeggio es un ejemplo refinado del arte del vidrio de Murano, soplado a boca y elaborado con una elegancia atemporal. Su silueta ovalada y lineal se enriquece con un filigrana en espiral de varillas de vidrio blancas, taupe y aventurina, que se desplaza a trav\u00e9s de una capa de vidrio gris suave y luego se sumerge bajo vidrio cristalino transparente.<\/p>\n<p data-start=\"453\" data-end=\"719\">Esta t\u00e9cnica sofisticada no solo realza la interacci\u00f3n luminosa de los colores, sino que tambi\u00e9n introduce detalles sutiles: al superponer el vidrio a diferentes temperaturas, ocurre una reacci\u00f3n natural que crea delicadas burbujas de aire suspendidas en la pieza.<\/p>\n<p data-start=\"721\" data-end=\"824\">El resultado es un jarr\u00f3n \u00fanico, que combina la elegancia cl\u00e1sica con la sofisticaci\u00f3n contempor\u00e1nea.<\/p>\n<p data-start=\"826\" data-end=\"925\">Colores: taupe, transparente, gris<br data-start=\"864\" data-end=\"867\" \/>Dimensiones: H 29 \u00d7 25 \u00d7 11 cm | 11,4\u201d \u00d7 9,8\u201d \u00d7 4,3\u201d<\/p>\n","protected":false},"featured_media":8656,"comment_status":"open","ping_status":"closed","template":"","meta":{"site-sidebar-layout":"default","site-content-layout":"default","ast-site-content-layout":"default","site-content-style":"default","site-sidebar-style":"default","ast-global-header-display":"","ast-banner-title-visibility":"","ast-main-header-display":"","ast-hfb-above-header-display":"","ast-hfb-below-header-display":"","ast-hfb-mobile-header-display":"","site-post-title":"","ast-breadcrumbs-content":"","ast-featured-img":"","footer-sml-layout":"","theme-transparent-header-meta":"default","adv-header-id-meta":"","stick-header-meta":"default","header-above-stick-meta":"","header-main-stick-meta":"","header-below-stick-meta":"","astra-migrate-meta-layouts":"default","ast-page-background-enabled":"default","ast-page-background-meta":{"desktop":{"background-color":"","background-image":"","background-repeat":"repeat","background-position":"center center","background-size":"auto","background-attachment":"scroll","background-type":"","background-media":"","overlay-type":"","overlay-color":"","overlay-gradient":""},"tablet":{"background-color":"","background-image":"","background-repeat":"repeat","background-position":"center center","background-size":"auto","background-attachment":"scroll","background-type":"","background-media":"","overlay-type":"","overlay-color":"","overlay-gradient":""},"mobile":{"background-color":"","background-image":"","background-repeat":"repeat","background-position":"center center","background-size":"auto","background-attachment":"scroll","background-type":"","background-media":"","overlay-type":"","overlay-color":"","overlay-gradient":""}},"ast-content-background-meta":{"desktop":{"background-color":"var(--ast-global-color-5)","background-image":"","background-repeat":"repeat","background-position":"center center","background-size":"auto","background-attachment":"scroll","background-type":"","background-media":"","overlay-type":"","overlay-color":"","overlay-gradient":""},"tablet":{"background-color":"var(--ast-global-color-5)","background-image":"","background-repeat":"repeat","background-position":"center center","background-size":"auto","background-attachment":"scroll","background-type":"","background-media":"","overlay-type":"","overlay-color":"","overlay-gradient":""},"mobile":{"background-color":"var(--ast-global-color-5)","background-image":"","background-repeat":"repeat","background-position":"center center","background-size":"auto","background-attachment":"scroll","background-type":"","background-media":"","overlay-type":"","overlay-color":"","overlay-gradient":""}}},"product_cat":[257],"product_tag":[845,599,259,491,663,687,660],"class_list":{"0":"post-8620","1":"product","2":"type-product","3":"status-publish","4":"has-post-thumbnail","6":"product_cat-jarrones","7":"product_tag-filigrana-es","8":"product_tag-gris-es","9":"product_tag-moderno-es","10":"product_tag-seguso-vetri-darte-es","11":"product_tag-sumergido","12":"product_tag-taupe-es","13":"product_tag-transparente-es","14":"desktop-align-center","15":"tablet-align-center","16":"mobile-align-center","17":"ast-product-gallery-layout-horizontal","18":"ast-product-tabs-layout-horizontal","19":"ast-qv-on-image","21":"first","22":"instock","23":"downloadable","24":"sold-individually","25":"taxable","26":"shipping-taxable","27":"purchasable","28":"product-type-simple"},"_links":{"self":[{"href":"https:\/\/artglassmurano.com\/es\/wp-json\/wp\/v2\/product\/8620","targetHints":{"allow":["GET"]}}],"collection":[{"href":"https:\/\/artglassmurano.com\/es\/wp-json\/wp\/v2\/product"}],"about":[{"href":"https:\/\/artglassmurano.com\/es\/wp-json\/wp\/v2\/types\/product"}],"replies":[{"embeddable":true,"href":"https:\/\/artglassmurano.com\/es\/wp-json\/wp\/v2\/comments?post=8620"}],"wp:featuredmedia":[{"embeddable":true,"href":"https:\/\/artglassmurano.com\/es\/wp-json\/wp\/v2\/media\/8656"}],"wp:attachment":[{"href":"https:\/\/artglassmurano.com\/es\/wp-json\/wp\/v2\/media?parent=8620"}],"wp:term":[{"taxonomy":"product_cat","embeddable":true,"href":"https:\/\/artglassmurano.com\/es\/wp-json\/wp\/v2\/product_cat?post=8620"},{"taxonomy":"product_tag","embeddable":true,"href":"https:\/\/artglassmurano.com\/es\/wp-json\/wp\/v2\/product_tag?post=8620"}],"curies":[{"name":"wp","href":"https:\/\/api.w.org\/{rel}","templated":true}]}}