{"id":8510,"date":"2025-09-08T15:20:14","date_gmt":"2025-09-08T13:20:14","guid":{"rendered":"https:\/\/artglassmurano.com\/?post_type=product&#038;p=8510"},"modified":"2025-09-08T15:08:12","modified_gmt":"2025-09-08T13:08:12","slug":"candelabro-dorado-transparente-copy","status":"publish","type":"product","link":"https:\/\/artglassmurano.com\/es\/producto\/candelabro-dorado-transparente-copy\/","title":{"rendered":"Candelabro dorado transparente"},"content":{"rendered":"","protected":false},"excerpt":{"rendered":"<p>Eleva tu espacio con este candelabro escult\u00f3rico individual, meticulosamente elaborado a mano en vidrio de Murano dorado transparente. Su dise\u00f1o comienza con una base acampanada y estriada que fluye suavemente hacia una esfera de vidrio estriada, contin\u00faa en un tallo estriado con forma de gota y culmina en un portavelas elegantemente acampanado. La delicada interacci\u00f3n entre transparencia y dorado crea un resplandor luminoso, convirtiendo este candelabro en un centro de atenci\u00f3n cautivador para una consola, mesa de comedor o estanter\u00eda.<\/p>\n<p>Color: dorado transparente<br \/>\nDimensiones: A 44 cm \u00d7 An 11 cm (17,3&#8243; \u00d7 4,3&#8243;)<\/p>\n","protected":false},"featured_media":8522,"comment_status":"open","ping_status":"closed","template":"","meta":{"site-sidebar-layout":"default","site-content-layout":"default","ast-site-content-layout":"default","site-content-style":"default","site-sidebar-style":"default","ast-global-header-display":"","ast-banner-title-visibility":"","ast-main-header-display":"","ast-hfb-above-header-display":"","ast-hfb-below-header-display":"","ast-hfb-mobile-header-display":"","site-post-title":"","ast-breadcrumbs-content":"","ast-featured-img":"","footer-sml-layout":"","theme-transparent-header-meta":"default","adv-header-id-meta":"","stick-header-meta":"default","header-above-stick-meta":"","header-main-stick-meta":"","header-below-stick-meta":"","astra-migrate-meta-layouts":"default","ast-page-background-enabled":"default","ast-page-background-meta":{"desktop":{"background-color":"","background-image":"","background-repeat":"repeat","background-position":"center center","background-size":"auto","background-attachment":"scroll","background-type":"","background-media":"","overlay-type":"","overlay-color":"","overlay-gradient":""},"tablet":{"background-color":"","background-image":"","background-repeat":"repeat","background-position":"center center","background-size":"auto","background-attachment":"scroll","background-type":"","background-media":"","overlay-type":"","overlay-color":"","overlay-gradient":""},"mobile":{"background-color":"","background-image":"","background-repeat":"repeat","background-position":"center center","background-size":"auto","background-attachment":"scroll","background-type":"","background-media":"","overlay-type":"","overlay-color":"","overlay-gradient":""}},"ast-content-background-meta":{"desktop":{"background-color":"var(--ast-global-color-5)","background-image":"","background-repeat":"repeat","background-position":"center center","background-size":"auto","background-attachment":"scroll","background-type":"","background-media":"","overlay-type":"","overlay-color":"","overlay-gradient":""},"tablet":{"background-color":"var(--ast-global-color-5)","background-image":"","background-repeat":"repeat","background-position":"center center","background-size":"auto","background-attachment":"scroll","background-type":"","background-media":"","overlay-type":"","overlay-color":"","overlay-gradient":""},"mobile":{"background-color":"var(--ast-global-color-5)","background-image":"","background-repeat":"repeat","background-position":"center center","background-size":"auto","background-attachment":"scroll","background-type":"","background-media":"","overlay-type":"","overlay-color":"","overlay-gradient":""}}},"product_cat":[270],"product_tag":[821,534,491],"class_list":{"0":"post-8510","1":"product","2":"type-product","3":"status-publish","4":"has-post-thumbnail","6":"product_cat-objetos","7":"product_tag-exotico","8":"product_tag-oro-claro","9":"product_tag-seguso-vetri-darte-es","10":"desktop-align-center","11":"tablet-align-center","12":"mobile-align-center","13":"ast-product-gallery-layout-horizontal","14":"ast-product-tabs-layout-horizontal","15":"ast-qv-on-image","17":"first","18":"instock","19":"downloadable","20":"sold-individually","21":"taxable","22":"shipping-taxable","23":"purchasable","24":"product-type-simple"},"_links":{"self":[{"href":"https:\/\/artglassmurano.com\/es\/wp-json\/wp\/v2\/product\/8510","targetHints":{"allow":["GET"]}}],"collection":[{"href":"https:\/\/artglassmurano.com\/es\/wp-json\/wp\/v2\/product"}],"about":[{"href":"https:\/\/artglassmurano.com\/es\/wp-json\/wp\/v2\/types\/product"}],"replies":[{"embeddable":true,"href":"https:\/\/artglassmurano.com\/es\/wp-json\/wp\/v2\/comments?post=8510"}],"wp:featuredmedia":[{"embeddable":true,"href":"https:\/\/artglassmurano.com\/es\/wp-json\/wp\/v2\/media\/8522"}],"wp:attachment":[{"href":"https:\/\/artglassmurano.com\/es\/wp-json\/wp\/v2\/media?parent=8510"}],"wp:term":[{"taxonomy":"product_cat","embeddable":true,"href":"https:\/\/artglassmurano.com\/es\/wp-json\/wp\/v2\/product_cat?post=8510"},{"taxonomy":"product_tag","embeddable":true,"href":"https:\/\/artglassmurano.com\/es\/wp-json\/wp\/v2\/product_tag?post=8510"}],"curies":[{"name":"wp","href":"https:\/\/api.w.org\/{rel}","templated":true}]}}