{"id":8414,"date":"2025-09-08T14:16:40","date_gmt":"2025-09-08T12:16:40","guid":{"rendered":"https:\/\/artglassmurano.com\/?post_type=product&#038;p=8414"},"modified":"2025-09-08T14:35:17","modified_gmt":"2025-09-08T12:35:17","slug":"palmera-cristalina-medium-copy","status":"publish","type":"product","link":"https:\/\/artglassmurano.com\/es\/producto\/palmera-cristalina-medium-copy\/","title":{"rendered":"Pumo de Cristal Dorado Transparente"},"content":{"rendered":"","protected":false},"excerpt":{"rendered":"<p data-start=\"46\" data-end=\"629\">El Pumo, un objeto decorativo tradicional originario de Apulia, es m\u00e1s que un simple adorno elegante: es un s\u00edmbolo de buena fortuna, prosperidad, fertilidad y nuevos comienzos. Tradicionalmente se regala para transmitir los mejores deseos, y encarna energ\u00eda positiva e intenciones auspiciosas. Aunque normalmente se elabora en cer\u00e1mica, esta reinterpretaci\u00f3n en vidrio de Murano eleva el dise\u00f1o cl\u00e1sico: una base de cristal transparente sostiene una magn\u00edfica parte superior de vidrio dorado transparente, con la forma tradicional de huevo y adornada con tres delicadas hojas.<\/p>\n<p data-start=\"631\" data-end=\"963\">Esta exquisita pieza es perfecta para a\u00f1adir un toque de elegancia refinada a cualquier espacio, ya sea en la repisa de una chimenea, una estanter\u00eda o un escritorio. Tambi\u00e9n constituye un regalo significativo para bodas, inauguraciones de hogar u ocasiones especiales, combinando la artesan\u00eda atemporal con un simbolismo profundo.<\/p>\n<p data-start=\"965\" data-end=\"1058\">Color: transparente, dorado transparente<br data-start=\"1009\" data-end=\"1012\" \/>Dimensiones: H 33 x 12 cm \/ H 13&#8243; x 4,7&#8243;<\/p>\n","protected":false},"featured_media":8426,"comment_status":"open","ping_status":"closed","template":"","meta":{"site-sidebar-layout":"default","site-content-layout":"default","ast-site-content-layout":"default","site-content-style":"default","site-sidebar-style":"default","ast-global-header-display":"","ast-banner-title-visibility":"","ast-main-header-display":"","ast-hfb-above-header-display":"","ast-hfb-below-header-display":"","ast-hfb-mobile-header-display":"","site-post-title":"","ast-breadcrumbs-content":"","ast-featured-img":"","footer-sml-layout":"","theme-transparent-header-meta":"default","adv-header-id-meta":"","stick-header-meta":"default","header-above-stick-meta":"","header-main-stick-meta":"","header-below-stick-meta":"","astra-migrate-meta-layouts":"default","ast-page-background-enabled":"default","ast-page-background-meta":{"desktop":{"background-color":"","background-image":"","background-repeat":"repeat","background-position":"center center","background-size":"auto","background-attachment":"scroll","background-type":"","background-media":"","overlay-type":"","overlay-color":"","overlay-gradient":""},"tablet":{"background-color":"","background-image":"","background-repeat":"repeat","background-position":"center center","background-size":"auto","background-attachment":"scroll","background-type":"","background-media":"","overlay-type":"","overlay-color":"","overlay-gradient":""},"mobile":{"background-color":"","background-image":"","background-repeat":"repeat","background-position":"center center","background-size":"auto","background-attachment":"scroll","background-type":"","background-media":"","overlay-type":"","overlay-color":"","overlay-gradient":""}},"ast-content-background-meta":{"desktop":{"background-color":"var(--ast-global-color-5)","background-image":"","background-repeat":"repeat","background-position":"center center","background-size":"auto","background-attachment":"scroll","background-type":"","background-media":"","overlay-type":"","overlay-color":"","overlay-gradient":""},"tablet":{"background-color":"var(--ast-global-color-5)","background-image":"","background-repeat":"repeat","background-position":"center center","background-size":"auto","background-attachment":"scroll","background-type":"","background-media":"","overlay-type":"","overlay-color":"","overlay-gradient":""},"mobile":{"background-color":"var(--ast-global-color-5)","background-image":"","background-repeat":"repeat","background-position":"center center","background-size":"auto","background-attachment":"scroll","background-type":"","background-media":"","overlay-type":"","overlay-color":"","overlay-gradient":""}}},"product_cat":[270],"product_tag":[821,534,491,660],"class_list":{"0":"post-8414","1":"product","2":"type-product","3":"status-publish","4":"has-post-thumbnail","6":"product_cat-objetos","7":"product_tag-exotico","8":"product_tag-oro-claro","9":"product_tag-seguso-vetri-darte-es","10":"product_tag-transparente-es","11":"desktop-align-center","12":"tablet-align-center","13":"mobile-align-center","14":"ast-product-gallery-layout-horizontal","15":"ast-product-tabs-layout-horizontal","16":"ast-qv-on-image","18":"first","19":"instock","20":"downloadable","21":"sold-individually","22":"taxable","23":"shipping-taxable","24":"purchasable","25":"product-type-simple"},"_links":{"self":[{"href":"https:\/\/artglassmurano.com\/es\/wp-json\/wp\/v2\/product\/8414","targetHints":{"allow":["GET"]}}],"collection":[{"href":"https:\/\/artglassmurano.com\/es\/wp-json\/wp\/v2\/product"}],"about":[{"href":"https:\/\/artglassmurano.com\/es\/wp-json\/wp\/v2\/types\/product"}],"replies":[{"embeddable":true,"href":"https:\/\/artglassmurano.com\/es\/wp-json\/wp\/v2\/comments?post=8414"}],"wp:featuredmedia":[{"embeddable":true,"href":"https:\/\/artglassmurano.com\/es\/wp-json\/wp\/v2\/media\/8426"}],"wp:attachment":[{"href":"https:\/\/artglassmurano.com\/es\/wp-json\/wp\/v2\/media?parent=8414"}],"wp:term":[{"taxonomy":"product_cat","embeddable":true,"href":"https:\/\/artglassmurano.com\/es\/wp-json\/wp\/v2\/product_cat?post=8414"},{"taxonomy":"product_tag","embeddable":true,"href":"https:\/\/artglassmurano.com\/es\/wp-json\/wp\/v2\/product_tag?post=8414"}],"curies":[{"name":"wp","href":"https:\/\/api.w.org\/{rel}","templated":true}]}}