{"id":7857,"date":"2025-06-23T17:30:43","date_gmt":"2025-06-23T15:30:43","guid":{"rendered":"https:\/\/artglassmurano.com\/?post_type=product&#038;p=7857"},"modified":"2025-07-03T15:52:37","modified_gmt":"2025-07-03T13:52:37","slug":"jarron-craquele-ambar-copy-copy-copy-copy-copy-copy-copy-copy-copy-copy-copy-copy-copy-copy-copy-copy-2","status":"publish","type":"product","link":"https:\/\/artglassmurano.com\/es\/producto\/jarron-craquele-ambar-copy-copy-copy-copy-copy-copy-copy-copy-copy-copy-copy-copy-copy-copy-copy-copy-2\/","title":{"rendered":"Jarr\u00f3n Craquel\u00e9 verde"},"content":{"rendered":"","protected":false},"excerpt":{"rendered":"<p>La colecci\u00f3n Craquel\u00e9 combina la t\u00e9cnica de vidrio multicapa Sommerso, t\u00edpica de Seguso y ganadora del Compasso d&#8217;Oro en 1954, con el efecto Craquel\u00e9, logrado al sumergir el vidrio incandescente en agua fr\u00eda, creando una textura \u00fanica en la superficie que hace que cada pieza sea \u00fanica.<\/p>\n<p data-start=\"43\" data-end=\"138\">Este jarr\u00f3n presenta una capa verde pio sumergida bajo una capa amarilla y vidrio transparente.<\/p>\n<p data-start=\"140\" data-end=\"242\" data-is-last-node=\"\" data-is-only-node=\"\">Colores: verde pio, amarillo, cristalino.<br data-start=\"181\" data-end=\"184\" \/>Dimensiones: Alto 26,5 cm x 21 x 10 \/ Alto 10,5\u201d x 8\u201d x 4\u201d<\/p>\n","protected":false},"featured_media":7869,"comment_status":"open","ping_status":"closed","template":"","meta":{"site-sidebar-layout":"default","site-content-layout":"default","ast-site-content-layout":"default","site-content-style":"default","site-sidebar-style":"default","ast-global-header-display":"","ast-banner-title-visibility":"","ast-main-header-display":"","ast-hfb-above-header-display":"","ast-hfb-below-header-display":"","ast-hfb-mobile-header-display":"","site-post-title":"","ast-breadcrumbs-content":"","ast-featured-img":"","footer-sml-layout":"","theme-transparent-header-meta":"default","adv-header-id-meta":"","stick-header-meta":"default","header-above-stick-meta":"","header-main-stick-meta":"","header-below-stick-meta":"","astra-migrate-meta-layouts":"default","ast-page-background-enabled":"default","ast-page-background-meta":{"desktop":{"background-color":"","background-image":"","background-repeat":"repeat","background-position":"center center","background-size":"auto","background-attachment":"scroll","background-type":"","background-media":"","overlay-type":"","overlay-color":"","overlay-gradient":""},"tablet":{"background-color":"","background-image":"","background-repeat":"repeat","background-position":"center center","background-size":"auto","background-attachment":"scroll","background-type":"","background-media":"","overlay-type":"","overlay-color":"","overlay-gradient":""},"mobile":{"background-color":"","background-image":"","background-repeat":"repeat","background-position":"center center","background-size":"auto","background-attachment":"scroll","background-type":"","background-media":"","overlay-type":"","overlay-color":"","overlay-gradient":""}},"ast-content-background-meta":{"desktop":{"background-color":"var(--ast-global-color-5)","background-image":"","background-repeat":"repeat","background-position":"center center","background-size":"auto","background-attachment":"scroll","background-type":"","background-media":"","overlay-type":"","overlay-color":"","overlay-gradient":""},"tablet":{"background-color":"var(--ast-global-color-5)","background-image":"","background-repeat":"repeat","background-position":"center center","background-size":"auto","background-attachment":"scroll","background-type":"","background-media":"","overlay-type":"","overlay-color":"","overlay-gradient":""},"mobile":{"background-color":"var(--ast-global-color-5)","background-image":"","background-repeat":"repeat","background-position":"center center","background-size":"auto","background-attachment":"scroll","background-type":"","background-media":"","overlay-type":"","overlay-color":"","overlay-gradient":""}}},"product_cat":[257],"product_tag":[743,735,259,491,663,660,163],"class_list":{"0":"post-7857","1":"product","2":"type-product","3":"status-publish","4":"has-post-thumbnail","6":"product_cat-jarrones","7":"product_tag-amarillo","8":"product_tag-craquele-es","9":"product_tag-moderno-es","10":"product_tag-seguso-vetri-darte-es","11":"product_tag-sumergido","12":"product_tag-transparente-es","13":"product_tag-verde-es","14":"desktop-align-center","15":"tablet-align-center","16":"mobile-align-center","17":"ast-product-gallery-layout-horizontal","18":"ast-product-tabs-layout-horizontal","19":"ast-qv-on-image","21":"first","22":"instock","23":"downloadable","24":"sold-individually","25":"taxable","26":"shipping-taxable","27":"purchasable","28":"product-type-simple"},"_links":{"self":[{"href":"https:\/\/artglassmurano.com\/es\/wp-json\/wp\/v2\/product\/7857","targetHints":{"allow":["GET"]}}],"collection":[{"href":"https:\/\/artglassmurano.com\/es\/wp-json\/wp\/v2\/product"}],"about":[{"href":"https:\/\/artglassmurano.com\/es\/wp-json\/wp\/v2\/types\/product"}],"replies":[{"embeddable":true,"href":"https:\/\/artglassmurano.com\/es\/wp-json\/wp\/v2\/comments?post=7857"}],"wp:featuredmedia":[{"embeddable":true,"href":"https:\/\/artglassmurano.com\/es\/wp-json\/wp\/v2\/media\/7869"}],"wp:attachment":[{"href":"https:\/\/artglassmurano.com\/es\/wp-json\/wp\/v2\/media?parent=7857"}],"wp:term":[{"taxonomy":"product_cat","embeddable":true,"href":"https:\/\/artglassmurano.com\/es\/wp-json\/wp\/v2\/product_cat?post=7857"},{"taxonomy":"product_tag","embeddable":true,"href":"https:\/\/artglassmurano.com\/es\/wp-json\/wp\/v2\/product_tag?post=7857"}],"curies":[{"name":"wp","href":"https:\/\/api.w.org\/{rel}","templated":true}]}}