{"id":6941,"date":"2025-06-12T18:33:15","date_gmt":"2025-06-12T16:33:15","guid":{"rendered":"https:\/\/artglassmurano.com\/?post_type=product&#038;p=6941"},"modified":"2025-06-13T11:40:09","modified_gmt":"2025-06-13T09:40:09","slug":"jarron-verde-grate-seguso-viro-copy-copy-copy-copy-copy","status":"publish","type":"product","link":"https:\/\/artglassmurano.com\/es\/producto\/jarron-verde-grate-seguso-viro-copy-copy-copy-copy-copy\/","title":{"rendered":"Jarr\u00f3n Craquel\u00e9 Azul"},"content":{"rendered":"","protected":false},"excerpt":{"rendered":"<p>Este objeto forma parte de la colecci\u00f3n Craquel\u00e8 de Seguso Vetri D&#8217;Arte (2025). Fabricado en vidrio soplado azul, amarillo y transparente, presenta una interpretaci\u00f3n contempor\u00e1nea de la t\u00e9cnica tradicional Sommerso. Su superficie agrietada se consigue sumergiendo el vidrio caliente en agua helada, creando una textura \u00fanica que hace que cada pieza sea \u00fanica.<\/p>\n<p>Color: azul, amarillo, transparente<br \/>\nDimensiones: Alto 23 x 17 x 8 cm Alto 9 x 6,5 x 3 pulgadas<\/p>\n","protected":false},"featured_media":6953,"comment_status":"open","ping_status":"closed","template":"","meta":{"site-sidebar-layout":"default","site-content-layout":"default","ast-site-content-layout":"default","site-content-style":"default","site-sidebar-style":"default","ast-global-header-display":"","ast-banner-title-visibility":"","ast-main-header-display":"","ast-hfb-above-header-display":"","ast-hfb-below-header-display":"","ast-hfb-mobile-header-display":"","site-post-title":"","ast-breadcrumbs-content":"","ast-featured-img":"","footer-sml-layout":"","theme-transparent-header-meta":"default","adv-header-id-meta":"","stick-header-meta":"default","header-above-stick-meta":"","header-main-stick-meta":"","header-below-stick-meta":"","astra-migrate-meta-layouts":"default","ast-page-background-enabled":"default","ast-page-background-meta":{"desktop":{"background-color":"","background-image":"","background-repeat":"repeat","background-position":"center center","background-size":"auto","background-attachment":"scroll","background-type":"","background-media":"","overlay-type":"","overlay-color":"","overlay-gradient":""},"tablet":{"background-color":"","background-image":"","background-repeat":"repeat","background-position":"center center","background-size":"auto","background-attachment":"scroll","background-type":"","background-media":"","overlay-type":"","overlay-color":"","overlay-gradient":""},"mobile":{"background-color":"","background-image":"","background-repeat":"repeat","background-position":"center center","background-size":"auto","background-attachment":"scroll","background-type":"","background-media":"","overlay-type":"","overlay-color":"","overlay-gradient":""}},"ast-content-background-meta":{"desktop":{"background-color":"var(--ast-global-color-5)","background-image":"","background-repeat":"repeat","background-position":"center center","background-size":"auto","background-attachment":"scroll","background-type":"","background-media":"","overlay-type":"","overlay-color":"","overlay-gradient":""},"tablet":{"background-color":"var(--ast-global-color-5)","background-image":"","background-repeat":"repeat","background-position":"center center","background-size":"auto","background-attachment":"scroll","background-type":"","background-media":"","overlay-type":"","overlay-color":"","overlay-gradient":""},"mobile":{"background-color":"var(--ast-global-color-5)","background-image":"","background-repeat":"repeat","background-position":"center center","background-size":"auto","background-attachment":"scroll","background-type":"","background-media":"","overlay-type":"","overlay-color":"","overlay-gradient":""}}},"product_cat":[257],"product_tag":[743,156,735,259,491,663,660,736],"class_list":{"0":"post-6941","1":"product","2":"type-product","3":"status-publish","4":"has-post-thumbnail","6":"product_cat-jarrones","7":"product_tag-amarillo","8":"product_tag-azul","9":"product_tag-craquele-es","10":"product_tag-moderno-es","11":"product_tag-seguso-vetri-darte-es","12":"product_tag-sumergido","13":"product_tag-transparente-es","14":"product_tag-vidrio-craquelado-efecto-hielo","15":"desktop-align-center","16":"tablet-align-center","17":"mobile-align-center","18":"ast-product-gallery-layout-horizontal","19":"ast-product-tabs-layout-horizontal","20":"ast-qv-on-image","22":"first","23":"instock","24":"sold-individually","25":"taxable","26":"shipping-taxable","27":"purchasable","28":"product-type-simple"},"_links":{"self":[{"href":"https:\/\/artglassmurano.com\/es\/wp-json\/wp\/v2\/product\/6941","targetHints":{"allow":["GET"]}}],"collection":[{"href":"https:\/\/artglassmurano.com\/es\/wp-json\/wp\/v2\/product"}],"about":[{"href":"https:\/\/artglassmurano.com\/es\/wp-json\/wp\/v2\/types\/product"}],"replies":[{"embeddable":true,"href":"https:\/\/artglassmurano.com\/es\/wp-json\/wp\/v2\/comments?post=6941"}],"wp:featuredmedia":[{"embeddable":true,"href":"https:\/\/artglassmurano.com\/es\/wp-json\/wp\/v2\/media\/6953"}],"wp:attachment":[{"href":"https:\/\/artglassmurano.com\/es\/wp-json\/wp\/v2\/media?parent=6941"}],"wp:term":[{"taxonomy":"product_cat","embeddable":true,"href":"https:\/\/artglassmurano.com\/es\/wp-json\/wp\/v2\/product_cat?post=6941"},{"taxonomy":"product_tag","embeddable":true,"href":"https:\/\/artglassmurano.com\/es\/wp-json\/wp\/v2\/product_tag?post=6941"}],"curies":[{"name":"wp","href":"https:\/\/api.w.org\/{rel}","templated":true}]}}