{"id":5881,"date":"2025-05-12T12:17:54","date_gmt":"2025-05-12T10:17:54","guid":{"rendered":"https:\/\/artglassmurano.com\/?post_type=product&#038;p=5881"},"modified":"2025-05-12T14:13:16","modified_gmt":"2025-05-12T12:13:16","slug":"lampara-de-mesa-en-ambar-claro-con-forma-de-reloj-de-arena-copy","status":"publish","type":"product","link":"https:\/\/artglassmurano.com\/es\/producto\/lampara-de-mesa-en-ambar-claro-con-forma-de-reloj-de-arena-copy\/","title":{"rendered":"L\u00e1mpara de mesa en forma de lanza \u00c1mbar"},"content":{"rendered":"","protected":false},"excerpt":{"rendered":"<p>L\u00e1mpara de mesa de vidrio de Murano de Seguso Vetri d\u2019Arte. Hecha a mano a partir de vidrio soplado a boca, con un v\u00e1stago \u00e1mbar en forma de lanza y una base cil\u00edndrica de oro claro. El v\u00e1stago presenta un dise\u00f1o retorcido con estr\u00edas. Disponible bajo pedido con la opci\u00f3n de pantalla de l\u00e1mpara negra o blanca. Acomoda dos bombillas est\u00e1ndar y est\u00e1 equipada con cableado europeo.<br data-start=\"432\" data-end=\"435\" \/>Color: \u00e1mbar, oro claro<br data-start=\"458\" data-end=\"461\" \/>Dimensiones: Di\u00e1metro 35 cm x Altura 70 cm Di\u00e1metro 14&#8243; x Altura 28&#8243;<\/p>\n","protected":false},"featured_media":5893,"comment_status":"open","ping_status":"closed","template":"","meta":{"site-sidebar-layout":"default","site-content-layout":"default","ast-site-content-layout":"default","site-content-style":"default","site-sidebar-style":"default","ast-global-header-display":"","ast-banner-title-visibility":"","ast-main-header-display":"","ast-hfb-above-header-display":"","ast-hfb-below-header-display":"","ast-hfb-mobile-header-display":"","site-post-title":"","ast-breadcrumbs-content":"","ast-featured-img":"","footer-sml-layout":"","theme-transparent-header-meta":"default","adv-header-id-meta":"","stick-header-meta":"default","header-above-stick-meta":"","header-main-stick-meta":"","header-below-stick-meta":"","astra-migrate-meta-layouts":"default","ast-page-background-enabled":"default","ast-page-background-meta":{"desktop":{"background-color":"","background-image":"","background-repeat":"repeat","background-position":"center center","background-size":"auto","background-attachment":"scroll","background-type":"","background-media":"","overlay-type":"","overlay-color":"","overlay-gradient":""},"tablet":{"background-color":"","background-image":"","background-repeat":"repeat","background-position":"center center","background-size":"auto","background-attachment":"scroll","background-type":"","background-media":"","overlay-type":"","overlay-color":"","overlay-gradient":""},"mobile":{"background-color":"","background-image":"","background-repeat":"repeat","background-position":"center center","background-size":"auto","background-attachment":"scroll","background-type":"","background-media":"","overlay-type":"","overlay-color":"","overlay-gradient":""}},"ast-content-background-meta":{"desktop":{"background-color":"var(--ast-global-color-5)","background-image":"","background-repeat":"repeat","background-position":"center center","background-size":"auto","background-attachment":"scroll","background-type":"","background-media":"","overlay-type":"","overlay-color":"","overlay-gradient":""},"tablet":{"background-color":"var(--ast-global-color-5)","background-image":"","background-repeat":"repeat","background-position":"center center","background-size":"auto","background-attachment":"scroll","background-type":"","background-media":"","overlay-type":"","overlay-color":"","overlay-gradient":""},"mobile":{"background-color":"var(--ast-global-color-5)","background-image":"","background-repeat":"repeat","background-position":"center center","background-size":"auto","background-attachment":"scroll","background-type":"","background-media":"","overlay-type":"","overlay-color":"","overlay-gradient":""}}},"product_cat":[291],"product_tag":[533,531,532,534,491],"class_list":{"0":"post-5881","1":"product","2":"type-product","3":"status-publish","4":"has-post-thumbnail","6":"product_cat-lamparas","7":"product_tag-ambar","8":"product_tag-con-estrias-retorcidas","9":"product_tag-lanza","10":"product_tag-oro-claro","11":"product_tag-seguso-vetri-darte-es","12":"desktop-align-center","13":"tablet-align-center","14":"mobile-align-center","15":"ast-product-gallery-layout-horizontal","16":"ast-product-tabs-layout-horizontal","17":"ast-qv-on-image","19":"first","20":"instock","21":"sold-individually","22":"taxable","23":"shipping-taxable","24":"purchasable","25":"product-type-simple"},"_links":{"self":[{"href":"https:\/\/artglassmurano.com\/es\/wp-json\/wp\/v2\/product\/5881","targetHints":{"allow":["GET"]}}],"collection":[{"href":"https:\/\/artglassmurano.com\/es\/wp-json\/wp\/v2\/product"}],"about":[{"href":"https:\/\/artglassmurano.com\/es\/wp-json\/wp\/v2\/types\/product"}],"replies":[{"embeddable":true,"href":"https:\/\/artglassmurano.com\/es\/wp-json\/wp\/v2\/comments?post=5881"}],"wp:featuredmedia":[{"embeddable":true,"href":"https:\/\/artglassmurano.com\/es\/wp-json\/wp\/v2\/media\/5893"}],"wp:attachment":[{"href":"https:\/\/artglassmurano.com\/es\/wp-json\/wp\/v2\/media?parent=5881"}],"wp:term":[{"taxonomy":"product_cat","embeddable":true,"href":"https:\/\/artglassmurano.com\/es\/wp-json\/wp\/v2\/product_cat?post=5881"},{"taxonomy":"product_tag","embeddable":true,"href":"https:\/\/artglassmurano.com\/es\/wp-json\/wp\/v2\/product_tag?post=5881"}],"curies":[{"name":"wp","href":"https:\/\/api.w.org\/{rel}","templated":true}]}}