{"id":4387,"date":"2022-11-29T18:55:51","date_gmt":"2022-11-29T17:55:51","guid":{"rendered":"https:\/\/artglassmurano.dtweb-dev.it\/product\/jarron-rojo-grate-seguso-viro\/"},"modified":"2025-05-26T17:36:45","modified_gmt":"2025-05-26T15:36:45","slug":"grate-red-vase-seguso-viro-2-2","status":"publish","type":"product","link":"https:\/\/artglassmurano.com\/es\/producto\/grate-red-vase-seguso-viro-2-2\/","title":{"rendered":"Jarr\u00f3n rojo Grate, Seguso Viro"},"content":{"rendered":"","protected":false},"excerpt":{"rendered":"<p>Este objeto forma parte de la colecci\u00f3n Grate, creada a principios de 2000 por Seguso Viro. Una decoraci\u00f3n innovadora con bastones de vidrio como la trama de la tela<br \/>\no la rejilla de hierro forjado de un antiguo palacio veneciano. As\u00ed, jugando con las formas, los colores y las transparencias, se cre\u00f3 esta nueva colecci\u00f3n en dos variantes de color.<br \/>\nCada dise\u00f1o de esta colecci\u00f3n est\u00e1 firmado y numerado en edici\u00f3n limitada a 101 unidades.<br \/>\nColor: rojo<br \/>\nDimensiones: H 38 x 18 x 13,5 cm H 15&#8243; x 7,1&#8243; x 5,3&#8243;<\/p>\n","protected":false},"featured_media":4207,"comment_status":"open","ping_status":"closed","template":"","meta":{"site-sidebar-layout":"default","site-content-layout":"default","ast-site-content-layout":"default","site-content-style":"default","site-sidebar-style":"default","ast-global-header-display":"","ast-banner-title-visibility":"","ast-main-header-display":"","ast-hfb-above-header-display":"","ast-hfb-below-header-display":"","ast-hfb-mobile-header-display":"","site-post-title":"","ast-breadcrumbs-content":"","ast-featured-img":"","footer-sml-layout":"","theme-transparent-header-meta":"default","adv-header-id-meta":"","stick-header-meta":"default","header-above-stick-meta":"","header-main-stick-meta":"","header-below-stick-meta":"","astra-migrate-meta-layouts":"default","ast-page-background-enabled":"default","ast-page-background-meta":{"desktop":{"background-color":"","background-image":"","background-repeat":"repeat","background-position":"center center","background-size":"auto","background-attachment":"scroll","background-type":"","background-media":"","overlay-type":"","overlay-color":"","overlay-gradient":""},"tablet":{"background-color":"","background-image":"","background-repeat":"repeat","background-position":"center center","background-size":"auto","background-attachment":"scroll","background-type":"","background-media":"","overlay-type":"","overlay-color":"","overlay-gradient":""},"mobile":{"background-color":"","background-image":"","background-repeat":"repeat","background-position":"center center","background-size":"auto","background-attachment":"scroll","background-type":"","background-media":"","overlay-type":"","overlay-color":"","overlay-gradient":""}},"ast-content-background-meta":{"desktop":{"background-color":"var(--ast-global-color-5)","background-image":"","background-repeat":"repeat","background-position":"center center","background-size":"auto","background-attachment":"scroll","background-type":"","background-media":"","overlay-type":"","overlay-color":"","overlay-gradient":""},"tablet":{"background-color":"var(--ast-global-color-5)","background-image":"","background-repeat":"repeat","background-position":"center center","background-size":"auto","background-attachment":"scroll","background-type":"","background-media":"","overlay-type":"","overlay-color":"","overlay-gradient":""},"mobile":{"background-color":"var(--ast-global-color-5)","background-image":"","background-repeat":"repeat","background-position":"center center","background-size":"auto","background-attachment":"scroll","background-type":"","background-media":"","overlay-type":"","overlay-color":"","overlay-gradient":""}}},"product_cat":[257],"product_tag":[433,426,259,177,191],"class_list":{"0":"post-4387","1":"product","2":"type-product","3":"status-publish","4":"has-post-thumbnail","6":"product_cat-jarrones","7":"product_tag-cana-opaca","8":"product_tag-grate-es","9":"product_tag-moderno-es","10":"product_tag-rojo","11":"product_tag-seguso-viro-es","12":"desktop-align-center","13":"tablet-align-center","14":"mobile-align-center","15":"ast-product-gallery-layout-horizontal","16":"ast-product-tabs-layout-horizontal","17":"ast-qv-on-image","19":"first","20":"instock","21":"sold-individually","22":"taxable","23":"shipping-taxable","24":"purchasable","25":"product-type-simple"},"_links":{"self":[{"href":"https:\/\/artglassmurano.com\/es\/wp-json\/wp\/v2\/product\/4387","targetHints":{"allow":["GET"]}}],"collection":[{"href":"https:\/\/artglassmurano.com\/es\/wp-json\/wp\/v2\/product"}],"about":[{"href":"https:\/\/artglassmurano.com\/es\/wp-json\/wp\/v2\/types\/product"}],"replies":[{"embeddable":true,"href":"https:\/\/artglassmurano.com\/es\/wp-json\/wp\/v2\/comments?post=4387"}],"wp:featuredmedia":[{"embeddable":true,"href":"https:\/\/artglassmurano.com\/es\/wp-json\/wp\/v2\/media\/4207"}],"wp:attachment":[{"href":"https:\/\/artglassmurano.com\/es\/wp-json\/wp\/v2\/media?parent=4387"}],"wp:term":[{"taxonomy":"product_cat","embeddable":true,"href":"https:\/\/artglassmurano.com\/es\/wp-json\/wp\/v2\/product_cat?post=4387"},{"taxonomy":"product_tag","embeddable":true,"href":"https:\/\/artglassmurano.com\/es\/wp-json\/wp\/v2\/product_tag?post=4387"}],"curies":[{"name":"wp","href":"https:\/\/api.w.org\/{rel}","templated":true}]}}