{"id":3091,"date":"2022-11-12T17:48:42","date_gmt":"2022-11-12T16:48:42","guid":{"rendered":"https:\/\/artglassmurano.dtweb-dev.it\/product\/jarron-de-amatista-boreale-seguso-viro\/"},"modified":"2022-11-12T17:48:42","modified_gmt":"2022-11-12T16:48:42","slug":"boreale-amethyst-vase-seguso-viro-3-2","status":"publish","type":"product","link":"https:\/\/artglassmurano.com\/es\/producto\/boreale-amethyst-vase-seguso-viro-3-2\/","title":{"rendered":"Jarr\u00f3n de amatista Boreale, Seguso Viro"},"content":{"rendered":"","protected":false},"excerpt":{"rendered":"<p>Este objeto forma parte de la colecci\u00f3n Boreale, creada a finales de los a\u00f1os 90 por Seguso Viro, transforma un matiz de cuatro tonos de color en una serie de objetos refinados y coloridos. La t\u00e9cnica se consigue mediante la superposici\u00f3n de cristal sobre polvos de colores, que crean reflejos \u00fanicos que recuerdan a la aurora boreal. La colecci\u00f3n Boreal se ha realizado en varias formas que pueden exhibirse bien juntas, creando una serie de objetos en armon\u00eda.<br \/>\nColor: Amatista<br \/>\nDimensiones: H 9,5 cm x 17,5 &#8211; H 4,5 &#8220;x 3,9&#8221;<\/p>\n","protected":false},"featured_media":2809,"comment_status":"open","ping_status":"closed","template":"","meta":{"site-sidebar-layout":"default","site-content-layout":"default","ast-site-content-layout":"","site-content-style":"default","site-sidebar-style":"default","ast-global-header-display":"","ast-banner-title-visibility":"","ast-main-header-display":"","ast-hfb-above-header-display":"","ast-hfb-below-header-display":"","ast-hfb-mobile-header-display":"","site-post-title":"","ast-breadcrumbs-content":"","ast-featured-img":"","footer-sml-layout":"","theme-transparent-header-meta":"default","adv-header-id-meta":"","stick-header-meta":"","header-above-stick-meta":"","header-main-stick-meta":"","header-below-stick-meta":"","astra-migrate-meta-layouts":"default","ast-page-background-enabled":"default","ast-page-background-meta":{"desktop":{"background-color":"","background-image":"","background-repeat":"repeat","background-position":"center center","background-size":"auto","background-attachment":"scroll","background-type":"","background-media":"","overlay-type":"","overlay-color":"","overlay-gradient":""},"tablet":{"background-color":"","background-image":"","background-repeat":"repeat","background-position":"center center","background-size":"auto","background-attachment":"scroll","background-type":"","background-media":"","overlay-type":"","overlay-color":"","overlay-gradient":""},"mobile":{"background-color":"","background-image":"","background-repeat":"repeat","background-position":"center center","background-size":"auto","background-attachment":"scroll","background-type":"","background-media":"","overlay-type":"","overlay-color":"","overlay-gradient":""}},"ast-content-background-meta":{"desktop":{"background-color":"var(--ast-global-color-5)","background-image":"","background-repeat":"repeat","background-position":"center center","background-size":"auto","background-attachment":"scroll","background-type":"","background-media":"","overlay-type":"","overlay-color":"","overlay-gradient":""},"tablet":{"background-color":"var(--ast-global-color-5)","background-image":"","background-repeat":"repeat","background-position":"center center","background-size":"auto","background-attachment":"scroll","background-type":"","background-media":"","overlay-type":"","overlay-color":"","overlay-gradient":""},"mobile":{"background-color":"var(--ast-global-color-5)","background-image":"","background-repeat":"repeat","background-position":"center center","background-size":"auto","background-attachment":"scroll","background-type":"","background-media":"","overlay-type":"","overlay-color":"","overlay-gradient":""}}},"product_cat":[257],"product_tag":[142,258,262,260,259,261,191],"class_list":{"0":"post-3091","1":"product","2":"type-product","3":"status-publish","4":"has-post-thumbnail","6":"product_cat-jarrones","7":"product_tag-amatista","8":"product_tag-atemporal","9":"product_tag-boreale-es","10":"product_tag-cable-sumergido","11":"product_tag-moderno-es","12":"product_tag-polvos-superpuestos","13":"product_tag-seguso-viro-es","14":"desktop-align-center","15":"tablet-align-center","16":"mobile-align-center","17":"ast-product-gallery-layout-horizontal","18":"ast-product-tabs-layout-horizontal","19":"ast-qv-on-image","21":"first","22":"instock","23":"sold-individually","24":"taxable","25":"shipping-taxable","26":"purchasable","27":"product-type-simple"},"_links":{"self":[{"href":"https:\/\/artglassmurano.com\/es\/wp-json\/wp\/v2\/product\/3091","targetHints":{"allow":["GET"]}}],"collection":[{"href":"https:\/\/artglassmurano.com\/es\/wp-json\/wp\/v2\/product"}],"about":[{"href":"https:\/\/artglassmurano.com\/es\/wp-json\/wp\/v2\/types\/product"}],"replies":[{"embeddable":true,"href":"https:\/\/artglassmurano.com\/es\/wp-json\/wp\/v2\/comments?post=3091"}],"wp:featuredmedia":[{"embeddable":true,"href":"https:\/\/artglassmurano.com\/es\/wp-json\/wp\/v2\/media\/2809"}],"wp:attachment":[{"href":"https:\/\/artglassmurano.com\/es\/wp-json\/wp\/v2\/media?parent=3091"}],"wp:term":[{"taxonomy":"product_cat","embeddable":true,"href":"https:\/\/artglassmurano.com\/es\/wp-json\/wp\/v2\/product_cat?post=3091"},{"taxonomy":"product_tag","embeddable":true,"href":"https:\/\/artglassmurano.com\/es\/wp-json\/wp\/v2\/product_tag?post=3091"}],"curies":[{"name":"wp","href":"https:\/\/api.w.org\/{rel}","templated":true}]}}