{"id":9092,"date":"2025-10-27T17:10:16","date_gmt":"2025-10-27T16:10:16","guid":{"rendered":"https:\/\/artglassmurano.com\/?post_type=product&#038;p=9092"},"modified":"2026-01-08T15:16:29","modified_gmt":"2026-01-08T14:16:29","slug":"fisch-aus-aqua-und-klarglas-copy","status":"publish","type":"product","link":"https:\/\/artglassmurano.com\/de\/produkt\/fisch-aus-aqua-und-klarglas-copy\/","title":{"rendered":"Kristallklarer Scavo Fisch"},"content":{"rendered":"","protected":false},"excerpt":{"rendered":"<p data-start=\"2286\" data-end=\"2474\">Bringen Sie zeitlose Kunstfertigkeit in Ihren Raum mit dieser exquisiten, handgefertigten Glasskulptur, die einen elegant auf seinem Sockel ruhenden Fisch darstellt. Gefertigt aus kristallklarem Glas und veredelt mit der traditionellen Scavo-Technik, einem authentischen Murano-Verfahren, das den Charme antiker, ausgegrabener Sch\u00e4tze neu interpretiert.<br data-start=\"2740\" data-end=\"2743\" \/>Durch das Auftragen einer Mischung aus Mineralpulvern auf die hei\u00dfe Glasoberfl\u00e4che erzeugt die Scavo-Technik eine wundersch\u00f6n gealterte, matte Textur, die an arch\u00e4ologische Fundst\u00fccke erinnert. Das Ergebnis ist ein Objekt, das zugleich historisch und zeitgen\u00f6ssisch wirkt und den Geist venezianischer Handwerkskunst verk\u00f6rpert.<br data-start=\"3070\" data-end=\"3073\" \/>Diese Neuinterpretation eines klassischen muranesischen Motivs verwandelt ein traditionelles Thema in ein einzigartiges Sammlerst\u00fcck, ideal, um jedem Raum Charakter, Tiefe und Eleganz zu verleihen.<br data-start=\"3270\" data-end=\"3273\" \/>Farbe: klar, wei\u00df<br data-start=\"3294\" data-end=\"3297\" \/>Ma\u00dfe: H 26\u00d736\u00d78 cm | H 10.2&#8243;\u00d714.2&#8243;\u00d73.1&#8243;<\/p>\n","protected":false},"featured_media":9102,"comment_status":"open","ping_status":"closed","template":"","meta":{"site-sidebar-layout":"default","site-content-layout":"default","ast-site-content-layout":"default","site-content-style":"default","site-sidebar-style":"default","ast-global-header-display":"","ast-banner-title-visibility":"","ast-main-header-display":"","ast-hfb-above-header-display":"","ast-hfb-below-header-display":"","ast-hfb-mobile-header-display":"","site-post-title":"","ast-breadcrumbs-content":"","ast-featured-img":"","footer-sml-layout":"","theme-transparent-header-meta":"default","adv-header-id-meta":"","stick-header-meta":"default","header-above-stick-meta":"","header-main-stick-meta":"","header-below-stick-meta":"","astra-migrate-meta-layouts":"default","ast-page-background-enabled":"default","ast-page-background-meta":{"desktop":{"background-color":"","background-image":"","background-repeat":"repeat","background-position":"center center","background-size":"auto","background-attachment":"scroll","background-type":"","background-media":"","overlay-type":"","overlay-color":"","overlay-gradient":""},"tablet":{"background-color":"","background-image":"","background-repeat":"repeat","background-position":"center center","background-size":"auto","background-attachment":"scroll","background-type":"","background-media":"","overlay-type":"","overlay-color":"","overlay-gradient":""},"mobile":{"background-color":"","background-image":"","background-repeat":"repeat","background-position":"center center","background-size":"auto","background-attachment":"scroll","background-type":"","background-media":"","overlay-type":"","overlay-color":"","overlay-gradient":""}},"ast-content-background-meta":{"desktop":{"background-color":"var(--ast-global-color-5)","background-image":"","background-repeat":"repeat","background-position":"center center","background-size":"auto","background-attachment":"scroll","background-type":"","background-media":"","overlay-type":"","overlay-color":"","overlay-gradient":""},"tablet":{"background-color":"var(--ast-global-color-5)","background-image":"","background-repeat":"repeat","background-position":"center center","background-size":"auto","background-attachment":"scroll","background-type":"","background-media":"","overlay-type":"","overlay-color":"","overlay-gradient":""},"mobile":{"background-color":"var(--ast-global-color-5)","background-image":"","background-repeat":"repeat","background-position":"center center","background-size":"auto","background-attachment":"scroll","background-type":"","background-media":"","overlay-type":"","overlay-color":"","overlay-gradient":""}}},"product_cat":[273],"product_tag":[810,907,488,645,194],"class_list":{"0":"post-9092","1":"product","2":"type-product","3":"status-publish","4":"has-post-thumbnail","6":"product_cat-skulpturen","7":"product_tag-glastiere","8":"product_tag-scavo-de","9":"product_tag-seguso-vetri-darte-de","10":"product_tag-transparent-de-2","11":"product_tag-weis","12":"desktop-align-center","13":"tablet-align-center","14":"mobile-align-center","15":"ast-product-gallery-layout-horizontal","16":"ast-product-tabs-layout-horizontal","17":"ast-qv-on-image","19":"first","20":"instock","21":"downloadable","22":"sold-individually","23":"taxable","24":"shipping-taxable","25":"purchasable","26":"product-type-simple"},"_links":{"self":[{"href":"https:\/\/artglassmurano.com\/de\/wp-json\/wp\/v2\/product\/9092","targetHints":{"allow":["GET"]}}],"collection":[{"href":"https:\/\/artglassmurano.com\/de\/wp-json\/wp\/v2\/product"}],"about":[{"href":"https:\/\/artglassmurano.com\/de\/wp-json\/wp\/v2\/types\/product"}],"replies":[{"embeddable":true,"href":"https:\/\/artglassmurano.com\/de\/wp-json\/wp\/v2\/comments?post=9092"}],"wp:featuredmedia":[{"embeddable":true,"href":"https:\/\/artglassmurano.com\/de\/wp-json\/wp\/v2\/media\/9102"}],"wp:attachment":[{"href":"https:\/\/artglassmurano.com\/de\/wp-json\/wp\/v2\/media?parent=9092"}],"wp:term":[{"taxonomy":"product_cat","embeddable":true,"href":"https:\/\/artglassmurano.com\/de\/wp-json\/wp\/v2\/product_cat?post=9092"},{"taxonomy":"product_tag","embeddable":true,"href":"https:\/\/artglassmurano.com\/de\/wp-json\/wp\/v2\/product_tag?post=9092"}],"curies":[{"name":"wp","href":"https:\/\/api.w.org\/{rel}","templated":true}]}}