{"id":9051,"date":"2025-10-27T13:08:43","date_gmt":"2025-10-27T12:08:43","guid":{"rendered":"https:\/\/artglassmurano.com\/?post_type=product&#038;p=9051"},"modified":"2025-10-27T14:38:04","modified_gmt":"2025-10-27T13:38:04","slug":"schwarzer-und-klarer-kristall-nilpferd-copy","status":"publish","type":"product","link":"https:\/\/artglassmurano.com\/de\/produkt\/schwarzer-und-klarer-kristall-nilpferd-copy\/","title":{"rendered":"Fisch aus Aqua- und Klarglas"},"content":{"rendered":"","protected":false},"excerpt":{"rendered":"<p data-start=\"2286\" data-end=\"2474\">Diese Fischskulptur von <em data-start=\"2310\" data-end=\"2326\">Antonio da Ros<\/em> f\u00fcr <em data-start=\"2331\" data-end=\"2341\">Cenedese<\/em> erinnert an die ruhige Sch\u00f6nheit des Meeres und wurde von Hand aus klarem Kristallglas und eingetauchtem Aquamarin-Glas gefertigt.<\/p>\n<p data-start=\"2476\" data-end=\"2806\">Der vordere Teil der Skulptur zeigt ein leuchtendes Aqua-Glasauge, das von schwebenden Luftblasen umgeben ist und die Bewegung und Leichtigkeit der Unterwasserwelt einf\u00e4ngt. Die Schwanzflosse, verziert mit feinen Schichten aus eingetauchtem Aqua und irisierendem Kristall, verleiht der Komposition faszinierende Tiefe und Glanz.<\/p>\n<p data-start=\"2808\" data-end=\"2997\">Zeitgen\u00f6ssisch und zugleich zeitlos, strahlt dieses Werk Ruhe und raffinierte Eleganz aus \u2013 perfekt als Mittelpunkt oder Akzent in modernen Interieurs, K\u00fcstenh\u00e4usern oder Sammlervitrinen.<\/p>\n<p data-start=\"2999\" data-end=\"3060\">Farbe: klar, aqua<br data-start=\"3016\" data-end=\"3019\" \/>Ma\u00dfe: H 17\u00d743\u00d710 cm \/ H 6,7&#8243;\u00d716,9&#8243;\u00d73,9&#8243;<\/p>\n","protected":false},"featured_media":9061,"comment_status":"open","ping_status":"closed","template":"","meta":{"site-sidebar-layout":"default","site-content-layout":"default","ast-site-content-layout":"default","site-content-style":"default","site-sidebar-style":"default","ast-global-header-display":"","ast-banner-title-visibility":"","ast-main-header-display":"","ast-hfb-above-header-display":"","ast-hfb-below-header-display":"","ast-hfb-mobile-header-display":"","site-post-title":"","ast-breadcrumbs-content":"","ast-featured-img":"","footer-sml-layout":"","theme-transparent-header-meta":"default","adv-header-id-meta":"","stick-header-meta":"default","header-above-stick-meta":"","header-main-stick-meta":"","header-below-stick-meta":"","astra-migrate-meta-layouts":"default","ast-page-background-enabled":"default","ast-page-background-meta":{"desktop":{"background-color":"","background-image":"","background-repeat":"repeat","background-position":"center center","background-size":"auto","background-attachment":"scroll","background-type":"","background-media":"","overlay-type":"","overlay-color":"","overlay-gradient":""},"tablet":{"background-color":"","background-image":"","background-repeat":"repeat","background-position":"center center","background-size":"auto","background-attachment":"scroll","background-type":"","background-media":"","overlay-type":"","overlay-color":"","overlay-gradient":""},"mobile":{"background-color":"","background-image":"","background-repeat":"repeat","background-position":"center center","background-size":"auto","background-attachment":"scroll","background-type":"","background-media":"","overlay-type":"","overlay-color":"","overlay-gradient":""}},"ast-content-background-meta":{"desktop":{"background-color":"var(--ast-global-color-5)","background-image":"","background-repeat":"repeat","background-position":"center center","background-size":"auto","background-attachment":"scroll","background-type":"","background-media":"","overlay-type":"","overlay-color":"","overlay-gradient":""},"tablet":{"background-color":"var(--ast-global-color-5)","background-image":"","background-repeat":"repeat","background-position":"center center","background-size":"auto","background-attachment":"scroll","background-type":"","background-media":"","overlay-type":"","overlay-color":"","overlay-gradient":""},"mobile":{"background-color":"var(--ast-global-color-5)","background-image":"","background-repeat":"repeat","background-position":"center center","background-size":"auto","background-attachment":"scroll","background-type":"","background-media":"","overlay-type":"","overlay-color":"","overlay-gradient":""}}},"product_cat":[273],"product_tag":[886,648,810,645,644],"class_list":{"0":"post-9051","1":"product","2":"type-product","3":"status-publish","4":"has-post-thumbnail","6":"product_cat-skulpturen","7":"product_tag-cenedese-de","8":"product_tag-eingetaucht","9":"product_tag-glastiere","10":"product_tag-transparent-de-2","11":"product_tag-wasserblau","12":"desktop-align-center","13":"tablet-align-center","14":"mobile-align-center","15":"ast-product-gallery-layout-horizontal","16":"ast-product-tabs-layout-horizontal","17":"ast-qv-on-image","19":"first","20":"instock","21":"downloadable","22":"sold-individually","23":"taxable","24":"shipping-taxable","25":"product-type-simple"},"_links":{"self":[{"href":"https:\/\/artglassmurano.com\/de\/wp-json\/wp\/v2\/product\/9051","targetHints":{"allow":["GET"]}}],"collection":[{"href":"https:\/\/artglassmurano.com\/de\/wp-json\/wp\/v2\/product"}],"about":[{"href":"https:\/\/artglassmurano.com\/de\/wp-json\/wp\/v2\/types\/product"}],"replies":[{"embeddable":true,"href":"https:\/\/artglassmurano.com\/de\/wp-json\/wp\/v2\/comments?post=9051"}],"wp:featuredmedia":[{"embeddable":true,"href":"https:\/\/artglassmurano.com\/de\/wp-json\/wp\/v2\/media\/9061"}],"wp:attachment":[{"href":"https:\/\/artglassmurano.com\/de\/wp-json\/wp\/v2\/media?parent=9051"}],"wp:term":[{"taxonomy":"product_cat","embeddable":true,"href":"https:\/\/artglassmurano.com\/de\/wp-json\/wp\/v2\/product_cat?post=9051"},{"taxonomy":"product_tag","embeddable":true,"href":"https:\/\/artglassmurano.com\/de\/wp-json\/wp\/v2\/product_tag?post=9051"}],"curies":[{"name":"wp","href":"https:\/\/api.w.org\/{rel}","templated":true}]}}