{"id":8862,"date":"2025-10-21T15:11:56","date_gmt":"2025-10-21T13:11:56","guid":{"rendered":"https:\/\/artglassmurano.com\/?post_type=product&#038;p=8862"},"modified":"2025-10-21T15:21:43","modified_gmt":"2025-10-21T13:21:43","slug":"bernstein-glas-hund-copy","status":"publish","type":"product","link":"https:\/\/artglassmurano.com\/de\/produkt\/bernstein-glas-hund-copy\/","title":{"rendered":"Roter Glas-Hund"},"content":{"rendered":"","protected":false},"excerpt":{"rendered":"<p data-start=\"2011\" data-end=\"2386\">Eine charmante Hommage an den \u201ebesten Freund des Menschen\u201c: Diese exquisite Murano-Glashundeskulptur, entworfen von Pierpaolo Seguso, verleiht jedem Raum zeitlose Eleganz und W\u00e4rme. Meisterhaft von Hand gefertigt aus massivem rotem Glas, f\u00e4ngt das Kunstwerk das lange, flie\u00dfende Fell eines geliebten Welpen durch feine Texturen ein, die das Licht an jeder Kurve reflektieren.<\/p>\n<p data-start=\"2388\" data-end=\"2797\">Akzentuiert mit Murrina-Glasaugen und -nase, zeigt diese Skulptur die charakteristische Kunstfertigkeit und detailgetreue Lebendigkeit, f\u00fcr die die Murano-Glasmacher ber\u00fchmt sind. Minimalistisch und zugleich ausdrucksstark ist sie ein perfektes Geschenk f\u00fcr Hundeliebhaber oder Sammler feiner Glasobjekte. Jedes St\u00fcck ist einzigartig und spiegelt die meisterhafte Handwerkskunst und das Erbe von Murano wider.<\/p>\n<p data-start=\"2799\" data-end=\"2857\">Farbe: Rot<br data-start=\"2809\" data-end=\"2812\" \/>Ma\u00dfe: H 22 x 13 x 9 cm<br data-start=\"2834\" data-end=\"2837\" \/>H 8,7&#8243; x 5,1&#8243; x 3,5&#8243;<\/p>\n","protected":false},"featured_media":8872,"comment_status":"open","ping_status":"closed","template":"","meta":{"site-sidebar-layout":"default","site-content-layout":"default","ast-site-content-layout":"default","site-content-style":"default","site-sidebar-style":"default","ast-global-header-display":"","ast-banner-title-visibility":"","ast-main-header-display":"","ast-hfb-above-header-display":"","ast-hfb-below-header-display":"","ast-hfb-mobile-header-display":"","site-post-title":"","ast-breadcrumbs-content":"","ast-featured-img":"","footer-sml-layout":"","theme-transparent-header-meta":"default","adv-header-id-meta":"","stick-header-meta":"default","header-above-stick-meta":"","header-main-stick-meta":"","header-below-stick-meta":"","astra-migrate-meta-layouts":"default","ast-page-background-enabled":"default","ast-page-background-meta":{"desktop":{"background-color":"","background-image":"","background-repeat":"repeat","background-position":"center center","background-size":"auto","background-attachment":"scroll","background-type":"","background-media":"","overlay-type":"","overlay-color":"","overlay-gradient":""},"tablet":{"background-color":"","background-image":"","background-repeat":"repeat","background-position":"center center","background-size":"auto","background-attachment":"scroll","background-type":"","background-media":"","overlay-type":"","overlay-color":"","overlay-gradient":""},"mobile":{"background-color":"","background-image":"","background-repeat":"repeat","background-position":"center center","background-size":"auto","background-attachment":"scroll","background-type":"","background-media":"","overlay-type":"","overlay-color":"","overlay-gradient":""}},"ast-content-background-meta":{"desktop":{"background-color":"var(--ast-global-color-5)","background-image":"","background-repeat":"repeat","background-position":"center center","background-size":"auto","background-attachment":"scroll","background-type":"","background-media":"","overlay-type":"","overlay-color":"","overlay-gradient":""},"tablet":{"background-color":"var(--ast-global-color-5)","background-image":"","background-repeat":"repeat","background-position":"center center","background-size":"auto","background-attachment":"scroll","background-type":"","background-media":"","overlay-type":"","overlay-color":"","overlay-gradient":""},"mobile":{"background-color":"var(--ast-global-color-5)","background-image":"","background-repeat":"repeat","background-position":"center center","background-size":"auto","background-attachment":"scroll","background-type":"","background-media":"","overlay-type":"","overlay-color":"","overlay-gradient":""}}},"product_cat":[273],"product_tag":[810,867,859,173,488],"class_list":{"0":"post-8862","1":"product","2":"type-product","3":"status-publish","4":"has-post-thumbnail","6":"product_cat-skulpturen","7":"product_tag-glastiere","8":"product_tag-massivglas","9":"product_tag-murrina-de","10":"product_tag-rot","11":"product_tag-seguso-vetri-darte-de","12":"desktop-align-center","13":"tablet-align-center","14":"mobile-align-center","15":"ast-product-gallery-layout-horizontal","16":"ast-product-tabs-layout-horizontal","17":"ast-qv-on-image","19":"first","20":"instock","21":"downloadable","22":"sold-individually","23":"taxable","24":"shipping-taxable","25":"purchasable","26":"product-type-simple"},"_links":{"self":[{"href":"https:\/\/artglassmurano.com\/de\/wp-json\/wp\/v2\/product\/8862","targetHints":{"allow":["GET"]}}],"collection":[{"href":"https:\/\/artglassmurano.com\/de\/wp-json\/wp\/v2\/product"}],"about":[{"href":"https:\/\/artglassmurano.com\/de\/wp-json\/wp\/v2\/types\/product"}],"replies":[{"embeddable":true,"href":"https:\/\/artglassmurano.com\/de\/wp-json\/wp\/v2\/comments?post=8862"}],"wp:featuredmedia":[{"embeddable":true,"href":"https:\/\/artglassmurano.com\/de\/wp-json\/wp\/v2\/media\/8872"}],"wp:attachment":[{"href":"https:\/\/artglassmurano.com\/de\/wp-json\/wp\/v2\/media?parent=8862"}],"wp:term":[{"taxonomy":"product_cat","embeddable":true,"href":"https:\/\/artglassmurano.com\/de\/wp-json\/wp\/v2\/product_cat?post=8862"},{"taxonomy":"product_tag","embeddable":true,"href":"https:\/\/artglassmurano.com\/de\/wp-json\/wp\/v2\/product_tag?post=8862"}],"curies":[{"name":"wp","href":"https:\/\/api.w.org\/{rel}","templated":true}]}}