{"id":8733,"date":"2025-10-21T13:04:06","date_gmt":"2025-10-21T11:04:06","guid":{"rendered":"https:\/\/artglassmurano.com\/?post_type=product&#038;p=8733"},"modified":"2025-10-21T14:37:09","modified_gmt":"2025-10-21T12:37:09","slug":"kristallklarer-minimalistischer-bison-copy","status":"publish","type":"product","link":"https:\/\/artglassmurano.com\/de\/produkt\/kristallklarer-minimalistischer-bison-copy\/","title":{"rendered":"Irisierender Transparenter Glas-Hund"},"content":{"rendered":"","protected":false},"excerpt":{"rendered":"<p data-start=\"118\" data-end=\"513\">Eine charmante Hommage an den \u201ebesten Freund des Menschen\u201c: Diese exquisite Hundeskulptur aus Muranoglas, entworfen von Pierpaolo Seguso, bringt zeitlose Eleganz und W\u00e4rme in jeden Raum. Meisterhaft von Hand gefertigt aus massivem, irisierendem Klarglas, f\u00e4ngt die Skulptur mit feiner Textur das lange, flie\u00dfende Fell eines treuen Begleiters ein und reflektiert das Licht bei jeder Bewegung.<\/p>\n<p data-start=\"515\" data-end=\"933\">Mit Augen und Nase aus schwarzem Murrinaglas versehen, zeigt dieses Kunstwerk die charakteristische Handwerkskunst und lebensechte Detailtreue, f\u00fcr die die Glask\u00fcnstler von Murano bekannt sind. Minimalistisch und zugleich ausdrucksstark ist diese Skulptur ein ideales Geschenk f\u00fcr Hundefreunde oder Sammler edler Glaskunst. Jede Figur ist ein Unikat und spiegelt das meisterhafte K\u00f6nnen und die Tradition Murano wider.<\/p>\n<p data-start=\"935\" data-end=\"1046\">Farbe: Irisierendes Transparent<br data-start=\"970\" data-end=\"973\" \/>Ma\u00dfe: H 18 \u00d7 B 22 \u00d7 T 17 cm<br data-start=\"1004\" data-end=\"1007\" \/>Ma\u00dfe (Zoll): H 7&#8243; \u00d7 B 8,7&#8243; \u00d7 T 6,7&#8243;<\/p>\n","protected":false},"featured_media":8743,"comment_status":"open","ping_status":"closed","template":"","meta":{"site-sidebar-layout":"default","site-content-layout":"default","ast-site-content-layout":"default","site-content-style":"default","site-sidebar-style":"default","ast-global-header-display":"","ast-banner-title-visibility":"","ast-main-header-display":"","ast-hfb-above-header-display":"","ast-hfb-below-header-display":"","ast-hfb-mobile-header-display":"","site-post-title":"","ast-breadcrumbs-content":"","ast-featured-img":"","footer-sml-layout":"","theme-transparent-header-meta":"default","adv-header-id-meta":"","stick-header-meta":"default","header-above-stick-meta":"","header-main-stick-meta":"","header-below-stick-meta":"","astra-migrate-meta-layouts":"default","ast-page-background-enabled":"default","ast-page-background-meta":{"desktop":{"background-color":"","background-image":"","background-repeat":"repeat","background-position":"center center","background-size":"auto","background-attachment":"scroll","background-type":"","background-media":"","overlay-type":"","overlay-color":"","overlay-gradient":""},"tablet":{"background-color":"","background-image":"","background-repeat":"repeat","background-position":"center center","background-size":"auto","background-attachment":"scroll","background-type":"","background-media":"","overlay-type":"","overlay-color":"","overlay-gradient":""},"mobile":{"background-color":"","background-image":"","background-repeat":"repeat","background-position":"center center","background-size":"auto","background-attachment":"scroll","background-type":"","background-media":"","overlay-type":"","overlay-color":"","overlay-gradient":""}},"ast-content-background-meta":{"desktop":{"background-color":"var(--ast-global-color-5)","background-image":"","background-repeat":"repeat","background-position":"center center","background-size":"auto","background-attachment":"scroll","background-type":"","background-media":"","overlay-type":"","overlay-color":"","overlay-gradient":""},"tablet":{"background-color":"var(--ast-global-color-5)","background-image":"","background-repeat":"repeat","background-position":"center center","background-size":"auto","background-attachment":"scroll","background-type":"","background-media":"","overlay-type":"","overlay-color":"","overlay-gradient":""},"mobile":{"background-color":"var(--ast-global-color-5)","background-image":"","background-repeat":"repeat","background-position":"center center","background-size":"auto","background-attachment":"scroll","background-type":"","background-media":"","overlay-type":"","overlay-color":"","overlay-gradient":""}}},"product_cat":[273],"product_tag":[810,858,867,859,488],"class_list":{"0":"post-8733","1":"product","2":"type-product","3":"status-publish","4":"has-post-thumbnail","6":"product_cat-skulpturen","7":"product_tag-glastiere","8":"product_tag-irisierendes-transparent","9":"product_tag-massivglas","10":"product_tag-murrina-de","11":"product_tag-seguso-vetri-darte-de","12":"desktop-align-center","13":"tablet-align-center","14":"mobile-align-center","15":"ast-product-gallery-layout-horizontal","16":"ast-product-tabs-layout-horizontal","17":"ast-qv-on-image","19":"first","20":"instock","21":"downloadable","22":"sold-individually","23":"taxable","24":"shipping-taxable","25":"purchasable","26":"product-type-simple"},"_links":{"self":[{"href":"https:\/\/artglassmurano.com\/de\/wp-json\/wp\/v2\/product\/8733","targetHints":{"allow":["GET"]}}],"collection":[{"href":"https:\/\/artglassmurano.com\/de\/wp-json\/wp\/v2\/product"}],"about":[{"href":"https:\/\/artglassmurano.com\/de\/wp-json\/wp\/v2\/types\/product"}],"replies":[{"embeddable":true,"href":"https:\/\/artglassmurano.com\/de\/wp-json\/wp\/v2\/comments?post=8733"}],"wp:featuredmedia":[{"embeddable":true,"href":"https:\/\/artglassmurano.com\/de\/wp-json\/wp\/v2\/media\/8743"}],"wp:attachment":[{"href":"https:\/\/artglassmurano.com\/de\/wp-json\/wp\/v2\/media?parent=8733"}],"wp:term":[{"taxonomy":"product_cat","embeddable":true,"href":"https:\/\/artglassmurano.com\/de\/wp-json\/wp\/v2\/product_cat?post=8733"},{"taxonomy":"product_tag","embeddable":true,"href":"https:\/\/artglassmurano.com\/de\/wp-json\/wp\/v2\/product_tag?post=8733"}],"curies":[{"name":"wp","href":"https:\/\/api.w.org\/{rel}","templated":true}]}}