{"id":8709,"date":"2025-10-21T12:50:53","date_gmt":"2025-10-21T10:50:53","guid":{"rendered":"https:\/\/artglassmurano.com\/?post_type=product&#038;p=8709"},"modified":"2025-10-21T12:57:28","modified_gmt":"2025-10-21T10:57:28","slug":"bernstein-minimalistischer-bison-copy","status":"publish","type":"product","link":"https:\/\/artglassmurano.com\/de\/produkt\/bernstein-minimalistischer-bison-copy\/","title":{"rendered":"Kristallklarer Minimalistischer Bison"},"content":{"rendered":"","protected":false},"excerpt":{"rendered":"<p data-start=\"50\" data-end=\"376\">Diese minimalistische Bisonskulptur, handgefertigt aus kristallklarem, getauchtem Glas mit einer einzigartigen Craquel\u00e9-Oberfl\u00e4che, f\u00e4ngt den rohen, wesentlichen Geist der Wildnis ein. Ihre abstrakte Silhouette suggeriert Bewegung und Kraft, w\u00e4hrend die feine rissige Struktur ihr eine zarte, fast \u00e4therische Pr\u00e4senz verleiht.<\/p>\n<p data-start=\"378\" data-end=\"849\">Glastiere sind seit langem ein gesch\u00e4tztes Thema in der Murano-Kunst, neu interpretiert von Meister-Glasbl\u00e4sern, um Vitalit\u00e4t und Leuchtkraft in jeder Kurve einzufangen. Perfekt als Blickfang in zeitgen\u00f6ssischen Innenr\u00e4umen, bringt diese Skulptur ein Gef\u00fchl von ruhiger St\u00e4rke und raffinierter k\u00fcnstlerischer Ausdruckskraft. Ob auf einem Regal, einer Konsole oder einem Galeriest\u00e4nder pr\u00e4sentiert, spricht sie Liebhaber minimalistischen Designs und organischer Formen an.<\/p>\n<p data-start=\"851\" data-end=\"918\">Farbe: klar<br data-start=\"866\" data-end=\"869\" \/>Ma\u00dfe: H 15 x 23 x 9 cm<br data-start=\"895\" data-end=\"898\" \/>(H 5,9&#8243; x 9&#8243; x 3,5&#8243;)<\/p>\n","protected":false},"featured_media":8719,"comment_status":"open","ping_status":"closed","template":"","meta":{"site-sidebar-layout":"default","site-content-layout":"default","ast-site-content-layout":"default","site-content-style":"default","site-sidebar-style":"default","ast-global-header-display":"","ast-banner-title-visibility":"","ast-main-header-display":"","ast-hfb-above-header-display":"","ast-hfb-below-header-display":"","ast-hfb-mobile-header-display":"","site-post-title":"","ast-breadcrumbs-content":"","ast-featured-img":"","footer-sml-layout":"","theme-transparent-header-meta":"default","adv-header-id-meta":"","stick-header-meta":"default","header-above-stick-meta":"","header-main-stick-meta":"","header-below-stick-meta":"","astra-migrate-meta-layouts":"default","ast-page-background-enabled":"default","ast-page-background-meta":{"desktop":{"background-color":"","background-image":"","background-repeat":"repeat","background-position":"center center","background-size":"auto","background-attachment":"scroll","background-type":"","background-media":"","overlay-type":"","overlay-color":"","overlay-gradient":""},"tablet":{"background-color":"","background-image":"","background-repeat":"repeat","background-position":"center center","background-size":"auto","background-attachment":"scroll","background-type":"","background-media":"","overlay-type":"","overlay-color":"","overlay-gradient":""},"mobile":{"background-color":"","background-image":"","background-repeat":"repeat","background-position":"center center","background-size":"auto","background-attachment":"scroll","background-type":"","background-media":"","overlay-type":"","overlay-color":"","overlay-gradient":""}},"ast-content-background-meta":{"desktop":{"background-color":"var(--ast-global-color-5)","background-image":"","background-repeat":"repeat","background-position":"center center","background-size":"auto","background-attachment":"scroll","background-type":"","background-media":"","overlay-type":"","overlay-color":"","overlay-gradient":""},"tablet":{"background-color":"var(--ast-global-color-5)","background-image":"","background-repeat":"repeat","background-position":"center center","background-size":"auto","background-attachment":"scroll","background-type":"","background-media":"","overlay-type":"","overlay-color":"","overlay-gradient":""},"mobile":{"background-color":"var(--ast-global-color-5)","background-image":"","background-repeat":"repeat","background-position":"center center","background-size":"auto","background-attachment":"scroll","background-type":"","background-media":"","overlay-type":"","overlay-color":"","overlay-gradient":""}}},"product_cat":[273],"product_tag":[729,648,810,488,645],"class_list":{"0":"post-8709","1":"product","2":"type-product","3":"status-publish","4":"has-post-thumbnail","6":"product_cat-skulpturen","7":"product_tag-craquele-de","8":"product_tag-eingetaucht","9":"product_tag-glastiere","10":"product_tag-seguso-vetri-darte-de","11":"product_tag-transparent-de-2","12":"desktop-align-center","13":"tablet-align-center","14":"mobile-align-center","15":"ast-product-gallery-layout-horizontal","16":"ast-product-tabs-layout-horizontal","17":"ast-qv-on-image","19":"first","20":"instock","21":"downloadable","22":"sold-individually","23":"taxable","24":"shipping-taxable","25":"purchasable","26":"product-type-simple"},"_links":{"self":[{"href":"https:\/\/artglassmurano.com\/de\/wp-json\/wp\/v2\/product\/8709","targetHints":{"allow":["GET"]}}],"collection":[{"href":"https:\/\/artglassmurano.com\/de\/wp-json\/wp\/v2\/product"}],"about":[{"href":"https:\/\/artglassmurano.com\/de\/wp-json\/wp\/v2\/types\/product"}],"replies":[{"embeddable":true,"href":"https:\/\/artglassmurano.com\/de\/wp-json\/wp\/v2\/comments?post=8709"}],"wp:featuredmedia":[{"embeddable":true,"href":"https:\/\/artglassmurano.com\/de\/wp-json\/wp\/v2\/media\/8719"}],"wp:attachment":[{"href":"https:\/\/artglassmurano.com\/de\/wp-json\/wp\/v2\/media?parent=8709"}],"wp:term":[{"taxonomy":"product_cat","embeddable":true,"href":"https:\/\/artglassmurano.com\/de\/wp-json\/wp\/v2\/product_cat?post=8709"},{"taxonomy":"product_tag","embeddable":true,"href":"https:\/\/artglassmurano.com\/de\/wp-json\/wp\/v2\/product_tag?post=8709"}],"curies":[{"name":"wp","href":"https:\/\/api.w.org\/{rel}","templated":true}]}}