{"id":8661,"date":"2025-10-21T12:02:40","date_gmt":"2025-10-21T10:02:40","guid":{"rendered":"https:\/\/artglassmurano.com\/?post_type=product&#038;p=8661"},"modified":"2025-10-21T12:44:58","modified_gmt":"2025-10-21T10:44:58","slug":"kristallklarer-nashorn-copy","status":"publish","type":"product","link":"https:\/\/artglassmurano.com\/de\/produkt\/kristallklarer-nashorn-copy\/","title":{"rendered":"Bernstein Minimalistischer Bison"},"content":{"rendered":"","protected":false},"excerpt":{"rendered":"<p data-start=\"55\" data-end=\"446\">Diese minimalistische Bisonskulptur, handgefertigt aus bernsteinfarbenem Glas und eingetaucht in kristallklares Material mit einer einzigartigen Craquel\u00e9-Oberfl\u00e4che, f\u00e4ngt den rohen, wesentlichen Geist der Wildnis ein. Ihre abstrakte Silhouette suggeriert Bewegung und Kraft, w\u00e4hrend die warmen Bernsteinfarben und die feine, rissige Textur ihr eine zarte, fast \u00e4therische Pr\u00e4senz verleihen.<\/p>\n<p data-start=\"448\" data-end=\"936\">Glasfiguren von Tieren sind seit langem ein gesch\u00e4tztes Thema der Murano-Kunst, neu interpretiert von Meister-Glask\u00fcnstlern, um Vitalit\u00e4t und Leuchtkraft in jeder Kurve einzufangen. Perfekt als Statementst\u00fcck in zeitgen\u00f6ssischen Innenr\u00e4umen, bringt diese Skulptur ein Gef\u00fchl von ruhiger St\u00e4rke und raffinierter k\u00fcnstlerischer Ausdruckskraft. Ob auf einem Regal, einer Konsole oder einem Galeriest\u00e4nder pr\u00e4sentiert, spricht sie Liebhaber minimalistischen Designs und organischer Formen an.<\/p>\n<p data-start=\"938\" data-end=\"1020\">Farbe: klar, bernstein<br data-start=\"964\" data-end=\"967\" \/>Ma\u00dfe: H 19 x 36 x 11 cm<br data-start=\"994\" data-end=\"997\" \/>(H 7,5&#8243; x 14,2&#8243; x 4,3&#8243;)<\/p>\n","protected":false},"featured_media":8671,"comment_status":"open","ping_status":"closed","template":"","meta":{"site-sidebar-layout":"default","site-content-layout":"default","ast-site-content-layout":"default","site-content-style":"default","site-sidebar-style":"default","ast-global-header-display":"","ast-banner-title-visibility":"","ast-main-header-display":"","ast-hfb-above-header-display":"","ast-hfb-below-header-display":"","ast-hfb-mobile-header-display":"","site-post-title":"","ast-breadcrumbs-content":"","ast-featured-img":"","footer-sml-layout":"","theme-transparent-header-meta":"default","adv-header-id-meta":"","stick-header-meta":"default","header-above-stick-meta":"","header-main-stick-meta":"","header-below-stick-meta":"","astra-migrate-meta-layouts":"default","ast-page-background-enabled":"default","ast-page-background-meta":{"desktop":{"background-color":"","background-image":"","background-repeat":"repeat","background-position":"center center","background-size":"auto","background-attachment":"scroll","background-type":"","background-media":"","overlay-type":"","overlay-color":"","overlay-gradient":""},"tablet":{"background-color":"","background-image":"","background-repeat":"repeat","background-position":"center center","background-size":"auto","background-attachment":"scroll","background-type":"","background-media":"","overlay-type":"","overlay-color":"","overlay-gradient":""},"mobile":{"background-color":"","background-image":"","background-repeat":"repeat","background-position":"center center","background-size":"auto","background-attachment":"scroll","background-type":"","background-media":"","overlay-type":"","overlay-color":"","overlay-gradient":""}},"ast-content-background-meta":{"desktop":{"background-color":"var(--ast-global-color-5)","background-image":"","background-repeat":"repeat","background-position":"center center","background-size":"auto","background-attachment":"scroll","background-type":"","background-media":"","overlay-type":"","overlay-color":"","overlay-gradient":""},"tablet":{"background-color":"var(--ast-global-color-5)","background-image":"","background-repeat":"repeat","background-position":"center center","background-size":"auto","background-attachment":"scroll","background-type":"","background-media":"","overlay-type":"","overlay-color":"","overlay-gradient":""},"mobile":{"background-color":"var(--ast-global-color-5)","background-image":"","background-repeat":"repeat","background-position":"center center","background-size":"auto","background-attachment":"scroll","background-type":"","background-media":"","overlay-type":"","overlay-color":"","overlay-gradient":""}}},"product_cat":[273],"product_tag":[514,729,648,810,488,645],"class_list":{"0":"post-8661","1":"product","2":"type-product","3":"status-publish","4":"has-post-thumbnail","6":"product_cat-skulpturen","7":"product_tag-bernstein","8":"product_tag-craquele-de","9":"product_tag-eingetaucht","10":"product_tag-glastiere","11":"product_tag-seguso-vetri-darte-de","12":"product_tag-transparent-de-2","13":"desktop-align-center","14":"tablet-align-center","15":"mobile-align-center","16":"ast-product-gallery-layout-horizontal","17":"ast-product-tabs-layout-horizontal","18":"ast-qv-on-image","20":"first","21":"instock","22":"downloadable","23":"sold-individually","24":"taxable","25":"shipping-taxable","26":"purchasable","27":"product-type-simple"},"_links":{"self":[{"href":"https:\/\/artglassmurano.com\/de\/wp-json\/wp\/v2\/product\/8661","targetHints":{"allow":["GET"]}}],"collection":[{"href":"https:\/\/artglassmurano.com\/de\/wp-json\/wp\/v2\/product"}],"about":[{"href":"https:\/\/artglassmurano.com\/de\/wp-json\/wp\/v2\/types\/product"}],"replies":[{"embeddable":true,"href":"https:\/\/artglassmurano.com\/de\/wp-json\/wp\/v2\/comments?post=8661"}],"wp:featuredmedia":[{"embeddable":true,"href":"https:\/\/artglassmurano.com\/de\/wp-json\/wp\/v2\/media\/8671"}],"wp:attachment":[{"href":"https:\/\/artglassmurano.com\/de\/wp-json\/wp\/v2\/media?parent=8661"}],"wp:term":[{"taxonomy":"product_cat","embeddable":true,"href":"https:\/\/artglassmurano.com\/de\/wp-json\/wp\/v2\/product_cat?post=8661"},{"taxonomy":"product_tag","embeddable":true,"href":"https:\/\/artglassmurano.com\/de\/wp-json\/wp\/v2\/product_tag?post=8661"}],"curies":[{"name":"wp","href":"https:\/\/api.w.org\/{rel}","templated":true}]}}