{"id":8619,"date":"2025-10-03T08:31:22","date_gmt":"2025-10-03T06:31:22","guid":{"rendered":"https:\/\/artglassmurano.com\/?post_type=product&#038;p=8619"},"modified":"2025-10-03T09:36:21","modified_gmt":"2025-10-03T07:36:21","slug":"craquele-bernstein-vase-copy-3","status":"publish","type":"product","link":"https:\/\/artglassmurano.com\/de\/produkt\/craquele-bernstein-vase-copy-3\/","title":{"rendered":"Ormeggio Taupe Vase"},"content":{"rendered":"","protected":false},"excerpt":{"rendered":"<p data-start=\"84\" data-end=\"463\">Die Ormeggio Vase ist ein feines Beispiel f\u00fcr die Kunst des Murano-Glases, mundgeblasen und mit zeitloser Eleganz gefertigt. Ihre lineare, ovale Silhouette wird durch ein spiralf\u00f6rmiges Filigranmuster aus wei\u00dfen, taupefarbenen und Aventuringlasst\u00e4ben bereichert, das sich durch eine weiche graue Glasschicht zieht und anschlie\u00dfend unter kristallklarem Glas eingeschlossen wird.<\/p>\n<p data-start=\"465\" data-end=\"749\">Diese anspruchsvolle Technik verst\u00e4rkt nicht nur das leuchtende Zusammenspiel der Farben, sondern f\u00fcgt auch subtile Details hinzu: Durch das Schichten des Glases bei unterschiedlichen Temperaturen entsteht eine nat\u00fcrliche Reaktion, die feine Luftblasen innerhalb des St\u00fccks erzeugt.<\/p>\n<p data-start=\"751\" data-end=\"859\">Das Ergebnis ist eine einzigartige Vase, die klassische Eleganz mit zeitgen\u00f6ssischer Raffinesse verbindet.<\/p>\n<p data-start=\"861\" data-end=\"951\">Farben: Taupe, klar, Grau<br data-start=\"890\" data-end=\"893\" \/>Abmessungen: H 29 \u00d7 25 \u00d7 11 cm | 11,4\u201d \u00d7 9,8\u201d \u00d7 4,3\u201d<\/p>\n","protected":false},"featured_media":8653,"comment_status":"open","ping_status":"closed","template":"","meta":{"site-sidebar-layout":"default","site-content-layout":"default","ast-site-content-layout":"default","site-content-style":"default","site-sidebar-style":"default","ast-global-header-display":"","ast-banner-title-visibility":"","ast-main-header-display":"","ast-hfb-above-header-display":"","ast-hfb-below-header-display":"","ast-hfb-mobile-header-display":"","site-post-title":"","ast-breadcrumbs-content":"","ast-featured-img":"","footer-sml-layout":"","theme-transparent-header-meta":"default","adv-header-id-meta":"","stick-header-meta":"default","header-above-stick-meta":"","header-main-stick-meta":"","header-below-stick-meta":"","astra-migrate-meta-layouts":"default","ast-page-background-enabled":"default","ast-page-background-meta":{"desktop":{"background-color":"","background-image":"","background-repeat":"repeat","background-position":"center center","background-size":"auto","background-attachment":"scroll","background-type":"","background-media":"","overlay-type":"","overlay-color":"","overlay-gradient":""},"tablet":{"background-color":"","background-image":"","background-repeat":"repeat","background-position":"center center","background-size":"auto","background-attachment":"scroll","background-type":"","background-media":"","overlay-type":"","overlay-color":"","overlay-gradient":""},"mobile":{"background-color":"","background-image":"","background-repeat":"repeat","background-position":"center center","background-size":"auto","background-attachment":"scroll","background-type":"","background-media":"","overlay-type":"","overlay-color":"","overlay-gradient":""}},"ast-content-background-meta":{"desktop":{"background-color":"var(--ast-global-color-5)","background-image":"","background-repeat":"repeat","background-position":"center center","background-size":"auto","background-attachment":"scroll","background-type":"","background-media":"","overlay-type":"","overlay-color":"","overlay-gradient":""},"tablet":{"background-color":"var(--ast-global-color-5)","background-image":"","background-repeat":"repeat","background-position":"center center","background-size":"auto","background-attachment":"scroll","background-type":"","background-media":"","overlay-type":"","overlay-color":"","overlay-gradient":""},"mobile":{"background-color":"var(--ast-global-color-5)","background-image":"","background-repeat":"repeat","background-position":"center center","background-size":"auto","background-attachment":"scroll","background-type":"","background-media":"","overlay-type":"","overlay-color":"","overlay-gradient":""}}},"product_cat":[122],"product_tag":[648,842,593,236,488,681,645],"class_list":{"0":"post-8619","1":"product","2":"type-product","3":"status-publish","4":"has-post-thumbnail","6":"product_cat-vasen-de","7":"product_tag-eingetaucht","8":"product_tag-filigran","9":"product_tag-grau","10":"product_tag-modern-de","11":"product_tag-seguso-vetri-darte-de","12":"product_tag-taupe-de","13":"product_tag-transparent-de-2","14":"desktop-align-center","15":"tablet-align-center","16":"mobile-align-center","17":"ast-product-gallery-layout-horizontal","18":"ast-product-tabs-layout-horizontal","19":"ast-qv-on-image","21":"first","22":"instock","23":"downloadable","24":"sold-individually","25":"taxable","26":"shipping-taxable","27":"purchasable","28":"product-type-simple"},"_links":{"self":[{"href":"https:\/\/artglassmurano.com\/de\/wp-json\/wp\/v2\/product\/8619","targetHints":{"allow":["GET"]}}],"collection":[{"href":"https:\/\/artglassmurano.com\/de\/wp-json\/wp\/v2\/product"}],"about":[{"href":"https:\/\/artglassmurano.com\/de\/wp-json\/wp\/v2\/types\/product"}],"replies":[{"embeddable":true,"href":"https:\/\/artglassmurano.com\/de\/wp-json\/wp\/v2\/comments?post=8619"}],"wp:featuredmedia":[{"embeddable":true,"href":"https:\/\/artglassmurano.com\/de\/wp-json\/wp\/v2\/media\/8653"}],"wp:attachment":[{"href":"https:\/\/artglassmurano.com\/de\/wp-json\/wp\/v2\/media?parent=8619"}],"wp:term":[{"taxonomy":"product_cat","embeddable":true,"href":"https:\/\/artglassmurano.com\/de\/wp-json\/wp\/v2\/product_cat?post=8619"},{"taxonomy":"product_tag","embeddable":true,"href":"https:\/\/artglassmurano.com\/de\/wp-json\/wp\/v2\/product_tag?post=8619"}],"curies":[{"name":"wp","href":"https:\/\/api.w.org\/{rel}","templated":true}]}}