{"id":8461,"date":"2025-09-08T14:36:04","date_gmt":"2025-09-08T12:36:04","guid":{"rendered":"https:\/\/artglassmurano.com\/?post_type=product&#038;p=8461"},"modified":"2025-09-08T14:55:11","modified_gmt":"2025-09-08T12:55:11","slug":"transparenter-goldener-elefant-copy-2","status":"publish","type":"product","link":"https:\/\/artglassmurano.com\/de\/produkt\/transparenter-goldener-elefant-copy-2\/","title":{"rendered":"Kristallklarer Nashorn"},"content":{"rendered":"","protected":false},"excerpt":{"rendered":"<p data-start=\"128\" data-end=\"432\">Verleihen Sie Ihrem Zuhause einen Hauch exotischer Eleganz mit dieser au\u00dfergew\u00f6hnlichen, einzigartigen Nashorn-Skulptur, meisterhaft von Hand aus kristallklarem Murano-Glas gefertigt. Eingetauchtes irisierendes Gold und feine Luftblasen bereichern das Kunstwerk und verleihen ihm Tiefe und Strahlkraft.<\/p>\n<p data-start=\"434\" data-end=\"865\">Glasfiguren von Tieren sind seit jeher ein gesch\u00e4tztes Thema in der Murano-Kunst, neu interpretiert von Meisterglasbl\u00e4sern, um in jeder Kurve Lebendigkeit und Leuchtkraft einzufangen. In dieser Skulptur erzeugt das Zusammenspiel von Transparenz und schimmerndem Gold ein beeindruckendes, sich st\u00e4ndig wandelndes Leuchten. Detailreich und elegant, ist sie ein faszinierendes Statement-St\u00fcck f\u00fcr Konsole, Esstisch oder B\u00fccherregal.<\/p>\n<p data-start=\"867\" data-end=\"957\">Farbe: klar, irisierendes Gold<br data-start=\"901\" data-end=\"904\" \/>Ma\u00dfe: H 19 \u00d7 40 \u00d7 16 cm \u2014 7,5 \u00d7 15,7 \u00d7 6,3 Zoll<\/p>\n","protected":false},"featured_media":8471,"comment_status":"open","ping_status":"closed","template":"","meta":{"site-sidebar-layout":"default","site-content-layout":"default","ast-site-content-layout":"default","site-content-style":"default","site-sidebar-style":"default","ast-global-header-display":"","ast-banner-title-visibility":"","ast-main-header-display":"","ast-hfb-above-header-display":"","ast-hfb-below-header-display":"","ast-hfb-mobile-header-display":"","site-post-title":"","ast-breadcrumbs-content":"","ast-featured-img":"","footer-sml-layout":"","theme-transparent-header-meta":"default","adv-header-id-meta":"","stick-header-meta":"default","header-above-stick-meta":"","header-main-stick-meta":"","header-below-stick-meta":"","astra-migrate-meta-layouts":"default","ast-page-background-enabled":"default","ast-page-background-meta":{"desktop":{"background-color":"","background-image":"","background-repeat":"repeat","background-position":"center center","background-size":"auto","background-attachment":"scroll","background-type":"","background-media":"","overlay-type":"","overlay-color":"","overlay-gradient":""},"tablet":{"background-color":"","background-image":"","background-repeat":"repeat","background-position":"center center","background-size":"auto","background-attachment":"scroll","background-type":"","background-media":"","overlay-type":"","overlay-color":"","overlay-gradient":""},"mobile":{"background-color":"","background-image":"","background-repeat":"repeat","background-position":"center center","background-size":"auto","background-attachment":"scroll","background-type":"","background-media":"","overlay-type":"","overlay-color":"","overlay-gradient":""}},"ast-content-background-meta":{"desktop":{"background-color":"var(--ast-global-color-5)","background-image":"","background-repeat":"repeat","background-position":"center center","background-size":"auto","background-attachment":"scroll","background-type":"","background-media":"","overlay-type":"","overlay-color":"","overlay-gradient":""},"tablet":{"background-color":"var(--ast-global-color-5)","background-image":"","background-repeat":"repeat","background-position":"center center","background-size":"auto","background-attachment":"scroll","background-type":"","background-media":"","overlay-type":"","overlay-color":"","overlay-gradient":""},"mobile":{"background-color":"var(--ast-global-color-5)","background-image":"","background-repeat":"repeat","background-position":"center center","background-size":"auto","background-attachment":"scroll","background-type":"","background-media":"","overlay-type":"","overlay-color":"","overlay-gradient":""}}},"product_cat":[273],"product_tag":[648,818,810,834,488,645],"class_list":{"0":"post-8461","1":"product","2":"type-product","3":"status-publish","4":"has-post-thumbnail","6":"product_cat-skulpturen","7":"product_tag-eingetaucht","8":"product_tag-exotisch","9":"product_tag-glastiere","10":"product_tag-irisierendes-gold","11":"product_tag-seguso-vetri-darte-de","12":"product_tag-transparent-de-2","13":"desktop-align-center","14":"tablet-align-center","15":"mobile-align-center","16":"ast-product-gallery-layout-horizontal","17":"ast-product-tabs-layout-horizontal","18":"ast-qv-on-image","20":"first","21":"instock","22":"downloadable","23":"sold-individually","24":"taxable","25":"shipping-taxable","26":"purchasable","27":"product-type-simple"},"_links":{"self":[{"href":"https:\/\/artglassmurano.com\/de\/wp-json\/wp\/v2\/product\/8461","targetHints":{"allow":["GET"]}}],"collection":[{"href":"https:\/\/artglassmurano.com\/de\/wp-json\/wp\/v2\/product"}],"about":[{"href":"https:\/\/artglassmurano.com\/de\/wp-json\/wp\/v2\/types\/product"}],"replies":[{"embeddable":true,"href":"https:\/\/artglassmurano.com\/de\/wp-json\/wp\/v2\/comments?post=8461"}],"wp:featuredmedia":[{"embeddable":true,"href":"https:\/\/artglassmurano.com\/de\/wp-json\/wp\/v2\/media\/8471"}],"wp:attachment":[{"href":"https:\/\/artglassmurano.com\/de\/wp-json\/wp\/v2\/media?parent=8461"}],"wp:term":[{"taxonomy":"product_cat","embeddable":true,"href":"https:\/\/artglassmurano.com\/de\/wp-json\/wp\/v2\/product_cat?post=8461"},{"taxonomy":"product_tag","embeddable":true,"href":"https:\/\/artglassmurano.com\/de\/wp-json\/wp\/v2\/product_tag?post=8461"}],"curies":[{"name":"wp","href":"https:\/\/api.w.org\/{rel}","templated":true}]}}