{"id":8261,"date":"2025-09-08T11:32:10","date_gmt":"2025-09-08T09:32:10","guid":{"rendered":"https:\/\/artglassmurano.com\/?post_type=product&#038;p=8261"},"modified":"2025-09-08T12:59:29","modified_gmt":"2025-09-08T10:59:29","slug":"craquele-bernstein-vase-copy-2","status":"publish","type":"product","link":"https:\/\/artglassmurano.com\/de\/produkt\/craquele-bernstein-vase-copy-2\/","title":{"rendered":"Kristallklarer Palmenbaum &#8211; tall"},"content":{"rendered":"","protected":false},"excerpt":{"rendered":"<p data-start=\"118\" data-end=\"641\">Bringen Sie einen Hauch exotischer Eleganz in Ihr Zuhause mit dieser atemberaubenden Dekopalme, die vollst\u00e4ndig von Hand aus Murano-Glas gefertigt ist.<br data-start=\"275\" data-end=\"278\" \/>Ihre kristallklaren Bl\u00e4tter entfalten sich sanft aus einem hohen, gerippten Stamm und ruhen auf einem strukturierten, runden Sockel, der das Spiel des Lichts besonders betont.<br data-start=\"453\" data-end=\"456\" \/>Perfekt als dekorativer Blickfang auf einer Konsole, dem Esstisch oder einem B\u00fccherregal.<br data-start=\"545\" data-end=\"548\" \/>Erh\u00e4ltlich in den Gr\u00f6\u00dfen gro\u00df, mittel und klein, um harmonische Kompositionen zu gestalten.<\/p>\n<p data-start=\"643\" data-end=\"716\">Farbe: klar, transparent<br data-start=\"671\" data-end=\"674\" \/>Ma\u00dfe: H 39 \u00d7 12 cm (15,3 \u00d7 4,7 Zoll)<\/p>\n","protected":false},"featured_media":8271,"comment_status":"open","ping_status":"closed","template":"","meta":{"site-sidebar-layout":"default","site-content-layout":"default","ast-site-content-layout":"default","site-content-style":"default","site-sidebar-style":"default","ast-global-header-display":"","ast-banner-title-visibility":"","ast-main-header-display":"","ast-hfb-above-header-display":"","ast-hfb-below-header-display":"","ast-hfb-mobile-header-display":"","site-post-title":"","ast-breadcrumbs-content":"","ast-featured-img":"","footer-sml-layout":"","theme-transparent-header-meta":"default","adv-header-id-meta":"","stick-header-meta":"default","header-above-stick-meta":"","header-main-stick-meta":"","header-below-stick-meta":"","astra-migrate-meta-layouts":"default","ast-page-background-enabled":"default","ast-page-background-meta":{"desktop":{"background-color":"","background-image":"","background-repeat":"repeat","background-position":"center center","background-size":"auto","background-attachment":"scroll","background-type":"","background-media":"","overlay-type":"","overlay-color":"","overlay-gradient":""},"tablet":{"background-color":"","background-image":"","background-repeat":"repeat","background-position":"center center","background-size":"auto","background-attachment":"scroll","background-type":"","background-media":"","overlay-type":"","overlay-color":"","overlay-gradient":""},"mobile":{"background-color":"","background-image":"","background-repeat":"repeat","background-position":"center center","background-size":"auto","background-attachment":"scroll","background-type":"","background-media":"","overlay-type":"","overlay-color":"","overlay-gradient":""}},"ast-content-background-meta":{"desktop":{"background-color":"var(--ast-global-color-5)","background-image":"","background-repeat":"repeat","background-position":"center center","background-size":"auto","background-attachment":"scroll","background-type":"","background-media":"","overlay-type":"","overlay-color":"","overlay-gradient":""},"tablet":{"background-color":"var(--ast-global-color-5)","background-image":"","background-repeat":"repeat","background-position":"center center","background-size":"auto","background-attachment":"scroll","background-type":"","background-media":"","overlay-type":"","overlay-color":"","overlay-gradient":""},"mobile":{"background-color":"var(--ast-global-color-5)","background-image":"","background-repeat":"repeat","background-position":"center center","background-size":"auto","background-attachment":"scroll","background-type":"","background-media":"","overlay-type":"","overlay-color":"","overlay-gradient":""}}},"product_cat":[266],"product_tag":[648,818,550,488,645,802],"class_list":{"0":"post-8261","1":"product","2":"type-product","3":"status-publish","4":"has-post-thumbnail","6":"product_cat-objekte","7":"product_tag-eingetaucht","8":"product_tag-exotisch","9":"product_tag-gerade-gerippt","10":"product_tag-seguso-vetri-darte-de","11":"product_tag-transparent-de-2","12":"product_tag-transparent-de-3","13":"desktop-align-center","14":"tablet-align-center","15":"mobile-align-center","16":"ast-product-gallery-layout-horizontal","17":"ast-product-tabs-layout-horizontal","18":"ast-qv-on-image","20":"first","21":"instock","22":"downloadable","23":"sold-individually","24":"taxable","25":"shipping-taxable","26":"purchasable","27":"product-type-simple"},"_links":{"self":[{"href":"https:\/\/artglassmurano.com\/de\/wp-json\/wp\/v2\/product\/8261","targetHints":{"allow":["GET"]}}],"collection":[{"href":"https:\/\/artglassmurano.com\/de\/wp-json\/wp\/v2\/product"}],"about":[{"href":"https:\/\/artglassmurano.com\/de\/wp-json\/wp\/v2\/types\/product"}],"replies":[{"embeddable":true,"href":"https:\/\/artglassmurano.com\/de\/wp-json\/wp\/v2\/comments?post=8261"}],"wp:featuredmedia":[{"embeddable":true,"href":"https:\/\/artglassmurano.com\/de\/wp-json\/wp\/v2\/media\/8271"}],"wp:attachment":[{"href":"https:\/\/artglassmurano.com\/de\/wp-json\/wp\/v2\/media?parent=8261"}],"wp:term":[{"taxonomy":"product_cat","embeddable":true,"href":"https:\/\/artglassmurano.com\/de\/wp-json\/wp\/v2\/product_cat?post=8261"},{"taxonomy":"product_tag","embeddable":true,"href":"https:\/\/artglassmurano.com\/de\/wp-json\/wp\/v2\/product_tag?post=8261"}],"curies":[{"name":"wp","href":"https:\/\/api.w.org\/{rel}","templated":true}]}}