{"id":7568,"date":"2025-06-09T16:54:52","date_gmt":"2025-06-09T14:54:52","guid":{"rendered":"https:\/\/artglassmurano.com\/?post_type=product&#038;p=7568"},"modified":"2025-07-04T11:21:44","modified_gmt":"2025-07-04T09:21:44","slug":"craquele-bernstein-vase-copy-copy-copy-copy-copy-copy-copy-copy-copy-copy-copy-copy-copy-copy-copy","status":"publish","type":"product","link":"https:\/\/artglassmurano.com\/de\/produkt\/craquele-bernstein-vase-copy-copy-copy-copy-copy-copy-copy-copy-copy-copy-copy-copy-copy-copy-copy\/","title":{"rendered":"Craquel\u00e9 Aquamarin Vase"},"content":{"rendered":"","protected":false},"excerpt":{"rendered":"<p>Die Craquel\u00e9-Kollektion verbindet die typische mehrlagige Sommerso-Glastechnik von Seguso, Gewinner des Compasso d\u2019Oro im Jahr 1954, mit dem Craquel\u00e9-Effekt. Dieser wird erzielt, indem das gl\u00fchende Glas in kaltes Wasser getaucht wird, wodurch eine einzigartige Oberfl\u00e4chenstruktur entsteht, die jedes St\u00fcck zu einem Unikat macht.<\/p>\n<p data-start=\"51\" data-end=\"151\">Diese Vase zeigt eine aqua-farbene Schicht, die von einer Rubin-Schicht und klarem Glas umgeben ist.<\/p>\n<p data-start=\"153\" data-end=\"236\" data-is-last-node=\"\" data-is-only-node=\"\">Farben: aqua, rubin, kristallklar.<br data-start=\"187\" data-end=\"190\" \/>Ma\u00dfe: H 29 cm x 19 x 9<br data-start=\"212\" data-end=\"215\" data-is-only-node=\"\" \/>H 11,5\u201d x 7,5\u201d x 3,5\u201d<\/p>\n","protected":false},"featured_media":7578,"comment_status":"open","ping_status":"closed","template":"","meta":{"site-sidebar-layout":"default","site-content-layout":"default","ast-site-content-layout":"default","site-content-style":"default","site-sidebar-style":"default","ast-global-header-display":"","ast-banner-title-visibility":"","ast-main-header-display":"","ast-hfb-above-header-display":"","ast-hfb-below-header-display":"","ast-hfb-mobile-header-display":"","site-post-title":"","ast-breadcrumbs-content":"","ast-featured-img":"","footer-sml-layout":"","theme-transparent-header-meta":"default","adv-header-id-meta":"","stick-header-meta":"default","header-above-stick-meta":"","header-main-stick-meta":"","header-below-stick-meta":"","astra-migrate-meta-layouts":"default","ast-page-background-enabled":"default","ast-page-background-meta":{"desktop":{"background-color":"","background-image":"","background-repeat":"repeat","background-position":"center center","background-size":"auto","background-attachment":"scroll","background-type":"","background-media":"","overlay-type":"","overlay-color":"","overlay-gradient":""},"tablet":{"background-color":"","background-image":"","background-repeat":"repeat","background-position":"center center","background-size":"auto","background-attachment":"scroll","background-type":"","background-media":"","overlay-type":"","overlay-color":"","overlay-gradient":""},"mobile":{"background-color":"","background-image":"","background-repeat":"repeat","background-position":"center center","background-size":"auto","background-attachment":"scroll","background-type":"","background-media":"","overlay-type":"","overlay-color":"","overlay-gradient":""}},"ast-content-background-meta":{"desktop":{"background-color":"var(--ast-global-color-5)","background-image":"","background-repeat":"repeat","background-position":"center center","background-size":"auto","background-attachment":"scroll","background-type":"","background-media":"","overlay-type":"","overlay-color":"","overlay-gradient":""},"tablet":{"background-color":"var(--ast-global-color-5)","background-image":"","background-repeat":"repeat","background-position":"center center","background-size":"auto","background-attachment":"scroll","background-type":"","background-media":"","overlay-type":"","overlay-color":"","overlay-gradient":""},"mobile":{"background-color":"var(--ast-global-color-5)","background-image":"","background-repeat":"repeat","background-position":"center center","background-size":"auto","background-attachment":"scroll","background-type":"","background-media":"","overlay-type":"","overlay-color":"","overlay-gradient":""}}},"product_cat":[122],"product_tag":[729,648,236,765,488,645,644],"class_list":{"0":"post-7568","1":"product","2":"type-product","3":"status-publish","4":"has-post-thumbnail","6":"product_cat-vasen-de","7":"product_tag-craquele-de","8":"product_tag-eingetaucht","9":"product_tag-modern-de","10":"product_tag-rubin","11":"product_tag-seguso-vetri-darte-de","12":"product_tag-transparent-de-2","13":"product_tag-wasserblau","14":"desktop-align-center","15":"tablet-align-center","16":"mobile-align-center","17":"ast-product-gallery-layout-horizontal","18":"ast-product-tabs-layout-horizontal","19":"ast-qv-on-image","21":"first","22":"outofstock","23":"downloadable","24":"sold-individually","25":"taxable","26":"shipping-taxable","27":"purchasable","28":"product-type-simple"},"_links":{"self":[{"href":"https:\/\/artglassmurano.com\/de\/wp-json\/wp\/v2\/product\/7568","targetHints":{"allow":["GET"]}}],"collection":[{"href":"https:\/\/artglassmurano.com\/de\/wp-json\/wp\/v2\/product"}],"about":[{"href":"https:\/\/artglassmurano.com\/de\/wp-json\/wp\/v2\/types\/product"}],"replies":[{"embeddable":true,"href":"https:\/\/artglassmurano.com\/de\/wp-json\/wp\/v2\/comments?post=7568"}],"wp:featuredmedia":[{"embeddable":true,"href":"https:\/\/artglassmurano.com\/de\/wp-json\/wp\/v2\/media\/7578"}],"wp:attachment":[{"href":"https:\/\/artglassmurano.com\/de\/wp-json\/wp\/v2\/media?parent=7568"}],"wp:term":[{"taxonomy":"product_cat","embeddable":true,"href":"https:\/\/artglassmurano.com\/de\/wp-json\/wp\/v2\/product_cat?post=7568"},{"taxonomy":"product_tag","embeddable":true,"href":"https:\/\/artglassmurano.com\/de\/wp-json\/wp\/v2\/product_tag?post=7568"}],"curies":[{"name":"wp","href":"https:\/\/api.w.org\/{rel}","templated":true}]}}