{"id":7335,"date":"2025-06-19T16:13:46","date_gmt":"2025-06-19T14:13:46","guid":{"rendered":"https:\/\/artglassmurano.com\/?post_type=product&#038;p=7335"},"modified":"2025-07-03T17:27:49","modified_gmt":"2025-07-03T15:27:49","slug":"craquele-bernstein-vase-copy-copy-copy-copy-copy-copy-copy-copy-copy-copy","status":"publish","type":"product","link":"https:\/\/artglassmurano.com\/de\/produkt\/craquele-bernstein-vase-copy-copy-copy-copy-copy-copy-copy-copy-copy-copy\/","title":{"rendered":"Craquel\u00e9 Amethyst Vase"},"content":{"rendered":"","protected":false},"excerpt":{"rendered":"<p>Die Craquel\u00e9-Kollektion verbindet die typische mehrlagige Sommerso-Glastechnik von Seguso, Gewinner des Compasso d\u2019Oro im Jahr 1954, mit dem Craquel\u00e9-Effekt. Dieser wird erzielt, indem das gl\u00fchende Glas in kaltes Wasser getaucht wird, wodurch eine einzigartige Oberfl\u00e4chenstruktur entsteht, die jedes St\u00fcck zu einem Unikat macht.<\/p>\n<p data-start=\"38\" data-end=\"140\">Diese Vase zeigt eine klare Amethyst-Schicht, eingetaucht in eine kalte gelbe Schicht und klares Glas.<\/p>\n<p data-start=\"142\" data-end=\"236\" data-is-last-node=\"\" data-is-only-node=\"\">Farben: klare Amethyst, kaltes Gelb, kristallklar.<br data-start=\"192\" data-end=\"195\" \/>Ma\u00dfe: H 23 cm x 20 x 9,5 \/ H 9\u201d x 8\u201d x 4\u201d<\/p>\n","protected":false},"featured_media":7345,"comment_status":"open","ping_status":"closed","template":"","meta":{"site-sidebar-layout":"default","site-content-layout":"default","ast-site-content-layout":"default","site-content-style":"default","site-sidebar-style":"default","ast-global-header-display":"","ast-banner-title-visibility":"","ast-main-header-display":"","ast-hfb-above-header-display":"","ast-hfb-below-header-display":"","ast-hfb-mobile-header-display":"","site-post-title":"","ast-breadcrumbs-content":"","ast-featured-img":"","footer-sml-layout":"","theme-transparent-header-meta":"default","adv-header-id-meta":"","stick-header-meta":"default","header-above-stick-meta":"","header-main-stick-meta":"","header-below-stick-meta":"","astra-migrate-meta-layouts":"default","ast-page-background-enabled":"default","ast-page-background-meta":{"desktop":{"background-color":"","background-image":"","background-repeat":"repeat","background-position":"center center","background-size":"auto","background-attachment":"scroll","background-type":"","background-media":"","overlay-type":"","overlay-color":"","overlay-gradient":""},"tablet":{"background-color":"","background-image":"","background-repeat":"repeat","background-position":"center center","background-size":"auto","background-attachment":"scroll","background-type":"","background-media":"","overlay-type":"","overlay-color":"","overlay-gradient":""},"mobile":{"background-color":"","background-image":"","background-repeat":"repeat","background-position":"center center","background-size":"auto","background-attachment":"scroll","background-type":"","background-media":"","overlay-type":"","overlay-color":"","overlay-gradient":""}},"ast-content-background-meta":{"desktop":{"background-color":"var(--ast-global-color-5)","background-image":"","background-repeat":"repeat","background-position":"center center","background-size":"auto","background-attachment":"scroll","background-type":"","background-media":"","overlay-type":"","overlay-color":"","overlay-gradient":""},"tablet":{"background-color":"var(--ast-global-color-5)","background-image":"","background-repeat":"repeat","background-position":"center center","background-size":"auto","background-attachment":"scroll","background-type":"","background-media":"","overlay-type":"","overlay-color":"","overlay-gradient":""},"mobile":{"background-color":"var(--ast-global-color-5)","background-image":"","background-repeat":"repeat","background-position":"center center","background-size":"auto","background-attachment":"scroll","background-type":"","background-media":"","overlay-type":"","overlay-color":"","overlay-gradient":""}}},"product_cat":[122],"product_tag":[138,729,648,740,236,488,645],"class_list":{"0":"post-7335","1":"product","2":"type-product","3":"status-publish","4":"has-post-thumbnail","6":"product_cat-vasen-de","7":"product_tag-amethyst-de","8":"product_tag-craquele-de","9":"product_tag-eingetaucht","10":"product_tag-gelbe","11":"product_tag-modern-de","12":"product_tag-seguso-vetri-darte-de","13":"product_tag-transparent-de-2","14":"desktop-align-center","15":"tablet-align-center","16":"mobile-align-center","17":"ast-product-gallery-layout-horizontal","18":"ast-product-tabs-layout-horizontal","19":"ast-qv-on-image","21":"first","22":"instock","23":"downloadable","24":"sold-individually","25":"taxable","26":"shipping-taxable","27":"purchasable","28":"product-type-simple"},"_links":{"self":[{"href":"https:\/\/artglassmurano.com\/de\/wp-json\/wp\/v2\/product\/7335","targetHints":{"allow":["GET"]}}],"collection":[{"href":"https:\/\/artglassmurano.com\/de\/wp-json\/wp\/v2\/product"}],"about":[{"href":"https:\/\/artglassmurano.com\/de\/wp-json\/wp\/v2\/types\/product"}],"replies":[{"embeddable":true,"href":"https:\/\/artglassmurano.com\/de\/wp-json\/wp\/v2\/comments?post=7335"}],"wp:featuredmedia":[{"embeddable":true,"href":"https:\/\/artglassmurano.com\/de\/wp-json\/wp\/v2\/media\/7345"}],"wp:attachment":[{"href":"https:\/\/artglassmurano.com\/de\/wp-json\/wp\/v2\/media?parent=7335"}],"wp:term":[{"taxonomy":"product_cat","embeddable":true,"href":"https:\/\/artglassmurano.com\/de\/wp-json\/wp\/v2\/product_cat?post=7335"},{"taxonomy":"product_tag","embeddable":true,"href":"https:\/\/artglassmurano.com\/de\/wp-json\/wp\/v2\/product_tag?post=7335"}],"curies":[{"name":"wp","href":"https:\/\/api.w.org\/{rel}","templated":true}]}}