{"id":7119,"date":"2025-06-25T14:57:01","date_gmt":"2025-06-25T12:57:01","guid":{"rendered":"https:\/\/artglassmurano.com\/?post_type=product&#038;p=7119"},"modified":"2025-07-03T14:25:28","modified_gmt":"2025-07-03T12:25:28","slug":"craquele-bernstein-vase-copy-copy-copy-copy-copy-copy","status":"publish","type":"product","link":"https:\/\/artglassmurano.com\/de\/produkt\/craquele-bernstein-vase-copy-copy-copy-copy-copy-copy\/","title":{"rendered":"Craquel\u00e9 gelbe Vase"},"content":{"rendered":"","protected":false},"excerpt":{"rendered":"<p>Die Craquel\u00e9-Kollektion verbindet die typische mehrlagige Sommerso-Glastechnik von Seguso, Gewinner des Compasso d\u2019Oro im Jahr 1954, mit dem Craquel\u00e9-Effekt. Dieser wird erzielt, indem das gl\u00fchende Glas in kaltes Wasser getaucht wird, wodurch eine einzigartige Oberfl\u00e4chenstruktur entsteht, die jedes St\u00fcck zu einem Unikat macht.<\/p>\n<p data-start=\"37\" data-end=\"164\">Diese Vase zeigt eine wei\u00dfe Schicht, die von undurchsichtigem Gelb umh\u00fcllt ist, unter einer nordgr\u00fcnen Schicht und klarem Glas.<\/p>\n<p data-start=\"166\" data-end=\"247\" data-is-last-node=\"\" data-is-only-node=\"\">Farben: Gelb, Nordgr\u00fcn, kristallklar.<br data-start=\"203\" data-end=\"206\" \/>Ma\u00dfe: H 20 cm x 20 x 9 \/ H 8\u201d x 8\u201d x 3,5\u201d<\/p>\n","protected":false},"featured_media":7129,"comment_status":"open","ping_status":"closed","template":"","meta":{"site-sidebar-layout":"default","site-content-layout":"default","ast-site-content-layout":"default","site-content-style":"default","site-sidebar-style":"default","ast-global-header-display":"","ast-banner-title-visibility":"","ast-main-header-display":"","ast-hfb-above-header-display":"","ast-hfb-below-header-display":"","ast-hfb-mobile-header-display":"","site-post-title":"","ast-breadcrumbs-content":"","ast-featured-img":"","footer-sml-layout":"","theme-transparent-header-meta":"default","adv-header-id-meta":"","stick-header-meta":"default","header-above-stick-meta":"","header-main-stick-meta":"","header-below-stick-meta":"","astra-migrate-meta-layouts":"default","ast-page-background-enabled":"default","ast-page-background-meta":{"desktop":{"background-color":"","background-image":"","background-repeat":"repeat","background-position":"center center","background-size":"auto","background-attachment":"scroll","background-type":"","background-media":"","overlay-type":"","overlay-color":"","overlay-gradient":""},"tablet":{"background-color":"","background-image":"","background-repeat":"repeat","background-position":"center center","background-size":"auto","background-attachment":"scroll","background-type":"","background-media":"","overlay-type":"","overlay-color":"","overlay-gradient":""},"mobile":{"background-color":"","background-image":"","background-repeat":"repeat","background-position":"center center","background-size":"auto","background-attachment":"scroll","background-type":"","background-media":"","overlay-type":"","overlay-color":"","overlay-gradient":""}},"ast-content-background-meta":{"desktop":{"background-color":"var(--ast-global-color-5)","background-image":"","background-repeat":"repeat","background-position":"center center","background-size":"auto","background-attachment":"scroll","background-type":"","background-media":"","overlay-type":"","overlay-color":"","overlay-gradient":""},"tablet":{"background-color":"var(--ast-global-color-5)","background-image":"","background-repeat":"repeat","background-position":"center center","background-size":"auto","background-attachment":"scroll","background-type":"","background-media":"","overlay-type":"","overlay-color":"","overlay-gradient":""},"mobile":{"background-color":"var(--ast-global-color-5)","background-image":"","background-repeat":"repeat","background-position":"center center","background-size":"auto","background-attachment":"scroll","background-type":"","background-media":"","overlay-type":"","overlay-color":"","overlay-gradient":""}}},"product_cat":[122],"product_tag":[729,648,740,159,236,488,645,779],"class_list":{"0":"post-7119","1":"product","2":"type-product","3":"status-publish","4":"has-post-thumbnail","6":"product_cat-vasen-de","7":"product_tag-craquele-de","8":"product_tag-eingetaucht","9":"product_tag-gelbe","10":"product_tag-grun","11":"product_tag-modern-de","12":"product_tag-seguso-vetri-darte-de","13":"product_tag-transparent-de-2","14":"product_tag-umhullt","15":"desktop-align-center","16":"tablet-align-center","17":"mobile-align-center","18":"ast-product-gallery-layout-horizontal","19":"ast-product-tabs-layout-horizontal","20":"ast-qv-on-image","22":"first","23":"instock","24":"downloadable","25":"sold-individually","26":"taxable","27":"shipping-taxable","28":"purchasable","29":"product-type-simple"},"_links":{"self":[{"href":"https:\/\/artglassmurano.com\/de\/wp-json\/wp\/v2\/product\/7119","targetHints":{"allow":["GET"]}}],"collection":[{"href":"https:\/\/artglassmurano.com\/de\/wp-json\/wp\/v2\/product"}],"about":[{"href":"https:\/\/artglassmurano.com\/de\/wp-json\/wp\/v2\/types\/product"}],"replies":[{"embeddable":true,"href":"https:\/\/artglassmurano.com\/de\/wp-json\/wp\/v2\/comments?post=7119"}],"wp:featuredmedia":[{"embeddable":true,"href":"https:\/\/artglassmurano.com\/de\/wp-json\/wp\/v2\/media\/7129"}],"wp:attachment":[{"href":"https:\/\/artglassmurano.com\/de\/wp-json\/wp\/v2\/media?parent=7119"}],"wp:term":[{"taxonomy":"product_cat","embeddable":true,"href":"https:\/\/artglassmurano.com\/de\/wp-json\/wp\/v2\/product_cat?post=7119"},{"taxonomy":"product_tag","embeddable":true,"href":"https:\/\/artglassmurano.com\/de\/wp-json\/wp\/v2\/product_tag?post=7119"}],"curies":[{"name":"wp","href":"https:\/\/api.w.org\/{rel}","templated":true}]}}