{"id":6732,"date":"2025-06-12T17:38:49","date_gmt":"2025-06-12T15:38:49","guid":{"rendered":"https:\/\/artglassmurano.com\/?post_type=product&#038;p=6732"},"modified":"2025-06-13T10:28:53","modified_gmt":"2025-06-13T08:28:53","slug":"grune-vase-grate-seguso-viro-copy-2","status":"publish","type":"product","link":"https:\/\/artglassmurano.com\/de\/produkt\/grune-vase-grate-seguso-viro-copy-2\/","title":{"rendered":"Bernsteinfarbene Craquel\u00e9-Vase"},"content":{"rendered":"","protected":false},"excerpt":{"rendered":"<p data-start=\"45\" data-end=\"461\">Dieses Objekt ist Teil der Craquel\u00e8-Kollektion von Seguso Vetri D&#8217;Arte (2025). Hergestellt aus mundgeblasenem bernsteinfarbenem, gr\u00fcnem und klarem Glas, zeigt es eine zeitgen\u00f6ssische Interpretation der traditionellen Sommerso-Technik. Die rissige Oberfl\u00e4che entsteht durch das Eintauchen des hei\u00dfen Glases in eiskaltes Wasser, wodurch eine einzigartige Textur entsteht, die jedes St\u00fcck zu einem Unikat macht.<\/p>\n<p data-start=\"463\" data-end=\"535\">Farben: Bernstein, Gr\u00fcn, Klar<br data-start=\"496\" data-end=\"499\" \/>Ma\u00dfe: H 21\u00d720\u00d710 cm (8\u00d78\u00d74 Zoll)<\/p>\n","protected":false},"featured_media":6742,"comment_status":"open","ping_status":"closed","template":"","meta":{"site-sidebar-layout":"default","site-content-layout":"default","ast-site-content-layout":"default","site-content-style":"default","site-sidebar-style":"default","ast-global-header-display":"","ast-banner-title-visibility":"","ast-main-header-display":"","ast-hfb-above-header-display":"","ast-hfb-below-header-display":"","ast-hfb-mobile-header-display":"","site-post-title":"","ast-breadcrumbs-content":"","ast-featured-img":"","footer-sml-layout":"","theme-transparent-header-meta":"default","adv-header-id-meta":"","stick-header-meta":"default","header-above-stick-meta":"","header-main-stick-meta":"","header-below-stick-meta":"","astra-migrate-meta-layouts":"default","ast-page-background-enabled":"default","ast-page-background-meta":{"desktop":{"background-color":"","background-image":"","background-repeat":"repeat","background-position":"center center","background-size":"auto","background-attachment":"scroll","background-type":"","background-media":"","overlay-type":"","overlay-color":"","overlay-gradient":""},"tablet":{"background-color":"","background-image":"","background-repeat":"repeat","background-position":"center center","background-size":"auto","background-attachment":"scroll","background-type":"","background-media":"","overlay-type":"","overlay-color":"","overlay-gradient":""},"mobile":{"background-color":"","background-image":"","background-repeat":"repeat","background-position":"center center","background-size":"auto","background-attachment":"scroll","background-type":"","background-media":"","overlay-type":"","overlay-color":"","overlay-gradient":""}},"ast-content-background-meta":{"desktop":{"background-color":"var(--ast-global-color-5)","background-image":"","background-repeat":"repeat","background-position":"center center","background-size":"auto","background-attachment":"scroll","background-type":"","background-media":"","overlay-type":"","overlay-color":"","overlay-gradient":""},"tablet":{"background-color":"var(--ast-global-color-5)","background-image":"","background-repeat":"repeat","background-position":"center center","background-size":"auto","background-attachment":"scroll","background-type":"","background-media":"","overlay-type":"","overlay-color":"","overlay-gradient":""},"mobile":{"background-color":"var(--ast-global-color-5)","background-image":"","background-repeat":"repeat","background-position":"center center","background-size":"auto","background-attachment":"scroll","background-type":"","background-media":"","overlay-type":"","overlay-color":"","overlay-gradient":""}}},"product_cat":[122],"product_tag":[514,729,648,730,159,236,488,645],"class_list":{"0":"post-6732","1":"product","2":"type-product","3":"status-publish","4":"has-post-thumbnail","6":"product_cat-vasen-de","7":"product_tag-bernstein","8":"product_tag-craquele-de","9":"product_tag-eingetaucht","10":"product_tag-eisrissglas","11":"product_tag-grun","12":"product_tag-modern-de","13":"product_tag-seguso-vetri-darte-de","14":"product_tag-transparent-de-2","15":"desktop-align-center","16":"tablet-align-center","17":"mobile-align-center","18":"ast-product-gallery-layout-horizontal","19":"ast-product-tabs-layout-horizontal","20":"ast-qv-on-image","22":"first","23":"instock","24":"sold-individually","25":"taxable","26":"shipping-taxable","27":"purchasable","28":"product-type-simple"},"_links":{"self":[{"href":"https:\/\/artglassmurano.com\/de\/wp-json\/wp\/v2\/product\/6732","targetHints":{"allow":["GET"]}}],"collection":[{"href":"https:\/\/artglassmurano.com\/de\/wp-json\/wp\/v2\/product"}],"about":[{"href":"https:\/\/artglassmurano.com\/de\/wp-json\/wp\/v2\/types\/product"}],"replies":[{"embeddable":true,"href":"https:\/\/artglassmurano.com\/de\/wp-json\/wp\/v2\/comments?post=6732"}],"wp:featuredmedia":[{"embeddable":true,"href":"https:\/\/artglassmurano.com\/de\/wp-json\/wp\/v2\/media\/6742"}],"wp:attachment":[{"href":"https:\/\/artglassmurano.com\/de\/wp-json\/wp\/v2\/media?parent=6732"}],"wp:term":[{"taxonomy":"product_cat","embeddable":true,"href":"https:\/\/artglassmurano.com\/de\/wp-json\/wp\/v2\/product_cat?post=6732"},{"taxonomy":"product_tag","embeddable":true,"href":"https:\/\/artglassmurano.com\/de\/wp-json\/wp\/v2\/product_tag?post=6732"}],"curies":[{"name":"wp","href":"https:\/\/api.w.org\/{rel}","templated":true}]}}