{"id":6637,"date":"2025-05-20T15:30:21","date_gmt":"2025-05-20T13:30:21","guid":{"rendered":"https:\/\/artglassmurano.com\/?post_type=product&#038;p=6637"},"modified":"2025-05-20T17:19:46","modified_gmt":"2025-05-20T15:19:46","slug":"perla-tischlampe-in-taupe-copy","status":"publish","type":"product","link":"https:\/\/artglassmurano.com\/de\/produkt\/perla-tischlampe-in-taupe-copy\/","title":{"rendered":"Barena Tischlampe, spiegelklar"},"content":{"rendered":"","protected":false},"excerpt":{"rendered":"<p>Barena Murano-Glas-Tischlampe von Seguso Vetri d\u2019Arte. Handgefertigt aus mundgeblasenem Murano-Glas, besitzt sie eine skulpturale und organische Form. Das klare und spiegelnde Glas der Lampe wird durch kleine Einschl\u00fcsse aus schwarzem Glas akzentuiert, was der Lampe ein modernes und einzigartiges Design verleiht. Der Sockel besteht aus schwarzem Marmor. Erh\u00e4ltlich mit einem schwarzen oder wei\u00dfen Lampenschirm nach Wahl. F\u00fcr zwei Standardlampen geeignet und mit europ\u00e4ischer Verkabelung ausgestattet.<\/p>\n<p>Farbe: spiegelklar, schwarz<br \/>\nAbmessungen: \u00d8 40 cm x H 84 cm (\u00d8 16&#8243; x H 33&#8243;)<\/p>\n","protected":false},"featured_media":6655,"comment_status":"open","ping_status":"closed","template":"","meta":{"site-sidebar-layout":"default","site-content-layout":"default","ast-site-content-layout":"default","site-content-style":"default","site-sidebar-style":"default","ast-global-header-display":"","ast-banner-title-visibility":"","ast-main-header-display":"","ast-hfb-above-header-display":"","ast-hfb-below-header-display":"","ast-hfb-mobile-header-display":"","site-post-title":"","ast-breadcrumbs-content":"","ast-featured-img":"","footer-sml-layout":"","theme-transparent-header-meta":"default","adv-header-id-meta":"","stick-header-meta":"default","header-above-stick-meta":"","header-main-stick-meta":"","header-below-stick-meta":"","astra-migrate-meta-layouts":"default","ast-page-background-enabled":"default","ast-page-background-meta":{"desktop":{"background-color":"","background-image":"","background-repeat":"repeat","background-position":"center center","background-size":"auto","background-attachment":"scroll","background-type":"","background-media":"","overlay-type":"","overlay-color":"","overlay-gradient":""},"tablet":{"background-color":"","background-image":"","background-repeat":"repeat","background-position":"center center","background-size":"auto","background-attachment":"scroll","background-type":"","background-media":"","overlay-type":"","overlay-color":"","overlay-gradient":""},"mobile":{"background-color":"","background-image":"","background-repeat":"repeat","background-position":"center center","background-size":"auto","background-attachment":"scroll","background-type":"","background-media":"","overlay-type":"","overlay-color":"","overlay-gradient":""}},"ast-content-background-meta":{"desktop":{"background-color":"var(--ast-global-color-5)","background-image":"","background-repeat":"repeat","background-position":"center center","background-size":"auto","background-attachment":"scroll","background-type":"","background-media":"","overlay-type":"","overlay-color":"","overlay-gradient":""},"tablet":{"background-color":"var(--ast-global-color-5)","background-image":"","background-repeat":"repeat","background-position":"center center","background-size":"auto","background-attachment":"scroll","background-type":"","background-media":"","overlay-type":"","overlay-color":"","overlay-gradient":""},"mobile":{"background-color":"var(--ast-global-color-5)","background-image":"","background-repeat":"repeat","background-position":"center center","background-size":"auto","background-attachment":"scroll","background-type":"","background-media":"","overlay-type":"","overlay-color":"","overlay-gradient":""}}},"product_cat":[287],"product_tag":[700,701,702,488,645],"class_list":{"0":"post-6637","1":"product","2":"type-product","3":"status-publish","4":"has-post-thumbnail","6":"product_cat-lampen","7":"product_tag-barena-de","8":"product_tag-gespiegelt","9":"product_tag-schwarz","10":"product_tag-seguso-vetri-darte-de","11":"product_tag-transparent-de-2","12":"desktop-align-center","13":"tablet-align-center","14":"mobile-align-center","15":"ast-product-gallery-layout-horizontal","16":"ast-product-tabs-layout-horizontal","17":"ast-qv-on-image","19":"first","20":"instock","21":"sold-individually","22":"taxable","23":"shipping-taxable","24":"purchasable","25":"product-type-simple"},"_links":{"self":[{"href":"https:\/\/artglassmurano.com\/de\/wp-json\/wp\/v2\/product\/6637","targetHints":{"allow":["GET"]}}],"collection":[{"href":"https:\/\/artglassmurano.com\/de\/wp-json\/wp\/v2\/product"}],"about":[{"href":"https:\/\/artglassmurano.com\/de\/wp-json\/wp\/v2\/types\/product"}],"replies":[{"embeddable":true,"href":"https:\/\/artglassmurano.com\/de\/wp-json\/wp\/v2\/comments?post=6637"}],"wp:featuredmedia":[{"embeddable":true,"href":"https:\/\/artglassmurano.com\/de\/wp-json\/wp\/v2\/media\/6655"}],"wp:attachment":[{"href":"https:\/\/artglassmurano.com\/de\/wp-json\/wp\/v2\/media?parent=6637"}],"wp:term":[{"taxonomy":"product_cat","embeddable":true,"href":"https:\/\/artglassmurano.com\/de\/wp-json\/wp\/v2\/product_cat?post=6637"},{"taxonomy":"product_tag","embeddable":true,"href":"https:\/\/artglassmurano.com\/de\/wp-json\/wp\/v2\/product_tag?post=6637"}],"curies":[{"name":"wp","href":"https:\/\/api.w.org\/{rel}","templated":true}]}}