{"id":6008,"date":"2025-05-12T12:59:36","date_gmt":"2025-05-12T10:59:36","guid":{"rendered":"https:\/\/artglassmurano.com\/?post_type=product&#038;p=6008"},"modified":"2025-05-12T16:55:43","modified_gmt":"2025-05-12T14:55:43","slug":"tischlampe-aus-amber-mit-lanzenform-copy-copy-copy","status":"publish","type":"product","link":"https:\/\/artglassmurano.com\/de\/produkt\/tischlampe-aus-amber-mit-lanzenform-copy-copy-copy\/","title":{"rendered":"Marokkanische Tischlampe in Klargold"},"content":{"rendered":"","protected":false},"excerpt":{"rendered":"<p>Murano-Glas-Tischlampe von Seguso Vetri d\u2019Arte. Handgefertigt aus mundgeblasenem Klargoldglas, mit einem Schaft im marokkanischen Stil und einem ausgestellten Sockel. Der Schaft ist mit einem geradlinigen Rillenmuster verziert. Erh\u00e4ltlich mit einem Lampenschirm in Schwarz oder Wei\u00df. Geeignet f\u00fcr zwei Standard-Gl\u00fchbirnen und mit amerikanischer Verkabelung ausgestattet.<br data-start=\"370\" data-end=\"373\" \/>Farbe: Klargold<br data-start=\"388\" data-end=\"391\" \/>Ma\u00dfe: \u00d8 40 cm x H 63 cm \/ \u00d8 16&#8243; x H 25&#8243;<\/p>\n","protected":false},"featured_media":6018,"comment_status":"open","ping_status":"closed","template":"","meta":{"site-sidebar-layout":"default","site-content-layout":"default","ast-site-content-layout":"default","site-content-style":"default","site-sidebar-style":"default","ast-global-header-display":"","ast-banner-title-visibility":"","ast-main-header-display":"","ast-hfb-above-header-display":"","ast-hfb-below-header-display":"","ast-hfb-mobile-header-display":"","site-post-title":"","ast-breadcrumbs-content":"","ast-featured-img":"","footer-sml-layout":"","theme-transparent-header-meta":"default","adv-header-id-meta":"","stick-header-meta":"default","header-above-stick-meta":"","header-main-stick-meta":"","header-below-stick-meta":"","astra-migrate-meta-layouts":"default","ast-page-background-enabled":"default","ast-page-background-meta":{"desktop":{"background-color":"","background-image":"","background-repeat":"repeat","background-position":"center center","background-size":"auto","background-attachment":"scroll","background-type":"","background-media":"","overlay-type":"","overlay-color":"","overlay-gradient":""},"tablet":{"background-color":"","background-image":"","background-repeat":"repeat","background-position":"center center","background-size":"auto","background-attachment":"scroll","background-type":"","background-media":"","overlay-type":"","overlay-color":"","overlay-gradient":""},"mobile":{"background-color":"","background-image":"","background-repeat":"repeat","background-position":"center center","background-size":"auto","background-attachment":"scroll","background-type":"","background-media":"","overlay-type":"","overlay-color":"","overlay-gradient":""}},"ast-content-background-meta":{"desktop":{"background-color":"var(--ast-global-color-5)","background-image":"","background-repeat":"repeat","background-position":"center center","background-size":"auto","background-attachment":"scroll","background-type":"","background-media":"","overlay-type":"","overlay-color":"","overlay-gradient":""},"tablet":{"background-color":"var(--ast-global-color-5)","background-image":"","background-repeat":"repeat","background-position":"center center","background-size":"auto","background-attachment":"scroll","background-type":"","background-media":"","overlay-type":"","overlay-color":"","overlay-gradient":""},"mobile":{"background-color":"var(--ast-global-color-5)","background-image":"","background-repeat":"repeat","background-position":"center center","background-size":"auto","background-attachment":"scroll","background-type":"","background-media":"","overlay-type":"","overlay-color":"","overlay-gradient":""}}},"product_cat":[287],"product_tag":[550,515,551,488],"class_list":{"0":"post-6008","1":"product","2":"type-product","3":"status-publish","4":"has-post-thumbnail","6":"product_cat-lampen","7":"product_tag-gerade-gerippt","8":"product_tag-klares-gold","9":"product_tag-marokkanisch","10":"product_tag-seguso-vetri-darte-de","11":"desktop-align-center","12":"tablet-align-center","13":"mobile-align-center","14":"ast-product-gallery-layout-horizontal","15":"ast-product-tabs-layout-horizontal","16":"ast-qv-on-image","18":"first","19":"instock","20":"sold-individually","21":"taxable","22":"shipping-taxable","23":"purchasable","24":"product-type-simple"},"_links":{"self":[{"href":"https:\/\/artglassmurano.com\/de\/wp-json\/wp\/v2\/product\/6008","targetHints":{"allow":["GET"]}}],"collection":[{"href":"https:\/\/artglassmurano.com\/de\/wp-json\/wp\/v2\/product"}],"about":[{"href":"https:\/\/artglassmurano.com\/de\/wp-json\/wp\/v2\/types\/product"}],"replies":[{"embeddable":true,"href":"https:\/\/artglassmurano.com\/de\/wp-json\/wp\/v2\/comments?post=6008"}],"wp:featuredmedia":[{"embeddable":true,"href":"https:\/\/artglassmurano.com\/de\/wp-json\/wp\/v2\/media\/6018"}],"wp:attachment":[{"href":"https:\/\/artglassmurano.com\/de\/wp-json\/wp\/v2\/media?parent=6008"}],"wp:term":[{"taxonomy":"product_cat","embeddable":true,"href":"https:\/\/artglassmurano.com\/de\/wp-json\/wp\/v2\/product_cat?post=6008"},{"taxonomy":"product_tag","embeddable":true,"href":"https:\/\/artglassmurano.com\/de\/wp-json\/wp\/v2\/product_tag?post=6008"}],"curies":[{"name":"wp","href":"https:\/\/api.w.org\/{rel}","templated":true}]}}