{"id":1695,"date":"2022-09-19T15:52:07","date_gmt":"2022-09-19T13:52:07","guid":{"rendered":"https:\/\/artglassmurano.dtweb-dev.it\/product\/bovolo-vase-klar-gross\/"},"modified":"2022-09-19T15:52:07","modified_gmt":"2022-09-19T13:52:07","slug":"6002_g_c-bovolo-vase-clear-tall-2","status":"publish","type":"product","link":"https:\/\/artglassmurano.com\/de\/produkt\/6002_g_c-bovolo-vase-clear-tall-2\/","title":{"rendered":"Bovolo Vase Klar Gro\u00df"},"content":{"rendered":"","protected":false},"excerpt":{"rendered":"<p>Die Objekte dieser Kollektion beziehen ihre Eleganz aus der konzentrischen Filigranit\u00e4t: Die Linien folgen einander in regelm\u00e4\u00dfigen Abst\u00e4nden in unendlicher Bewegung. Die Wirkung ist die einer hypnotischen Spirale, die Sie v\u00f6llig gefangen nimmt. Die Einfachheit der Form ist mit diesem Design verziert und in einer lebendigen Farbpalette verewigt.<br \/>\nFarbe : Klar<br \/>\nAbmessungen: H 37 cm x 15&#215;11. &#8211; H 14.5&#8243;. x 5.9 &#8220;x4.3&#8221;<\/p>\n[video width=\"960\" height=\"540\" mp4=\"https:\/\/artglassmurano.com\/wp-content\/uploads\/2022\/09\/bovolo.mp4\"][\/video]\n","protected":false},"featured_media":1629,"comment_status":"open","ping_status":"closed","template":"","meta":{"site-sidebar-layout":"default","site-content-layout":"default","ast-site-content-layout":"","site-content-style":"default","site-sidebar-style":"default","ast-global-header-display":"","ast-banner-title-visibility":"","ast-main-header-display":"","ast-hfb-above-header-display":"","ast-hfb-below-header-display":"","ast-hfb-mobile-header-display":"","site-post-title":"","ast-breadcrumbs-content":"","ast-featured-img":"","footer-sml-layout":"","theme-transparent-header-meta":"default","adv-header-id-meta":"","stick-header-meta":"","header-above-stick-meta":"","header-main-stick-meta":"","header-below-stick-meta":"","astra-migrate-meta-layouts":"default","ast-page-background-enabled":"default","ast-page-background-meta":{"desktop":{"background-color":"","background-image":"","background-repeat":"repeat","background-position":"center center","background-size":"auto","background-attachment":"scroll","background-type":"","background-media":"","overlay-type":"","overlay-color":"","overlay-gradient":""},"tablet":{"background-color":"","background-image":"","background-repeat":"repeat","background-position":"center center","background-size":"auto","background-attachment":"scroll","background-type":"","background-media":"","overlay-type":"","overlay-color":"","overlay-gradient":""},"mobile":{"background-color":"","background-image":"","background-repeat":"repeat","background-position":"center center","background-size":"auto","background-attachment":"scroll","background-type":"","background-media":"","overlay-type":"","overlay-color":"","overlay-gradient":""}},"ast-content-background-meta":{"desktop":{"background-color":"var(--ast-global-color-5)","background-image":"","background-repeat":"repeat","background-position":"center center","background-size":"auto","background-attachment":"scroll","background-type":"","background-media":"","overlay-type":"","overlay-color":"","overlay-gradient":""},"tablet":{"background-color":"var(--ast-global-color-5)","background-image":"","background-repeat":"repeat","background-position":"center center","background-size":"auto","background-attachment":"scroll","background-type":"","background-media":"","overlay-type":"","overlay-color":"","overlay-gradient":""},"mobile":{"background-color":"var(--ast-global-color-5)","background-image":"","background-repeat":"repeat","background-position":"center center","background-size":"auto","background-attachment":"scroll","background-type":"","background-media":"","overlay-type":"","overlay-color":"","overlay-gradient":""}}},"product_cat":[122],"product_tag":[],"class_list":{"0":"post-1695","1":"product","2":"type-product","3":"status-publish","4":"has-post-thumbnail","6":"product_cat-vasen-de","7":"desktop-align-center","8":"tablet-align-center","9":"mobile-align-center","10":"ast-product-gallery-layout-horizontal","11":"ast-product-gallery-with-no-image","12":"ast-product-tabs-layout-horizontal","13":"ast-qv-on-image","15":"first","16":"instock","17":"taxable","18":"shipping-taxable","19":"purchasable","20":"product-type-simple"},"_links":{"self":[{"href":"https:\/\/artglassmurano.com\/de\/wp-json\/wp\/v2\/product\/1695","targetHints":{"allow":["GET"]}}],"collection":[{"href":"https:\/\/artglassmurano.com\/de\/wp-json\/wp\/v2\/product"}],"about":[{"href":"https:\/\/artglassmurano.com\/de\/wp-json\/wp\/v2\/types\/product"}],"replies":[{"embeddable":true,"href":"https:\/\/artglassmurano.com\/de\/wp-json\/wp\/v2\/comments?post=1695"}],"wp:featuredmedia":[{"embeddable":true,"href":"https:\/\/artglassmurano.com\/de\/wp-json\/wp\/v2\/media\/1629"}],"wp:attachment":[{"href":"https:\/\/artglassmurano.com\/de\/wp-json\/wp\/v2\/media?parent=1695"}],"wp:term":[{"taxonomy":"product_cat","embeddable":true,"href":"https:\/\/artglassmurano.com\/de\/wp-json\/wp\/v2\/product_cat?post=1695"},{"taxonomy":"product_tag","embeddable":true,"href":"https:\/\/artglassmurano.com\/de\/wp-json\/wp\/v2\/product_tag?post=1695"}],"curies":[{"name":"wp","href":"https:\/\/api.w.org\/{rel}","templated":true}]}}